{"id":3393,"date":"2014-12-11T13:48:36","date_gmt":"2014-12-11T12:48:36","guid":{"rendered":"http:\/\/www.undsgn.com\/uncode\/?page_id=3393"},"modified":"2024-01-27T21:31:59","modified_gmt":"2024-01-27T20:31:59","slug":"em32","status":"publish","type":"page","link":"https:\/\/www.earsonics.com\/in-ear-monitors\/em32\/","title":{"rendered":"EM32"},"content":{"rendered":"<div class=\"wpb-content-wrapper\"><p>[vc_row unlock_row_content=\u00a0\u00bbyes\u00a0\u00bb row_height_percent=\u00a0\u00bb80&Prime; override_padding=\u00a0\u00bbyes\u00a0\u00bb h_padding=\u00a0\u00bb0&Prime; top_padding=\u00a0\u00bb0&Prime; bottom_padding=\u00a0\u00bb0&Prime; back_color=\u00a0\u00bbcolor-170577&Prime; overlay_alpha=\u00a0\u00bb50&Prime; equal_height=\u00a0\u00bbyes\u00a0\u00bb gutter_size=\u00a0\u00bb3&Prime; shift_y=\u00a0\u00bb0&Prime;][vc_column column_width_percent=\u00a0\u00bb100&Prime; gutter_size=\u00a0\u00bb3&Prime; expand_height=\u00a0\u00bbyes\u00a0\u00bb style=\u00a0\u00bbdark\u00a0\u00bb overlay_alpha=\u00a0\u00bb50&Prime; shift_x=\u00a0\u00bb0&Prime; shift_y=\u00a0\u00bb0&Prime; z_index=\u00a0\u00bb0&Prime; medium_width=\u00a0\u00bb0&Prime; width=\u00a0\u00bb1\/1&Prime;][vc_row_inner row_inner_height_percent=\u00a0\u00bb0&Prime; overlay_alpha=\u00a0\u00bb50&Prime; equal_height=\u00a0\u00bbyes\u00a0\u00bb gutter_size=\u00a0\u00bb0&Prime; shift_y=\u00a0\u00bb0&Prime; limit_content=\u00a0\u00bb\u00a0\u00bb][vc_column_inner column_width_percent=\u00a0\u00bb100&Prime; position_vertical=\u00a0\u00bbmiddle\u00a0\u00bb align_horizontal=\u00a0\u00bbalign_center\u00a0\u00bb gutter_size=\u00a0\u00bb3&Prime; overlay_alpha=\u00a0\u00bb50&Prime; shift_x=\u00a0\u00bb0&Prime; shift_y=\u00a0\u00bb0&Prime; z_index=\u00a0\u00bb0&Prime; medium_width=\u00a0\u00bb0&Prime; width=\u00a0\u00bb1\/2&Prime; mobile_height=\u00a0\u00bb300&Prime;][vc_single_image media=\u00a0\u00bb49172&Prime; media_lightbox=\u00a0\u00bbyes\u00a0\u00bb media_width_percent=\u00a0\u00bb100&Prime; css_animation=\u00a0\u00bbtop-t-bottom\u00a0\u00bb animation_speed=\u00a0\u00bb600&Prime; animation_delay=\u00a0\u00bb300&Prime; lbox_skin=\u00a0\u00bbwhite\u00a0\u00bb][\/vc_column_inner][vc_column_inner column_width_percent=\u00a0\u00bb65&Prime; position_vertical=\u00a0\u00bbmiddle\u00a0\u00bb gutter_size=\u00a0\u00bb1&Prime; override_padding=\u00a0\u00bbyes\u00a0\u00bb column_padding=\u00a0\u00bb3&Prime; style=\u00a0\u00bblight\u00a0\u00bb overlay_alpha=\u00a0\u00bb50&Prime; shift_x=\u00a0\u00bb0&Prime; shift_y=\u00a0\u00bb0&Prime; z_index=\u00a0\u00bb0&Prime; align_medium=\u00a0\u00bbalign_center_tablet\u00a0\u00bb medium_width=\u00a0\u00bb0&Prime; align_mobile=\u00a0\u00bbalign_center_mobile\u00a0\u00bb width=\u00a0\u00bb1\/2&Prime;][vc_custom_heading heading_semantic=\u00a0\u00bbh1&Prime; text_size=\u00a0\u00bbfontsize-338686&Prime; text_weight=\u00a0\u00bb400&Prime; sub_reduced=\u00a0\u00bbyes\u00a0\u00bb css_animation=\u00a0\u00bbright-t-left\u00a0\u00bb animation_speed=\u00a0\u00bb600&Prime; animation_delay=\u00a0\u00bb300&Prime; text_align=\u00a0\u00bbtext-left\u00a0\u00bb]<span class=\"font-142280\">EM32<\/span>[\/vc_custom_heading][vc_custom_heading text_color=\u00a0\u00bbaccent\u00a0\u00bb text_size=\u00a0\u00bbh3&Prime;]3 WAY \/ 3 DRIVERS[\/vc_custom_heading][vc_column_text uncode_shortcode_id=\u00a0\u00bb351613&Prime;]Le r\u00e9sultat de 10 ans de R&amp;D en partenariat \u00e9troit avec les professionnels du spectacle.\u00a0La nouvelle g\u00e9n\u00e9ration et r\u00e9f\u00e9rence pour les plus exigeants.<\/p>\n<p><em><img decoding=\"async\" class=\"alignnone wp-image-49162 \" src=\"https:\/\/www.earsonics.com\/in-ear-monitors\/wp-content\/uploads\/congif-SM64.png\" alt=\"congif-sm64\" width=\"256\" height=\"128\" \/><\/em>[\/vc_column_text][vc_button button_color=\u00a0\u00bbaccent\u00a0\u00bb radius=\u00a0\u00bbbtn-round\u00a0\u00bb border_width=\u00a0\u00bb0&Prime; width=\u00a0\u00bb260&Prime; link=\u00a0\u00bburl:https%3A%2F%2Fwww.earsonics.com%2Fstore%2F|||\u00a0\u00bb button_color_type=\u00a0\u00bbuncode-palette\u00a0\u00bb icon=\u00a0\u00bbfa fa-shopping-cart\u00a0\u00bb uncode_shortcode_id=\u00a0\u00bb638373&Prime;]SHOP[\/vc_button][\/vc_column_inner][\/vc_row_inner][\/vc_column][\/vc_row][vc_row unlock_row_content=\u00a0\u00bbyes\u00a0\u00bb row_height_percent=\u00a0\u00bb30&Prime; override_padding=\u00a0\u00bbyes\u00a0\u00bb h_padding=\u00a0\u00bb0&Prime; top_padding=\u00a0\u00bb0&Prime; bottom_padding=\u00a0\u00bb0&Prime; overlay_alpha=\u00a0\u00bb50&Prime; gutter_size=\u00a0\u00bb0&Prime; shift_y=\u00a0\u00bb0&Prime; row_height_pixel=\u00a0\u00bb150&Prime;][vc_column column_width_percent=\u00a0\u00bb70&Prime; position_vertical=\u00a0\u00bbmiddle\u00a0\u00bb gutter_size=\u00a0\u00bb3&Prime; expand_height=\u00a0\u00bbyes\u00a0\u00bb back_color=\u00a0\u00bbcolor-gyho\u00a0\u00bb overlay_alpha=\u00a0\u00bb50&Prime; shift_x=\u00a0\u00bb0&Prime; shift_y=\u00a0\u00bb0&Prime; z_index=\u00a0\u00bb0&Prime; medium_width=\u00a0\u00bb0&Prime; width=\u00a0\u00bb6\/12&Prime;][vc_column_text]<\/p>\n<h3>DYNAMIQUE<\/h3>\n<p>Bas\u00e9 sur l\u2019architecture \u00e0 gros drivers qui a fait la renomm\u00e9e de notre gamme PRO, le EarSonics EM32 devient la nouvelle g\u00e9n\u00e9ration de ear monitor\u00a0taill\u00e9 pour le concert live. L\u2019EM32 offre ce qui se fait de mieux en terme de contr\u00f4le du spectre pour les signaux tr\u00e8s dynamiques.<\/p>\n<h3>SON<\/h3>\n<p>Un son \u00e9quilibr\u00e9 et naturel avec un infra-grave redoutable qui offre une sensation sonore hors du commun. Rigueur sur tout le spectre audio, contr\u00f4le de l\u2019agressivit\u00e9 et aigu tout en finesse sont les maitres mots qui caract\u00e9risent au mieux ce nouveau venu dans la gamme EarSonics. Le produit pour les utilisateurs ultra exigeants et adeptes du \u00ab\u00a0son\u00a0\u00bb.<\/p>\n<h3>R&amp;D<\/h3>\n<p>Notre d\u00e9partement R&amp;D a tout particuli\u00e8rement\u00a0travaill\u00e9, d\u2019une part sur l\u2019extension de la r\u00e9ponse en fr\u00e9quence (obtenu gr\u00e2ce au proc\u00e9d\u00e9 3 voies tel qu\u2019utilis\u00e9 sur les syst\u00e8mes de diffusion en sonorisation) et d\u2019autre part sur un processing pouss\u00e9 du spectre audio. Le but \u00e9tant d\u2019offrir un son naturel et travaill\u00e9 qui reste \u00e9quilibr\u00e9 au volume d\u2019\u00e9coute n\u00e9cessaire lors des performances live et pour l\u2019\u00e9coute des sources dynamiques et hautes d\u00e9finitions.[\/vc_column_text][\/vc_column][vc_column column_width_percent=\u00a0\u00bb80&Prime; gutter_size=\u00a0\u00bb3&Prime; expand_height=\u00a0\u00bbyes\u00a0\u00bb style=\u00a0\u00bbdark\u00a0\u00bb back_color=\u00a0\u00bbcolor-prif\u00a0\u00bb overlay_alpha=\u00a0\u00bb50&Prime; shift_x=\u00a0\u00bb0&Prime; shift_y=\u00a0\u00bb0&Prime; z_index=\u00a0\u00bb0&Prime; medium_width=\u00a0\u00bb0&Prime; width=\u00a0\u00bb3\/12&Prime;][vc_custom_heading text_size=\u00a0\u00bbh3&Prime;]IMAGING[\/vc_custom_heading][vc_progress_bar values=\u00a0\u00bb%5B%7B%22label%22%3A%22STEREO%22%2C%22value%22%3A%2280%22%7D%2C%7B%22label%22%3A%22STAGE%20DISTANCE%22%2C%22value%22%3A%22100%22%7D%2C%7B%22label%22%3A%22DETAILS%22%2C%22value%22%3A%2285%22%7D%5D\u00a0\u00bb][vc_custom_heading text_size=\u00a0\u00bbh5&Prime; subheading=\u00a0\u00bbMUSICIENS<br \/>\nAUDIOPHILES\u00a0\u00bb]RECOMMANDATIONS[\/vc_custom_heading][\/vc_column][vc_column column_width_percent=\u00a0\u00bb90&Prime; gutter_size=\u00a0\u00bb3&Prime; expand_height=\u00a0\u00bbyes\u00a0\u00bb style=\u00a0\u00bbdark\u00a0\u00bb back_color=\u00a0\u00bbcolor-prif\u00a0\u00bb overlay_alpha=\u00a0\u00bb50&Prime; shift_x=\u00a0\u00bb0&Prime; shift_y=\u00a0\u00bb0&Prime; z_index=\u00a0\u00bb0&Prime; medium_width=\u00a0\u00bb0&Prime; width=\u00a0\u00bb3\/12&Prime;][vc_custom_heading text_size=\u00a0\u00bbh3&Prime;]SIGNATURE[\/vc_custom_heading][vc_progress_bar values=\u00a0\u00bb%5B%7B%22label%22%3A%22SUB%22%2C%22value%22%3A%2260%22%7D%2C%7B%22label%22%3A%22BASS%22%2C%22value%22%3A%2255%22%7D%2C%7B%22label%22%3A%22LOW%20MID%22%2C%22value%22%3A%2245%22%7D%2C%7B%22label%22%3A%22MID%22%2C%22value%22%3A%2250%22%7D%2C%7B%22label%22%3A%22HIGH%20MID%22%2C%22value%22%3A%2250%22%7D%2C%7B%22label%22%3A%22TREBLE%22%2C%22value%22%3A%2255%22%7D%5D\u00a0\u00bb][vc_empty_space empty_h=\u00a0\u00bb4&Prime;][\/vc_column][\/vc_row][vc_row unlock_row_content=\u00a0\u00bbyes\u00a0\u00bb row_height_percent=\u00a0\u00bb0&Prime; override_padding=\u00a0\u00bbyes\u00a0\u00bb h_padding=\u00a0\u00bb2&Prime; top_padding=\u00a0\u00bb3&Prime; bottom_padding=\u00a0\u00bb3&Prime; overlay_alpha=\u00a0\u00bb100&Prime; gutter_size=\u00a0\u00bb3&Prime; shift_y=\u00a0\u00bb0&Prime; row_name=\u00a0\u00bbSpecifications\u00a0\u00bb][vc_column column_width_percent=\u00a0\u00bb100&Prime; align_horizontal=\u00a0\u00bbalign_center\u00a0\u00bb gutter_size=\u00a0\u00bb3&Prime; override_padding=\u00a0\u00bbyes\u00a0\u00bb column_padding=\u00a0\u00bb1&Prime; overlay_alpha=\u00a0\u00bb50&Prime; shift_x=\u00a0\u00bb0&Prime; shift_y=\u00a0\u00bb0&Prime; z_index=\u00a0\u00bb0&Prime; medium_width=\u00a0\u00bb0&Prime; zoom_width=\u00a0\u00bb0&Prime; zoom_height=\u00a0\u00bb0&Prime;][vc_row_inner row_inner_height_percent=\u00a0\u00bb0&Prime; overlay_alpha=\u00a0\u00bb50&Prime; gutter_size=\u00a0\u00bb3&Prime; shift_y=\u00a0\u00bb0&Prime; limit_content=\u00a0\u00bb\u00a0\u00bb][vc_column_inner column_width_percent=\u00a0\u00bb100&Prime; gutter_size=\u00a0\u00bb3&Prime; overlay_alpha=\u00a0\u00bb50&Prime; shift_x=\u00a0\u00bb0&Prime; shift_y=\u00a0\u00bb0&Prime; z_index=\u00a0\u00bb0&Prime; medium_width=\u00a0\u00bb0&Prime; width=\u00a0\u00bb1\/2&Prime;][vc_single_image media=\u00a0\u00bb53159&Prime; media_width_percent=\u00a0\u00bb100&Prime; alignment=\u00a0\u00bbcenter\u00a0\u00bb uncode_shortcode_id=\u00a0\u00bb148546&Prime;][\/vc_column_inner][vc_column_inner column_width_percent=\u00a0\u00bb60&Prime; gutter_size=\u00a0\u00bb3&Prime; overlay_alpha=\u00a0\u00bb50&Prime; shift_x=\u00a0\u00bb0&Prime; shift_y=\u00a0\u00bb0&Prime; z_index=\u00a0\u00bb0&Prime; align_medium=\u00a0\u00bbalign_center_tablet\u00a0\u00bb medium_width=\u00a0\u00bb0&Prime; align_mobile=\u00a0\u00bbalign_center_mobile\u00a0\u00bb width=\u00a0\u00bb1\/2&Prime;][vc_separator sep_color=\u00a0\u00bb,Default\u00a0\u00bb css_animation=\u00a0\u00bbright-t-left\u00a0\u00bb animation_speed=\u00a0\u00bb600&Prime; animation_delay=\u00a0\u00bb400&Prime;][vc_column_text]<\/p>\n<h3 class=\"content-collapse\">SPECIFICATIONS<\/h3>\n<p>Sensibilit\u00e9: 119 dB\/mW<br \/>\nR\u00e9ponse en fr\u00e9quences: 10 Hz -20 kHz<br \/>\nDCR: 34 ohms<br \/>\nDriver: 3 transducteurs avec filtre HQ 3 voies \u00e0 correcteur d&rsquo;imp\u00e9dance[\/vc_column_text][vc_column_text]<\/p>\n<h3 class=\"content-collapse\">CONTENU DE LA BO\u00ceTE<\/h3>\n<div class=\"section1\">\n<p>EM32 et son\u00a0c\u00e2ble d\u00e9tachable<br \/>\n1 outil de nettoyage<br \/>\nMalette de transport rigide<br \/>\nMode D\u2019emploi<\/div>\n<p>[\/vc_column_text][vc_separator sep_color=\u00a0\u00bb,Default\u00a0\u00bb css_animation=\u00a0\u00bbright-t-left\u00a0\u00bb animation_speed=\u00a0\u00bb600&Prime; animation_delay=\u00a0\u00bb400&Prime;][uncode_counter value=\u00a0\u00bb100&Prime; counter_color=\u00a0\u00bbaccent\u00a0\u00bb text=\u00a0\u00bbMADE IN FRANCE\u00a0\u00bb suffix=\u00a0\u00bb%\u00a0\u00bb][\/vc_column_inner][\/vc_row_inner][\/vc_column][\/vc_row]<\/p>\n<\/div>","protected":false},"excerpt":{"rendered":"<p>[vc_row unlock_row_content=\u00a0\u00bbyes\u00a0\u00bb row_height_percent=\u00a0\u00bb80&Prime; override_padding=\u00a0\u00bbyes\u00a0\u00bb h_padding=\u00a0\u00bb0&Prime; top_padding=\u00a0\u00bb0&Prime; bottom_padding=\u00a0\u00bb0&Prime; back_color=\u00a0\u00bbcolor-170577&Prime; overlay_alpha=\u00a0\u00bb50&Prime; equal_height=\u00a0\u00bbyes\u00a0\u00bb gutter_size=\u00a0\u00bb3&Prime; shift_y=\u00a0\u00bb0&Prime;][vc_column column_width_percent=\u00a0\u00bb100&Prime; gutter_size=\u00a0\u00bb3&Prime; expand_height=\u00a0\u00bbyes\u00a0\u00bb style=\u00a0\u00bbdark\u00a0\u00bb overlay_alpha=\u00a0\u00bb50&Prime; shift_x=\u00a0\u00bb0&Prime; shift_y=\u00a0\u00bb0&Prime; z_index=\u00a0\u00bb0&Prime; [&hellip;]<\/p>\n","protected":false},"author":1,"featured_media":0,"parent":0,"menu_order":0,"comment_status":"open","ping_status":"closed","template":"","meta":{"footnotes":""},"class_list":["post-3393","page","type-page","status-publish","hentry"],"aioseo_notices":[],"_links":{"self":[{"href":"https:\/\/www.earsonics.com\/in-ear-monitors\/wp-json\/wp\/v2\/pages\/3393","targetHints":{"allow":["GET"]}}],"collection":[{"href":"https:\/\/www.earsonics.com\/in-ear-monitors\/wp-json\/wp\/v2\/pages"}],"about":[{"href":"https:\/\/www.earsonics.com\/in-ear-monitors\/wp-json\/wp\/v2\/types\/page"}],"author":[{"embeddable":true,"href":"https:\/\/www.earsonics.com\/in-ear-monitors\/wp-json\/wp\/v2\/users\/1"}],"replies":[{"embeddable":true,"href":"https:\/\/www.earsonics.com\/in-ear-monitors\/wp-json\/wp\/v2\/comments?post=3393"}],"version-history":[{"count":4,"href":"https:\/\/www.earsonics.com\/in-ear-monitors\/wp-json\/wp\/v2\/pages\/3393\/revisions"}],"predecessor-version":[{"id":57021,"href":"https:\/\/www.earsonics.com\/in-ear-monitors\/wp-json\/wp\/v2\/pages\/3393\/revisions\/57021"}],"wp:attachment":[{"href":"https:\/\/www.earsonics.com\/in-ear-monitors\/wp-json\/wp\/v2\/media?parent=3393"}],"curies":[{"name":"wp","href":"https:\/\/api.w.org\/{rel}","templated":true}]}}