{"id":48717,"date":"2016-08-26T21:47:47","date_gmt":"2016-08-26T19:47:47","guid":{"rendered":"http:\/\/www.earsonics.com\/in-ear-monitors\/?page_id=48717"},"modified":"2019-04-15T11:21:48","modified_gmt":"2019-04-15T09:21:48","slug":"faq","status":"publish","type":"page","link":"https:\/\/www.earsonics.com\/in-ear-monitors\/faq\/","title":{"rendered":"FAQ"},"content":{"rendered":"<div class=\"wpb-content-wrapper\"><p>[vc_row unlock_row_content=\u00a0\u00bbyes\u00a0\u00bb row_height_percent=\u00a0\u00bb35&Prime; override_padding=\u00a0\u00bbyes\u00a0\u00bb h_padding=\u00a0\u00bb0&Prime; top_padding=\u00a0\u00bb0&Prime; bottom_padding=\u00a0\u00bb0&Prime; back_color=\u00a0\u00bbcolor-nhtu\u00a0\u00bb back_image=\u00a0\u00bb50418&Prime; parallax=\u00a0\u00bbyes\u00a0\u00bb overlay_color=\u00a0\u00bbcolor-nhtu\u00a0\u00bb overlay_alpha=\u00a0\u00bb15&Prime; gutter_size=\u00a0\u00bb3&Prime; shift_y=\u00a0\u00bb0&Prime;][vc_column width=\u00a0\u00bb1\/1&Prime;][\/vc_column][\/vc_row][vc_row row_height_percent=\u00a0\u00bb0&Prime; override_padding=\u00a0\u00bbyes\u00a0\u00bb h_padding=\u00a0\u00bb2&Prime; top_padding=\u00a0\u00bb3&Prime; bottom_padding=\u00a0\u00bb3&Prime; overlay_alpha=\u00a0\u00bb100&Prime; gutter_size=\u00a0\u00bb100&Prime; style=\u00a0\u00bbinherited\u00a0\u00bb][vc_column column_width_percent=\u00a0\u00bb100&Prime; overlay_alpha=\u00a0\u00bb50&Prime; gutter_size=\u00a0\u00bb3&Prime; medium_width=\u00a0\u00bb0&Prime; shift_x=\u00a0\u00bb0&Prime; shift_y=\u00a0\u00bb0&Prime; zoom_width=\u00a0\u00bb0&Prime; zoom_height=\u00a0\u00bb0&Prime; width=\u00a0\u00bb1\/1&Prime;][vc_custom_heading heading_semantic=\u00a0\u00bbh3&Prime; text_size=\u00a0\u00bbh3&Prime; text_transform=\u00a0\u00bbuppercase\u00a0\u00bb]FAQ[\/vc_custom_heading][vc_accordion active_tab=\u00a0\u00bb0&Prime;][vc_accordion_tab title=\u00a0\u00bbO\u00f9 dois-je r\u00e9aliser mes Empreintes?\u00a0\u00bb][vc_column_text]Vous devez vous rendre chez un audioproth\u00e9siste pr\u00e8s de chez vous, il r\u00e9alisera vos empreintes avec tout le soin requis.<br \/>\nCependant, si vous avez besoin d\u2019une adresse d\u2019audioproth\u00e9siste ou de r\u00e9ponses concernant la prise d\u2019empreintes n\u2019 h\u00e9sitez pas \u00e0 nous contacter.[\/vc_column_text][\/vc_accordion_tab][vc_accordion_tab title=\u00a0\u00bbComment l\u2019audioproth\u00e9siste doit-il prendre mes empreintes?\u00a0\u00bb][vc_column_text]Nous fabriquons des ear monitors qui englobent toute l\u2019oreille, par cons\u00e9quent nous avons besoin d\u2019une empreinte de la totalit\u00e9 de celle-ci comprenant le canal auditif (le plus profond possible) mais aussi l\u2019h\u00e9lix et la conque de l\u2019oreille (la p\u00e2te \u00e0 empreinte doit donc d\u00e9passer de l\u2019oreille : voir photos).<\/p>\n<p>Pendant la prise des empreintes, la position id\u00e9ale est d\u2019entre-ouvrir la bouche (1 \u00e0 2 cm) pour prendre une valeur moyenne du conduit auditif, et rester dans cette position (\u00e9viter les grimaces, rire, etc\u2026) jusqu\u2019 \u00e0 ce que la p\u00e2te ait durci. Si vous avez d\u2019autres questions sur la prise d\u2019empreintes n\u2019h\u00e9sitez pas \u00e0 nous contacter.<\/p>\n<p><img decoding=\"async\" class=\"size-full wp-image-51232 aligncenter\" src=\"http:\/\/www.earsonics.com\/in-ear-monitors\/wp-content\/uploads\/impressions-tool.jpg\" alt=\"impressions-tool\" width=\"439\" height=\"503\" \/>[\/vc_column_text][\/vc_accordion_tab][vc_accordion_tab title=\u00a0\u00bbLe cable de mes in-ears devient vert par endroit est ce normal?\u00a0\u00bb][vc_column_text]Oui, c\u2019est une r\u00e9action normale, le plastique du c\u00e2ble r\u00e9agit \u00e0 la transpiration, et au contact avec la peau. Ceci n\u2019alt\u00e8re aucunement les performances sonores, et n\u2019est pas un d\u00e9faut de conception de votre c\u00e2ble. Si vous pr\u00e9f\u00e9rez ne pas avoir cet aspect \u00e0 la longue, choisissez un c\u00e2ble de couleur noire.[\/vc_column_text][\/vc_accordion_tab][vc_accordion_tab title=\u00a0\u00bbComment bien positionner ses intras?\u00a0\u00bb][vc_column_text]La bonne mise en place des \u00e9couteurs est primordiale pour obtenir un r\u00e9sultat satisfaisant. Pas suffisamment enfonc\u00e9s dans le conduit auditif, les intras n&rsquo;isolent pas ou tr\u00e8s peu des bruits ext\u00e9rieurs. Trop enfonc\u00e9s, ils occasionnent une g\u00eane qui devient rapidement insupportable. Dans tous les cas, des intras mal positionn\u00e9s ne donnent pas leur pleine mesure. Une mauvaise mise en place se traduit par un son \u00e9triqu\u00e9, dur et sans basses, qui devient vite fatigant.<br class=\"\" \/>Dans un premier temps, il vous faudra essayer diff\u00e9rents embouts afin de d\u00e9terminer lequel est le plus adapt\u00e9. L&#8217;embout doit bien entrer dans votre conduit auditif et s&rsquo;y maintenir sans forcer sur les parois (trop gros) ni ressortir (trop petit). nos d&rsquo;intras se positionnent \u00a0le c\u00e2ble sur le dessus puis derri\u00e8re l&rsquo;oreille. Dans tous les cas, il est normal de ressentir une sensation de g\u00eane lors des premi\u00e8res utilisations. Le port des intras n\u00e9cessite une p\u00e9riode d&rsquo;adaptation variable selon les individus mais qui ne d\u00e9passe g\u00e9n\u00e9ralement pas une semaine. Soyez donc pers\u00e9v\u00e9rant, il faut souvent essayer plusieurs fois avant de trouver le positionnement id\u00e9al ![\/vc_column_text][\/vc_accordion_tab][vc_accordion_tab title=\u00a0\u00bbPourquoi je me sens si isol\u00e9?\u00a0\u00bb][vc_column_text]L\u2019 isolation du volume g\u00e9n\u00e9r\u00e9 sur sc\u00e8ne est n\u00e9cessaire pour entendre le signal qui vient des in-ear monitors clairement et surtout \u00e0 un volume sans danger pour votre audition. En effet, c\u2019 est l\u2019 int\u00e9r\u00eat premier des ear monitors d\u2019 avoir un volume agr\u00e9able d\u2019 \u00e9coute tout en vous prot\u00e9geant. Le principe est simple, votre cerveau per\u00e7oit le son au milieu du bruit ambiant (ratio signal\/bruit), par exemple si vous \u00e9coutez la radio en voiture les fen\u00eatres ouvertes, plus vous roulez vite moins vous entendez la radio, si vous fermez la fen\u00eatre vous avez l\u2019 impression que la radio est plus forte alors que c\u2019 est c\u2019 est le bruit ambiant qui s\u2019 est r\u00e9duit, vous percevez le son plus clairement. Avec les ear-monitors c\u2019 est pareil. Par exp\u00e9rience plus vous utiliserez vos ear-monitors, plus vous rechercherez cette isolation pour avoir une meilleure qualit\u00e9 sonore et surtout un volume d\u2019 \u00e9coute agr\u00e9able. Cependant, vous pouvez \u00e0 l\u2019 aide de micros d\u2019 ambiance r\u00e9 injecter le son ext\u00e9rieur en le mixant \u00e0 votre go\u00fbt pour retrouver un effet d\u2019 ambiance.[\/vc_column_text][\/vc_accordion_tab][vc_accordion_tab title=\u00a0\u00bbAi-je besoin d\u2019 autres \u00e9quipements avec mon casque Earsonics?\u00a0\u00bb][vc_column_text]Oui, Pour une utilisation sur sc\u00e8ne vous aurez besoin d\u2019 un syst\u00e8me de monitoring personnel (avec c\u00e2ble, ou hf), les syst\u00e8mes sennheiser iew 300 et 2000 r\u00e9pondront \u00e0 vos attentes, avec c\u00e2ble, vous pouvez utiliser une mixette standard ou un pr\u00e9ampli casque. Pour une utilisation audiophile, vous n\u2019 avez besoin de rien d\u2019autre.[\/vc_column_text][\/vc_accordion_tab][vc_accordion_tab title=\u00a0\u00bbQUELS MOYENS DE PAIEMENT ACCEPTEZ-VOUS?\u00a0\u00bb][vc_column_text]Carte de cr\u00e9dit, Ch\u00e8que et virement bancaire sont accept\u00e9s.[\/vc_column_text][\/vc_accordion_tab][vc_accordion_tab title=\u00a0\u00bbLIVREZ-VOUS A L\u2019INTERNATIONAL?\u00a0\u00bb][vc_column_text]Oui, via le transporteur UPS Monde. D\u00e9lai de livraison: Compter 1 \u00e0 6 jours ouvr\u00e9s selon le pays.[\/vc_column_text][\/vc_accordion_tab][vc_accordion_tab title=\u00a0\u00bbQUEL EST LE TEMPS DE FABRICATION POUR UN EAR MONITOR SUR-MESURE?\u00a0\u00bb][vc_column_text]Une fois le paiement r\u00e9alis\u00e9 et d\u00e8s r\u00e9ception de vos empreintes auditives, le temps de fabrication de vos ear monitor varie d\u2019une \u00e0 deux semaines selon le mod\u00e8le et notre planning de production.[\/vc_column_text][\/vc_accordion_tab][vc_accordion_tab title=\u00a0\u00bbPeut-on r\u00e9pondre \u00e0 d\u2019 autres questions pour vous?\u00a0\u00bb][vc_column_text]<span class=\"\">Oui, bien-s\u00fbr. Envoyez-nous un e-mail, nos experts vous r\u00e9pondront dans les plus brefs d\u00e9lais. &#8211; <\/span><span class=\"\"><a class=\"\" href=\"mailto:contact@earsonics.com\">contact@earsonics.com<\/a><\/span>[\/vc_column_text][\/vc_accordion_tab][\/vc_accordion][\/vc_column][\/vc_row]<\/p>\n<\/div>","protected":false},"excerpt":{"rendered":"<p>[vc_row unlock_row_content=\u00a0\u00bbyes\u00a0\u00bb row_height_percent=\u00a0\u00bb35&Prime; override_padding=\u00a0\u00bbyes\u00a0\u00bb h_padding=\u00a0\u00bb0&Prime; top_padding=\u00a0\u00bb0&Prime; bottom_padding=\u00a0\u00bb0&Prime; back_color=\u00a0\u00bbcolor-nhtu\u00a0\u00bb back_image=\u00a0\u00bb50418&Prime; parallax=\u00a0\u00bbyes\u00a0\u00bb overlay_color=\u00a0\u00bbcolor-nhtu\u00a0\u00bb overlay_alpha=\u00a0\u00bb15&Prime; gutter_size=\u00a0\u00bb3&Prime; shift_y=\u00a0\u00bb0&Prime;][vc_column width=\u00a0\u00bb1\/1&Prime;][\/vc_column][\/vc_row][vc_row row_height_percent=\u00a0\u00bb0&Prime; override_padding=\u00a0\u00bbyes\u00a0\u00bb h_padding=\u00a0\u00bb2&Prime; top_padding=\u00a0\u00bb3&Prime; bottom_padding=\u00a0\u00bb3&Prime; [&hellip;]<\/p>\n","protected":false},"author":1,"featured_media":0,"parent":0,"menu_order":0,"comment_status":"open","ping_status":"closed","template":"","meta":{"footnotes":""},"class_list":["post-48717","page","type-page","status-publish","hentry"],"aioseo_notices":[],"_links":{"self":[{"href":"https:\/\/www.earsonics.com\/in-ear-monitors\/wp-json\/wp\/v2\/pages\/48717","targetHints":{"allow":["GET"]}}],"collection":[{"href":"https:\/\/www.earsonics.com\/in-ear-monitors\/wp-json\/wp\/v2\/pages"}],"about":[{"href":"https:\/\/www.earsonics.com\/in-ear-monitors\/wp-json\/wp\/v2\/types\/page"}],"author":[{"embeddable":true,"href":"https:\/\/www.earsonics.com\/in-ear-monitors\/wp-json\/wp\/v2\/users\/1"}],"replies":[{"embeddable":true,"href":"https:\/\/www.earsonics.com\/in-ear-monitors\/wp-json\/wp\/v2\/comments?post=48717"}],"version-history":[{"count":3,"href":"https:\/\/www.earsonics.com\/in-ear-monitors\/wp-json\/wp\/v2\/pages\/48717\/revisions"}],"predecessor-version":[{"id":53555,"href":"https:\/\/www.earsonics.com\/in-ear-monitors\/wp-json\/wp\/v2\/pages\/48717\/revisions\/53555"}],"wp:attachment":[{"href":"https:\/\/www.earsonics.com\/in-ear-monitors\/wp-json\/wp\/v2\/media?parent=48717"}],"curies":[{"name":"wp","href":"https:\/\/api.w.org\/{rel}","templated":true}]}}