{"id":49289,"date":"2016-09-11T11:57:27","date_gmt":"2016-09-11T09:57:27","guid":{"rendered":"http:\/\/www.earsonics.com\/in-ear-monitors\/?page_id=49289"},"modified":"2024-01-27T20:42:38","modified_gmt":"2024-01-27T19:42:38","slug":"em2-pro","status":"publish","type":"page","link":"https:\/\/www.earsonics.com\/in-ear-monitors\/em2-pro\/","title":{"rendered":"EM2-PRO"},"content":{"rendered":"<div class=\"wpb-content-wrapper\"><p>[vc_row unlock_row_content=\u00a0\u00bbyes\u00a0\u00bb row_height_percent=\u00a0\u00bb80&Prime; override_padding=\u00a0\u00bbyes\u00a0\u00bb h_padding=\u00a0\u00bb0&Prime; top_padding=\u00a0\u00bb0&Prime; bottom_padding=\u00a0\u00bb0&Prime; back_color=\u00a0\u00bbcolor-170577&Prime; overlay_alpha=\u00a0\u00bb50&Prime; equal_height=\u00a0\u00bbyes\u00a0\u00bb gutter_size=\u00a0\u00bb3&Prime; shift_y=\u00a0\u00bb0&Prime;][vc_column column_width_percent=\u00a0\u00bb100&Prime; gutter_size=\u00a0\u00bb3&Prime; expand_height=\u00a0\u00bbyes\u00a0\u00bb style=\u00a0\u00bbdark\u00a0\u00bb overlay_alpha=\u00a0\u00bb50&Prime; shift_x=\u00a0\u00bb0&Prime; shift_y=\u00a0\u00bb0&Prime; z_index=\u00a0\u00bb0&Prime; medium_width=\u00a0\u00bb0&Prime; width=\u00a0\u00bb1\/1&Prime;][vc_row_inner row_inner_height_percent=\u00a0\u00bb0&Prime; overlay_alpha=\u00a0\u00bb50&Prime; equal_height=\u00a0\u00bbyes\u00a0\u00bb gutter_size=\u00a0\u00bb0&Prime; shift_y=\u00a0\u00bb0&Prime; limit_content=\u00a0\u00bb\u00a0\u00bb][vc_column_inner column_width_percent=\u00a0\u00bb100&Prime; position_vertical=\u00a0\u00bbmiddle\u00a0\u00bb align_horizontal=\u00a0\u00bbalign_center\u00a0\u00bb gutter_size=\u00a0\u00bb3&Prime; overlay_alpha=\u00a0\u00bb50&Prime; shift_x=\u00a0\u00bb0&Prime; shift_y=\u00a0\u00bb0&Prime; z_index=\u00a0\u00bb0&Prime; medium_width=\u00a0\u00bb0&Prime; width=\u00a0\u00bb1\/2&Prime; mobile_height=\u00a0\u00bb300&Prime;][vc_single_image media=\u00a0\u00bb49290&Prime; media_lightbox=\u00a0\u00bbyes\u00a0\u00bb media_width_percent=\u00a0\u00bb100&Prime; css_animation=\u00a0\u00bbtop-t-bottom\u00a0\u00bb animation_speed=\u00a0\u00bb600&Prime; animation_delay=\u00a0\u00bb300&Prime; lbox_skin=\u00a0\u00bbwhite\u00a0\u00bb][\/vc_column_inner][vc_column_inner column_width_percent=\u00a0\u00bb65&Prime; position_vertical=\u00a0\u00bbmiddle\u00a0\u00bb gutter_size=\u00a0\u00bb1&Prime; override_padding=\u00a0\u00bbyes\u00a0\u00bb column_padding=\u00a0\u00bb3&Prime; style=\u00a0\u00bblight\u00a0\u00bb overlay_alpha=\u00a0\u00bb50&Prime; shift_x=\u00a0\u00bb0&Prime; shift_y=\u00a0\u00bb0&Prime; z_index=\u00a0\u00bb0&Prime; align_medium=\u00a0\u00bbalign_center_tablet\u00a0\u00bb medium_width=\u00a0\u00bb0&Prime; align_mobile=\u00a0\u00bbalign_center_mobile\u00a0\u00bb width=\u00a0\u00bb1\/2&Prime;][vc_custom_heading heading_semantic=\u00a0\u00bbh1&Prime; text_size=\u00a0\u00bbfontsize-155944&Prime; text_weight=\u00a0\u00bb400&Prime; sub_reduced=\u00a0\u00bbyes\u00a0\u00bb css_animation=\u00a0\u00bbright-t-left\u00a0\u00bb animation_speed=\u00a0\u00bb600&Prime; animation_delay=\u00a0\u00bb300&Prime; text_align=\u00a0\u00bbtext-left\u00a0\u00bb]EM2-PRO[\/vc_custom_heading][vc_custom_heading text_color=\u00a0\u00bbaccent\u00a0\u00bb text_size=\u00a0\u00bbh3&Prime;]2\u00a0WAY \/ 2\u00a0DRIVERS[\/vc_custom_heading][vc_column_text uncode_shortcode_id=\u00a0\u00bb184230&Prime;]Le son haute-fid\u00e9lit\u00e9.\u00a0Neutralit\u00e9 et r\u00e9ponse \u00ab\u00a0flat\u00a0\u00bb,\u00a0Une r\u00e9f\u00e9rence monitoring pour le musicien.<\/p>\n<p><img decoding=\"async\" class=\"alignnone wp-image-49291 \" src=\"https:\/\/www.earsonics.com\/in-ear-monitors\/wp-content\/uploads\/config-SM2.png\" alt=\"config-sm2\" width=\"256\" height=\"128\" \/>[\/vc_column_text][vc_button button_color=\u00a0\u00bbaccent\u00a0\u00bb radius=\u00a0\u00bbbtn-round\u00a0\u00bb border_width=\u00a0\u00bb0&Prime; width=\u00a0\u00bb260&Prime; link=\u00a0\u00bburl:https%3A%2F%2Fwww.earsonics.com%2Fstore%2F|||\u00a0\u00bb button_color_type=\u00a0\u00bbuncode-palette\u00a0\u00bb icon=\u00a0\u00bbfa fa-shopping-cart\u00a0\u00bb uncode_shortcode_id=\u00a0\u00bb143621&Prime;]SHOP[\/vc_button][\/vc_column_inner][\/vc_row_inner][\/vc_column][\/vc_row][vc_row unlock_row_content=\u00a0\u00bbyes\u00a0\u00bb row_height_percent=\u00a0\u00bb30&Prime; override_padding=\u00a0\u00bbyes\u00a0\u00bb h_padding=\u00a0\u00bb0&Prime; top_padding=\u00a0\u00bb0&Prime; bottom_padding=\u00a0\u00bb0&Prime; overlay_alpha=\u00a0\u00bb50&Prime; gutter_size=\u00a0\u00bb0&Prime; shift_y=\u00a0\u00bb0&Prime; row_height_pixel=\u00a0\u00bb150&Prime;][vc_column column_width_percent=\u00a0\u00bb70&Prime; position_vertical=\u00a0\u00bbmiddle\u00a0\u00bb gutter_size=\u00a0\u00bb3&Prime; expand_height=\u00a0\u00bbyes\u00a0\u00bb back_color=\u00a0\u00bbcolor-gyho\u00a0\u00bb overlay_alpha=\u00a0\u00bb50&Prime; shift_x=\u00a0\u00bb0&Prime; shift_y=\u00a0\u00bb0&Prime; z_index=\u00a0\u00bb0&Prime; medium_width=\u00a0\u00bb0&Prime; width=\u00a0\u00bb6\/12&Prime;][vc_column_text]<\/p>\n<h3>CARACTERISTIQUES<\/h3>\n<p>Fabriqu\u00e9 en acrylique rigide, le EarSonics EM2 PRO est la r\u00e9f\u00e9rence sonore en terme de neutralit\u00e9 et de son haute-fid\u00e9lit\u00e9. Gr\u00e2ce \u00e0 son syst\u00e8me double transducteurs 2 voies, l\u2019EM2-PRO vous d\u00e9livre un son tr\u00e8s musical propre \u00e0 EarSonics avec une exceptionnelle largeur de r\u00e9ponse en fr\u00e9quences, des basses profondes et fermes, un m\u00e9dium clair et une finesse d\u2019aigu incroyable. Le EarSonics EM2-PRO procure 28 dB de r\u00e9duction du bruit ambiant, de la pr\u00e9cision, une clart\u00e9 incomparable et de la dynamique.<\/p>\n<p>Pour les amateurs de son \u00a0\u00ab\u00a0high fidelity\u00a0\u00bb\u00a0.[\/vc_column_text][\/vc_column][vc_column column_width_percent=\u00a0\u00bb80&Prime; gutter_size=\u00a0\u00bb3&Prime; expand_height=\u00a0\u00bbyes\u00a0\u00bb style=\u00a0\u00bbdark\u00a0\u00bb back_color=\u00a0\u00bbcolor-prif\u00a0\u00bb overlay_alpha=\u00a0\u00bb50&Prime; shift_x=\u00a0\u00bb0&Prime; shift_y=\u00a0\u00bb0&Prime; z_index=\u00a0\u00bb0&Prime; medium_width=\u00a0\u00bb0&Prime; width=\u00a0\u00bb3\/12&Prime;][vc_custom_heading text_size=\u00a0\u00bbh3&Prime;]IMAGING[\/vc_custom_heading][vc_progress_bar values=\u00a0\u00bb%5B%7B%22label%22%3A%22STEREO%22%2C%22value%22%3A%2275%22%2C%22bar_color%22%3A%22color-632047%22%7D%2C%7B%22label%22%3A%22STAGE%20DISTANCE%22%2C%22value%22%3A%2260%22%2C%22bar_color%22%3A%22color-632047%22%7D%2C%7B%22label%22%3A%22DETAILS%22%2C%22value%22%3A%2275%22%2C%22bar_color%22%3A%22color-632047%22%7D%5D\u00a0\u00bb][vc_custom_heading text_size=\u00a0\u00bbh5&Prime; subheading=\u00a0\u00bbMUSICIENS\u00a0\u00bb]RECOMMANDATIONS[\/vc_custom_heading][\/vc_column][vc_column column_width_percent=\u00a0\u00bb90&Prime; gutter_size=\u00a0\u00bb3&Prime; expand_height=\u00a0\u00bbyes\u00a0\u00bb style=\u00a0\u00bbdark\u00a0\u00bb back_color=\u00a0\u00bbcolor-prif\u00a0\u00bb overlay_alpha=\u00a0\u00bb50&Prime; shift_x=\u00a0\u00bb0&Prime; shift_y=\u00a0\u00bb0&Prime; z_index=\u00a0\u00bb0&Prime; medium_width=\u00a0\u00bb0&Prime; width=\u00a0\u00bb3\/12&Prime;][vc_custom_heading text_size=\u00a0\u00bbh3&Prime;]SIGNATURE[\/vc_custom_heading][vc_progress_bar values=\u00a0\u00bb%5B%7B%22label%22%3A%22SUB%22%2C%22value%22%3A%2245%22%2C%22bar_color%22%3A%22color-632047%22%7D%2C%7B%22label%22%3A%22BASS%22%2C%22value%22%3A%2250%22%2C%22bar_color%22%3A%22color-632047%22%7D%2C%7B%22label%22%3A%22LOW%20MID%22%2C%22value%22%3A%2250%22%2C%22bar_color%22%3A%22color-632047%22%7D%2C%7B%22label%22%3A%22MID%22%2C%22value%22%3A%2255%22%2C%22bar_color%22%3A%22color-632047%22%7D%2C%7B%22label%22%3A%22HIGH%20MID%22%2C%22value%22%3A%2255%22%2C%22bar_color%22%3A%22color-632047%22%7D%2C%7B%22label%22%3A%22TREBLE%22%2C%22value%22%3A%2252%22%2C%22bar_color%22%3A%22color-632047%22%7D%5D\u00a0\u00bb][vc_empty_space empty_h=\u00a0\u00bb4&Prime;][\/vc_column][\/vc_row][vc_row unlock_row_content=\u00a0\u00bbyes\u00a0\u00bb row_height_percent=\u00a0\u00bb0&Prime; override_padding=\u00a0\u00bbyes\u00a0\u00bb h_padding=\u00a0\u00bb2&Prime; top_padding=\u00a0\u00bb3&Prime; bottom_padding=\u00a0\u00bb3&Prime; overlay_alpha=\u00a0\u00bb100&Prime; gutter_size=\u00a0\u00bb3&Prime; shift_y=\u00a0\u00bb0&Prime; row_name=\u00a0\u00bbSpecifications\u00a0\u00bb][vc_column column_width_percent=\u00a0\u00bb100&Prime; align_horizontal=\u00a0\u00bbalign_center\u00a0\u00bb gutter_size=\u00a0\u00bb3&Prime; override_padding=\u00a0\u00bbyes\u00a0\u00bb column_padding=\u00a0\u00bb1&Prime; overlay_alpha=\u00a0\u00bb50&Prime; shift_x=\u00a0\u00bb0&Prime; shift_y=\u00a0\u00bb0&Prime; z_index=\u00a0\u00bb0&Prime; medium_width=\u00a0\u00bb0&Prime; zoom_width=\u00a0\u00bb0&Prime; zoom_height=\u00a0\u00bb0&Prime;][vc_row_inner row_inner_height_percent=\u00a0\u00bb0&Prime; overlay_alpha=\u00a0\u00bb50&Prime; gutter_size=\u00a0\u00bb3&Prime; shift_y=\u00a0\u00bb0&Prime; limit_content=\u00a0\u00bb\u00a0\u00bb][vc_column_inner column_width_percent=\u00a0\u00bb100&Prime; gutter_size=\u00a0\u00bb3&Prime; overlay_alpha=\u00a0\u00bb50&Prime; shift_x=\u00a0\u00bb0&Prime; shift_y=\u00a0\u00bb0&Prime; z_index=\u00a0\u00bb0&Prime; medium_width=\u00a0\u00bb0&Prime; width=\u00a0\u00bb1\/2&Prime;][vc_single_image media=\u00a0\u00bb53159&Prime; media_width_percent=\u00a0\u00bb100&Prime; alignment=\u00a0\u00bbcenter\u00a0\u00bb uncode_shortcode_id=\u00a0\u00bb435183&Prime;][\/vc_column_inner][vc_column_inner column_width_percent=\u00a0\u00bb60&Prime; gutter_size=\u00a0\u00bb3&Prime; overlay_alpha=\u00a0\u00bb50&Prime; shift_x=\u00a0\u00bb0&Prime; shift_y=\u00a0\u00bb0&Prime; z_index=\u00a0\u00bb0&Prime; align_medium=\u00a0\u00bbalign_center_tablet\u00a0\u00bb medium_width=\u00a0\u00bb0&Prime; align_mobile=\u00a0\u00bbalign_center_mobile\u00a0\u00bb width=\u00a0\u00bb1\/2&Prime;][vc_separator sep_color=\u00a0\u00bb,Default\u00a0\u00bb css_animation=\u00a0\u00bbright-t-left\u00a0\u00bb animation_speed=\u00a0\u00bb600&Prime; animation_delay=\u00a0\u00bb400&Prime;][vc_column_text]<\/p>\n<h3 class=\"content-collapse\">SPECIFICATIONS<\/h3>\n<p>Sensibilit\u00e9: 122 dB\/mW<br \/>\nR\u00e9ponse en fr\u00e9quences: 10 Hz -18 kHz<br \/>\nDCR: 32\u00a0ohms<br \/>\nDriver: 2\u00a0transducteurs avec filtre passif 2\u00a0voies[\/vc_column_text][vc_column_text]<\/p>\n<h3 class=\"content-collapse\">CONTENU DE LA BO\u00ceTE<\/h3>\n<div class=\"section1\">\n<p>EM2-PRO et son c\u00e2ble d\u00e9tachable<br \/>\n1 outil de nettoyage<br \/>\nMalette de transport rigide<br \/>\nMode D&#8217;emploi<\/div>\n<p>[\/vc_column_text][vc_separator sep_color=\u00a0\u00bb,Default\u00a0\u00bb css_animation=\u00a0\u00bbright-t-left\u00a0\u00bb animation_speed=\u00a0\u00bb600&Prime; animation_delay=\u00a0\u00bb400&Prime;][uncode_counter value=\u00a0\u00bb100&Prime; counter_color=\u00a0\u00bbaccent\u00a0\u00bb text=\u00a0\u00bbMADE IN FRANCE\u00a0\u00bb suffix=\u00a0\u00bb%\u00a0\u00bb][\/vc_column_inner][\/vc_row_inner][\/vc_column][\/vc_row]<\/p>\n<\/div>","protected":false},"excerpt":{"rendered":"<p>[vc_row unlock_row_content=\u00a0\u00bbyes\u00a0\u00bb row_height_percent=\u00a0\u00bb80&Prime; override_padding=\u00a0\u00bbyes\u00a0\u00bb h_padding=\u00a0\u00bb0&Prime; top_padding=\u00a0\u00bb0&Prime; bottom_padding=\u00a0\u00bb0&Prime; back_color=\u00a0\u00bbcolor-170577&Prime; overlay_alpha=\u00a0\u00bb50&Prime; equal_height=\u00a0\u00bbyes\u00a0\u00bb gutter_size=\u00a0\u00bb3&Prime; shift_y=\u00a0\u00bb0&Prime;][vc_column column_width_percent=\u00a0\u00bb100&Prime; gutter_size=\u00a0\u00bb3&Prime; expand_height=\u00a0\u00bbyes\u00a0\u00bb style=\u00a0\u00bbdark\u00a0\u00bb overlay_alpha=\u00a0\u00bb50&Prime; shift_x=\u00a0\u00bb0&Prime; shift_y=\u00a0\u00bb0&Prime; z_index=\u00a0\u00bb0&Prime; [&hellip;]<\/p>\n","protected":false},"author":1,"featured_media":0,"parent":0,"menu_order":0,"comment_status":"open","ping_status":"closed","template":"","meta":{"footnotes":""},"class_list":["post-49289","page","type-page","status-publish","hentry"],"aioseo_notices":[],"_links":{"self":[{"href":"https:\/\/www.earsonics.com\/in-ear-monitors\/wp-json\/wp\/v2\/pages\/49289","targetHints":{"allow":["GET"]}}],"collection":[{"href":"https:\/\/www.earsonics.com\/in-ear-monitors\/wp-json\/wp\/v2\/pages"}],"about":[{"href":"https:\/\/www.earsonics.com\/in-ear-monitors\/wp-json\/wp\/v2\/types\/page"}],"author":[{"embeddable":true,"href":"https:\/\/www.earsonics.com\/in-ear-monitors\/wp-json\/wp\/v2\/users\/1"}],"replies":[{"embeddable":true,"href":"https:\/\/www.earsonics.com\/in-ear-monitors\/wp-json\/wp\/v2\/comments?post=49289"}],"version-history":[{"count":4,"href":"https:\/\/www.earsonics.com\/in-ear-monitors\/wp-json\/wp\/v2\/pages\/49289\/revisions"}],"predecessor-version":[{"id":57012,"href":"https:\/\/www.earsonics.com\/in-ear-monitors\/wp-json\/wp\/v2\/pages\/49289\/revisions\/57012"}],"wp:attachment":[{"href":"https:\/\/www.earsonics.com\/in-ear-monitors\/wp-json\/wp\/v2\/media?parent=49289"}],"curies":[{"name":"wp","href":"https:\/\/api.w.org\/{rel}","templated":true}]}}