{"id":52080,"date":"2018-04-24T14:18:36","date_gmt":"2018-04-24T12:18:36","guid":{"rendered":"http:\/\/www.earsonics.com\/in-ear-monitors\/?page_id=52080\/"},"modified":"2018-04-25T20:54:11","modified_gmt":"2018-04-25T18:54:11","slug":"custom-colors","status":"publish","type":"page","link":"https:\/\/www.earsonics.com\/in-ear-monitors\/custom-colors\/","title":{"rendered":"CUSTOM COLORS"},"content":{"rendered":"<div class=\"wpb-content-wrapper\"><p>[vc_row][vc_column column_width_percent=\u00a0\u00bb100&Prime; align_horizontal=\u00a0\u00bbalign_center\u00a0\u00bb overlay_alpha=\u00a0\u00bb50&Prime; gutter_size=\u00a0\u00bb3&Prime; medium_width=\u00a0\u00bb0&Prime; shift_x=\u00a0\u00bb0&Prime; shift_y=\u00a0\u00bb0&Prime; z_index=\u00a0\u00bb0&Prime; width=\u00a0\u00bb1\/1&Prime;][vc_empty_space empty_h=\u00a0\u00bb2&Prime;][vc_custom_heading]CUSTOM COLORS[\/vc_custom_heading][vc_column_text]<\/p>\n<div class=\"page\" title=\"Page 2\">\n<div class=\"section\">\n<div class=\"layoutArea\">\n<div class=\"column\">\n<p>Custom In-Ear Monitors are offered in variety of faceplate colors to choose from.<br \/>\nThe inner part of the shell is always Translucent.<\/p>\n<p><em>Nos in-ear monitors custom sont propos\u00e9s dans diff\u00e9rentes couleurs de faceplate personnalis\u00e9es.<br \/>\nLa partie interne du in-ear (shell) est toujours Translucide.<\/em><\/p>\n<\/div>\n<\/div>\n<\/div>\n<\/div>\n<p>[\/vc_column_text][vc_separator icon=\u00a0\u00bbfa fa-paint-brush\u00a0\u00bb][\/vc_column][\/vc_row][vc_row][vc_column column_width_percent=\u00a0\u00bb100&Prime; overlay_alpha=\u00a0\u00bb50&Prime; gutter_size=\u00a0\u00bb3&Prime; medium_width=\u00a0\u00bb0&Prime; shift_x=\u00a0\u00bb0&Prime; shift_y=\u00a0\u00bb0&Prime; z_index=\u00a0\u00bb0&Prime; width=\u00a0\u00bb1\/1&Prime;][vc_gallery el_id=\u00a0\u00bbgallery-171860&Prime; medias=\u00a0\u00bb52083,52085,52088,52086,52084,52082,52087,52081,52089,52090,52091,52092,52093,52094,52095,52096,52097,52098&Prime; style_preset=\u00a0\u00bbmetro\u00a0\u00bb gutter_size=\u00a0\u00bb3&Prime; media_items=\u00a0\u00bbtitle,media|lightbox|original\u00a0\u00bb carousel_height=\u00a0\u00bbequal\u00a0\u00bb screen_lg=\u00a0\u00bb1000&Prime; screen_md=\u00a0\u00bb600&Prime; screen_sm=\u00a0\u00bb480&Prime; single_text=\u00a0\u00bbunder\u00a0\u00bb single_width=\u00a0\u00bb2&Prime; single_height=\u00a0\u00bb3&Prime; single_overlay_opacity=\u00a0\u00bb50&Prime; single_text_visible=\u00a0\u00bbyes\u00a0\u00bb single_text_anim=\u00a0\u00bbno\u00a0\u00bb single_image_color_anim=\u00a0\u00bbyes\u00a0\u00bb single_h_align=\u00a0\u00bbcenter\u00a0\u00bb single_v_position=\u00a0\u00bbbottom\u00a0\u00bb single_padding=\u00a0\u00bb2&Prime; single_css_animation=\u00a0\u00bbtop-t-bottom\u00a0\u00bb lbox_title=\u00a0\u00bbyes\u00a0\u00bb][\/vc_column][\/vc_row][vc_row][vc_column column_width_percent=\u00a0\u00bb100&Prime; align_horizontal=\u00a0\u00bbalign_center\u00a0\u00bb overlay_alpha=\u00a0\u00bb50&Prime; gutter_size=\u00a0\u00bb3&Prime; medium_width=\u00a0\u00bb0&Prime; shift_x=\u00a0\u00bb0&Prime; shift_y=\u00a0\u00bb0&Prime; z_index=\u00a0\u00bb0&Prime; width=\u00a0\u00bb1\/1&Prime;][vc_separator][vc_column_text]<\/p>\n<p class=\"color-disclaimer\"><i class=\"\">Actual color may vary due to size, shape, model, and screen resolution.<\/i><\/p>\n<p>[\/vc_column_text][vc_empty_space empty_h=\u00a0\u00bb2&Prime;][\/vc_column][\/vc_row]<\/p>\n<\/div>","protected":false},"excerpt":{"rendered":"<p>[vc_row][vc_column column_width_percent=\u00a0\u00bb100&Prime; align_horizontal=\u00a0\u00bbalign_center\u00a0\u00bb overlay_alpha=\u00a0\u00bb50&Prime; gutter_size=\u00a0\u00bb3&Prime; medium_width=\u00a0\u00bb0&Prime; shift_x=\u00a0\u00bb0&Prime; shift_y=\u00a0\u00bb0&Prime; z_index=\u00a0\u00bb0&Prime; width=\u00a0\u00bb1\/1&Prime;][vc_empty_space empty_h=\u00a0\u00bb2&Prime;][vc_custom_heading]CUSTOM COLORS[\/vc_custom_heading][vc_column_text] Custom In-Ear Monitors are offered in variety of [&hellip;]<\/p>\n","protected":false},"author":1,"featured_media":0,"parent":0,"menu_order":0,"comment_status":"closed","ping_status":"closed","template":"","meta":{"footnotes":""},"class_list":["post-52080","page","type-page","status-publish","hentry"],"aioseo_notices":[],"_links":{"self":[{"href":"https:\/\/www.earsonics.com\/in-ear-monitors\/wp-json\/wp\/v2\/pages\/52080","targetHints":{"allow":["GET"]}}],"collection":[{"href":"https:\/\/www.earsonics.com\/in-ear-monitors\/wp-json\/wp\/v2\/pages"}],"about":[{"href":"https:\/\/www.earsonics.com\/in-ear-monitors\/wp-json\/wp\/v2\/types\/page"}],"author":[{"embeddable":true,"href":"https:\/\/www.earsonics.com\/in-ear-monitors\/wp-json\/wp\/v2\/users\/1"}],"replies":[{"embeddable":true,"href":"https:\/\/www.earsonics.com\/in-ear-monitors\/wp-json\/wp\/v2\/comments?post=52080"}],"version-history":[{"count":4,"href":"https:\/\/www.earsonics.com\/in-ear-monitors\/wp-json\/wp\/v2\/pages\/52080\/revisions"}],"predecessor-version":[{"id":52173,"href":"https:\/\/www.earsonics.com\/in-ear-monitors\/wp-json\/wp\/v2\/pages\/52080\/revisions\/52173"}],"wp:attachment":[{"href":"https:\/\/www.earsonics.com\/in-ear-monitors\/wp-json\/wp\/v2\/media?parent=52080"}],"curies":[{"name":"wp","href":"https:\/\/api.w.org\/{rel}","templated":true}]}}