{"id":52894,"date":"2018-10-29T13:58:48","date_gmt":"2018-10-29T12:58:48","guid":{"rendered":"http:\/\/www.earsonics.com\/in-ear-monitors\/?page_id=52894\/"},"modified":"2024-01-27T21:07:09","modified_gmt":"2024-01-27T20:07:09","slug":"em64","status":"publish","type":"page","link":"https:\/\/www.earsonics.com\/in-ear-monitors\/em64\/","title":{"rendered":"EM64"},"content":{"rendered":"<div class=\"wpb-content-wrapper\"><p>[vc_row unlock_row_content=\u00a0\u00bbyes\u00a0\u00bb row_height_percent=\u00a0\u00bb80&Prime; override_padding=\u00a0\u00bbyes\u00a0\u00bb h_padding=\u00a0\u00bb0&Prime; top_padding=\u00a0\u00bb0&Prime; bottom_padding=\u00a0\u00bb0&Prime; back_color=\u00a0\u00bbcolor-170577&Prime; overlay_alpha=\u00a0\u00bb50&Prime; equal_height=\u00a0\u00bbyes\u00a0\u00bb gutter_size=\u00a0\u00bb3&Prime; shift_y=\u00a0\u00bb0&Prime;][vc_column column_width_percent=\u00a0\u00bb100&Prime; gutter_size=\u00a0\u00bb3&Prime; expand_height=\u00a0\u00bbyes\u00a0\u00bb style=\u00a0\u00bbdark\u00a0\u00bb overlay_alpha=\u00a0\u00bb50&Prime; shift_x=\u00a0\u00bb0&Prime; shift_y=\u00a0\u00bb0&Prime; z_index=\u00a0\u00bb0&Prime; medium_width=\u00a0\u00bb0&Prime; width=\u00a0\u00bb1\/1&Prime;][vc_row_inner row_inner_height_percent=\u00a0\u00bb0&Prime; overlay_alpha=\u00a0\u00bb50&Prime; equal_height=\u00a0\u00bbyes\u00a0\u00bb gutter_size=\u00a0\u00bb0&Prime; shift_y=\u00a0\u00bb0&Prime; limit_content=\u00a0\u00bb\u00a0\u00bb][vc_column_inner column_width_percent=\u00a0\u00bb100&Prime; position_vertical=\u00a0\u00bbmiddle\u00a0\u00bb align_horizontal=\u00a0\u00bbalign_center\u00a0\u00bb gutter_size=\u00a0\u00bb3&Prime; overlay_alpha=\u00a0\u00bb50&Prime; shift_x=\u00a0\u00bb0&Prime; shift_y=\u00a0\u00bb0&Prime; z_index=\u00a0\u00bb0&Prime; medium_width=\u00a0\u00bb0&Prime; width=\u00a0\u00bb1\/2&Prime; mobile_height=\u00a0\u00bb300&Prime;][vc_single_image media=\u00a0\u00bb52963&Prime; media_lightbox=\u00a0\u00bbyes\u00a0\u00bb media_width_percent=\u00a0\u00bb100&Prime; css_animation=\u00a0\u00bbtop-t-bottom\u00a0\u00bb animation_speed=\u00a0\u00bb600&Prime; animation_delay=\u00a0\u00bb300&Prime; lbox_skin=\u00a0\u00bbwhite\u00a0\u00bb][\/vc_column_inner][vc_column_inner column_width_percent=\u00a0\u00bb65&Prime; position_vertical=\u00a0\u00bbmiddle\u00a0\u00bb gutter_size=\u00a0\u00bb1&Prime; override_padding=\u00a0\u00bbyes\u00a0\u00bb column_padding=\u00a0\u00bb3&Prime; style=\u00a0\u00bblight\u00a0\u00bb overlay_alpha=\u00a0\u00bb50&Prime; shift_x=\u00a0\u00bb0&Prime; shift_y=\u00a0\u00bb0&Prime; z_index=\u00a0\u00bb0&Prime; align_medium=\u00a0\u00bbalign_center_tablet\u00a0\u00bb medium_width=\u00a0\u00bb0&Prime; align_mobile=\u00a0\u00bbalign_center_mobile\u00a0\u00bb width=\u00a0\u00bb1\/2&Prime;][vc_custom_heading heading_semantic=\u00a0\u00bbh1&Prime; text_size=\u00a0\u00bbfontsize-338686&Prime; text_weight=\u00a0\u00bb400&Prime; sub_reduced=\u00a0\u00bbyes\u00a0\u00bb css_animation=\u00a0\u00bbright-t-left\u00a0\u00bb animation_speed=\u00a0\u00bb600&Prime; animation_delay=\u00a0\u00bb300&Prime; text_align=\u00a0\u00bbtext-left\u00a0\u00bb]<span class=\"font-142280\">EM64<\/span>[\/vc_custom_heading][vc_custom_heading text_color=\u00a0\u00bbaccent\u00a0\u00bb text_size=\u00a0\u00bbh3&Prime;]3 WAY \/ 6 DRIVERS[\/vc_custom_heading][vc_column_text uncode_shortcode_id=\u00a0\u00bb102209&Prime;]La synth\u00e8se parfaite pour l\u2019exp\u00e9rience live\u00a0: Puissance, rigueur spectrale et headroom maximum.<\/p>\n<p><em><img decoding=\"async\" class=\"alignnone wp-image-49297 size-full\" src=\"http:\/\/www.earsonics.com\/in-ear-monitors\/wp-content\/uploads\/config-EM6.png\" alt=\"\" width=\"300\" height=\"150\" \/><img decoding=\"async\" class=\"alignnone wp-image-49297\" src=\"https:\/\/www.earsonics.com\/in-ear-monitors\/wp-content\/uploads\/config-EM6.png\" alt=\"\" width=\"256\" height=\"128\" \/><\/em>[\/vc_column_text][vc_button button_color=\u00a0\u00bbaccent\u00a0\u00bb radius=\u00a0\u00bbbtn-round\u00a0\u00bb border_width=\u00a0\u00bb0&Prime; width=\u00a0\u00bb260&Prime; link=\u00a0\u00bburl:https%3A%2F%2Fwww.earsonics.com%2Fstore%2F|||\u00a0\u00bb button_color_type=\u00a0\u00bbuncode-palette\u00a0\u00bb icon=\u00a0\u00bbfa fa-shopping-cart\u00a0\u00bb uncode_shortcode_id=\u00a0\u00bb200968&Prime;]SHOP[\/vc_button][\/vc_column_inner][\/vc_row_inner][\/vc_column][\/vc_row][vc_row unlock_row_content=\u00a0\u00bbyes\u00a0\u00bb row_height_percent=\u00a0\u00bb30&Prime; override_padding=\u00a0\u00bbyes\u00a0\u00bb h_padding=\u00a0\u00bb0&Prime; top_padding=\u00a0\u00bb0&Prime; bottom_padding=\u00a0\u00bb0&Prime; overlay_alpha=\u00a0\u00bb50&Prime; gutter_size=\u00a0\u00bb0&Prime; shift_y=\u00a0\u00bb0&Prime; row_height_pixel=\u00a0\u00bb150&Prime;][vc_column column_width_percent=\u00a0\u00bb70&Prime; position_vertical=\u00a0\u00bbmiddle\u00a0\u00bb gutter_size=\u00a0\u00bb3&Prime; expand_height=\u00a0\u00bbyes\u00a0\u00bb back_color=\u00a0\u00bbcolor-gyho\u00a0\u00bb overlay_alpha=\u00a0\u00bb50&Prime; shift_x=\u00a0\u00bb0&Prime; shift_y=\u00a0\u00bb0&Prime; z_index=\u00a0\u00bb0&Prime; medium_width=\u00a0\u00bb0&Prime; width=\u00a0\u00bb6\/12&Prime;][vc_column_text]<\/p>\n<h3>PUISSANCE \/ HEADROOM<\/h3>\n<p>L\u2019EM64 est la derni\u00e8re cr\u00e9ation \u00e0 architecture gros drivers de chez EarSonics. Sp\u00e9cialement con\u00e7u pour les professionnels du son, il r\u00e9unit \u00e0 lui seul tout ce qui a fait le succ\u00e8s de l\u2019EM3PRO\u00a0: rendement maximum et puissance, ainsi que de l\u2019EM32\u00a0: rigueur et contr\u00f4le des signaux dynamiques lors d\u2019\u00e9coutes \u00ab\u00a0live\u00a0\u00bb.<\/p>\n<h3>SON<\/h3>\n<p>L\u2019EM64 offre un son plein dans toutes les parties du spectre avec une sensation de pr\u00e9sence et un premier plan sonore redoutable pour l\u2019exp\u00e9rience LIVE.<br \/>\nLe son est \u00e9quilibr\u00e9, naturel et musical, avec les ingr\u00e9dients qui ont fait le succ\u00e8s de EarSonics, un grave organique et chaud, un medium travaill\u00e9 et un contr\u00f4le de l\u2019agressivit\u00e9 dans le haut medium et ce m\u00eame \u00e0 fort volume d\u2019\u00e9coute.<br \/>\nL\u2019aigu quant \u00e0 lui, est textur\u00e9 et fin comme \u00e0 l\u2019habitude, avec une pr\u00e9sentation riche en harmoniques et une sensation d\u2019air et de clart\u00e9 incomparable.<\/p>\n<h3>R&amp;D<\/h3>\n<p>Pour arriver \u00e0 ce r\u00e9sultat,\u00a0notre d\u00e9partement R&amp;D s\u2019est appuy\u00e9 sur notre nouvelle g\u00e9n\u00e9ration de gros drivers propri\u00e9taires ainsi que d\u2019un nouveau proc\u00e9d\u00e9 de canule \u00e0 trois sorties asym\u00e9triques surmont\u00e9e d\u2019un nouveau mono-pavillon exclusif \u00ab\u00a0<strong><em>TRUEWAVE<\/em><\/strong>\u00a0\u00bb.<br \/>\nLe tout permettant un travail optimum sur le contr\u00f4le de la phase et une courbe de magnitude-coh\u00e9rence de premier ordre.[\/vc_column_text][vc_single_image media=\u00a0\u00bb52967&Prime; media_width_percent=\u00a0\u00bb59&Prime; alignment=\u00a0\u00bbcenter\u00a0\u00bb][\/vc_column][vc_column column_width_percent=\u00a0\u00bb80&Prime; gutter_size=\u00a0\u00bb3&Prime; expand_height=\u00a0\u00bbyes\u00a0\u00bb style=\u00a0\u00bbdark\u00a0\u00bb back_color=\u00a0\u00bbcolor-prif\u00a0\u00bb overlay_alpha=\u00a0\u00bb50&Prime; shift_x=\u00a0\u00bb0&Prime; shift_y=\u00a0\u00bb0&Prime; z_index=\u00a0\u00bb0&Prime; medium_width=\u00a0\u00bb0&Prime; width=\u00a0\u00bb3\/12&Prime;][vc_custom_heading text_size=\u00a0\u00bbh3&Prime;]IMAGING[\/vc_custom_heading][vc_progress_bar values=\u00a0\u00bb%5B%7B%22label%22%3A%22STEREO%22%2C%22value%22%3A%2280%22%2C%22bar_color%22%3A%22color-878846%22%7D%2C%7B%22label%22%3A%22STAGE%20DISTANCE%22%2C%22value%22%3A%2275%22%2C%22bar_color%22%3A%22color-878846%22%7D%2C%7B%22label%22%3A%22DETAILS%22%2C%22value%22%3A%2287%22%2C%22bar_color%22%3A%22color-878846%22%7D%5D\u00a0\u00bb][vc_empty_space empty_h=\u00a0\u00bb2&Prime;][vc_custom_heading text_size=\u00a0\u00bbh5&Prime; subheading=\u00a0\u00bbMUSICIENS<br \/>\nAUDIOPHILES\u00a0\u00bb]RECOMMANDATIONS[\/vc_custom_heading][\/vc_column][vc_column column_width_percent=\u00a0\u00bb90&Prime; gutter_size=\u00a0\u00bb3&Prime; expand_height=\u00a0\u00bbyes\u00a0\u00bb style=\u00a0\u00bbdark\u00a0\u00bb back_color=\u00a0\u00bbcolor-prif\u00a0\u00bb overlay_alpha=\u00a0\u00bb50&Prime; shift_x=\u00a0\u00bb0&Prime; shift_y=\u00a0\u00bb0&Prime; z_index=\u00a0\u00bb0&Prime; medium_width=\u00a0\u00bb0&Prime; width=\u00a0\u00bb3\/12&Prime;][vc_custom_heading text_size=\u00a0\u00bbh3&Prime;]SIGNATURE[\/vc_custom_heading][vc_progress_bar values=\u00a0\u00bb%5B%7B%22label%22%3A%22SUB%22%2C%22value%22%3A%2250%22%2C%22bar_color%22%3A%22color-878846%22%7D%2C%7B%22label%22%3A%22BASS%22%2C%22value%22%3A%2252%22%2C%22bar_color%22%3A%22color-878846%22%7D%2C%7B%22label%22%3A%22LOW%20MID%22%2C%22value%22%3A%2248%22%2C%22bar_color%22%3A%22color-878846%22%7D%2C%7B%22label%22%3A%22MID%22%2C%22value%22%3A%2249%22%2C%22bar_color%22%3A%22color-878846%22%7D%2C%7B%22label%22%3A%22HIGH%20MID%22%2C%22value%22%3A%2250%22%2C%22bar_color%22%3A%22color-878846%22%7D%2C%7B%22label%22%3A%22TREBLE%22%2C%22value%22%3A%2255%22%2C%22bar_color%22%3A%22color-878846%22%7D%5D\u00a0\u00bb][\/vc_column][\/vc_row][vc_row row_height_percent=\u00a0\u00bb0&Prime; override_padding=\u00a0\u00bbyes\u00a0\u00bb h_padding=\u00a0\u00bb0&Prime; top_padding=\u00a0\u00bb0&Prime; bottom_padding=\u00a0\u00bb0&Prime; overlay_alpha=\u00a0\u00bb50&Prime; gutter_size=\u00a0\u00bb0&Prime; shift_y=\u00a0\u00bb0&Prime; row_height_pixel=\u00a0\u00bb150&Prime;][vc_column column_width_percent=\u00a0\u00bb100&Prime; align_horizontal=\u00a0\u00bbalign_center\u00a0\u00bb gutter_size=\u00a0\u00bb3&Prime; expand_height=\u00a0\u00bbyes\u00a0\u00bb style=\u00a0\u00bblight\u00a0\u00bb overlay_alpha=\u00a0\u00bb50&Prime; shift_x=\u00a0\u00bb0&Prime; shift_y=\u00a0\u00bb0&Prime; z_index=\u00a0\u00bb0&Prime; medium_width=\u00a0\u00bb0&Prime; width=\u00a0\u00bb1\/1&Prime;][vc_empty_space empty_h=\u00a0\u00bb2&Prime;][vc_custom_heading]TRUEWAVE[\/vc_custom_heading][vc_separator sep_color=\u00a0\u00bb,Default\u00a0\u00bb][\/vc_column][\/vc_row][vc_row row_height_percent=\u00a0\u00bb30&Prime; override_padding=\u00a0\u00bbyes\u00a0\u00bb h_padding=\u00a0\u00bb0&Prime; top_padding=\u00a0\u00bb0&Prime; bottom_padding=\u00a0\u00bb0&Prime; overlay_alpha=\u00a0\u00bb50&Prime; gutter_size=\u00a0\u00bb0&Prime; shift_y=\u00a0\u00bb0&Prime; row_height_pixel=\u00a0\u00bb150&Prime;][vc_column column_width_percent=\u00a0\u00bb100&Prime; align_horizontal=\u00a0\u00bbalign_center\u00a0\u00bb gutter_size=\u00a0\u00bb3&Prime; expand_height=\u00a0\u00bbyes\u00a0\u00bb style=\u00a0\u00bblight\u00a0\u00bb overlay_alpha=\u00a0\u00bb50&Prime; shift_x=\u00a0\u00bb0&Prime; shift_y=\u00a0\u00bb0&Prime; z_index=\u00a0\u00bb0&Prime; medium_width=\u00a0\u00bb0&Prime; width=\u00a0\u00bb1\/4&Prime;][vc_empty_space empty_h=\u00a0\u00bb3&Prime;][vc_custom_heading sub_lead=\u00a0\u00bbyes\u00a0\u00bb sub_reduced=\u00a0\u00bbyes\u00a0\u00bb subheading=\u00a0\u00bbControl\u00a0\u00bb]Phase[\/vc_custom_heading][uncode_counter value=\u00a0\u00bb100&Prime; counter_color=\u00a0\u00bbcolor-878846&Prime; suffix=\u00a0\u00bb%\u00a0\u00bb][\/vc_column][vc_column column_width_percent=\u00a0\u00bb70&Prime; position_horizontal=\u00a0\u00bbleft\u00a0\u00bb position_vertical=\u00a0\u00bbmiddle\u00a0\u00bb align_horizontal=\u00a0\u00bbalign_center\u00a0\u00bb gutter_size=\u00a0\u00bb3&Prime; expand_height=\u00a0\u00bbyes\u00a0\u00bb overlay_alpha=\u00a0\u00bb50&Prime; shift_x=\u00a0\u00bb0&Prime; shift_y=\u00a0\u00bb0&Prime; z_index=\u00a0\u00bb0&Prime; medium_width=\u00a0\u00bb0&Prime; width=\u00a0\u00bb1\/4&Prime;][vc_empty_space empty_h=\u00a0\u00bb3&Prime;][vc_custom_heading sub_lead=\u00a0\u00bbyes\u00a0\u00bb sub_reduced=\u00a0\u00bbyes\u00a0\u00bb subheading=\u00a0\u00bbCoherence\u00a0\u00bb]Frequency[\/vc_custom_heading][uncode_counter value=\u00a0\u00bb100&Prime; counter_color=\u00a0\u00bbcolor-878846&Prime; suffix=\u00a0\u00bb%\u00a0\u00bb][\/vc_column][vc_column width=\u00a0\u00bb1\/2&Prime;][vc_empty_space][vc_single_image media=\u00a0\u00bb52897&Prime; media_width_percent=\u00a0\u00bb80&Prime;][\/vc_column][\/vc_row][vc_row unlock_row_content=\u00a0\u00bbyes\u00a0\u00bb row_height_percent=\u00a0\u00bb0&Prime; override_padding=\u00a0\u00bbyes\u00a0\u00bb h_padding=\u00a0\u00bb2&Prime; top_padding=\u00a0\u00bb3&Prime; bottom_padding=\u00a0\u00bb3&Prime; overlay_alpha=\u00a0\u00bb100&Prime; gutter_size=\u00a0\u00bb3&Prime; shift_y=\u00a0\u00bb0&Prime; row_name=\u00a0\u00bbSpecifications\u00a0\u00bb][vc_column column_width_percent=\u00a0\u00bb100&Prime; align_horizontal=\u00a0\u00bbalign_center\u00a0\u00bb gutter_size=\u00a0\u00bb3&Prime; override_padding=\u00a0\u00bbyes\u00a0\u00bb column_padding=\u00a0\u00bb1&Prime; overlay_alpha=\u00a0\u00bb50&Prime; shift_x=\u00a0\u00bb0&Prime; shift_y=\u00a0\u00bb0&Prime; z_index=\u00a0\u00bb0&Prime; medium_width=\u00a0\u00bb0&Prime; zoom_width=\u00a0\u00bb0&Prime; zoom_height=\u00a0\u00bb0&Prime;][vc_row_inner row_inner_height_percent=\u00a0\u00bb0&Prime; overlay_alpha=\u00a0\u00bb50&Prime; gutter_size=\u00a0\u00bb3&Prime; shift_y=\u00a0\u00bb0&Prime; limit_content=\u00a0\u00bb\u00a0\u00bb][vc_column_inner column_width_percent=\u00a0\u00bb100&Prime; gutter_size=\u00a0\u00bb3&Prime; overlay_alpha=\u00a0\u00bb50&Prime; shift_x=\u00a0\u00bb0&Prime; shift_y=\u00a0\u00bb0&Prime; z_index=\u00a0\u00bb0&Prime; medium_width=\u00a0\u00bb0&Prime; width=\u00a0\u00bb1\/2&Prime;][vc_single_image media=\u00a0\u00bb53159&Prime; media_width_percent=\u00a0\u00bb100&Prime; alignment=\u00a0\u00bbcenter\u00a0\u00bb uncode_shortcode_id=\u00a0\u00bb190128&Prime;][\/vc_column_inner][vc_column_inner column_width_percent=\u00a0\u00bb60&Prime; gutter_size=\u00a0\u00bb3&Prime; overlay_alpha=\u00a0\u00bb50&Prime; shift_x=\u00a0\u00bb0&Prime; shift_y=\u00a0\u00bb0&Prime; z_index=\u00a0\u00bb0&Prime; align_medium=\u00a0\u00bbalign_center_tablet\u00a0\u00bb medium_width=\u00a0\u00bb0&Prime; align_mobile=\u00a0\u00bbalign_center_mobile\u00a0\u00bb width=\u00a0\u00bb1\/2&Prime;][vc_separator sep_color=\u00a0\u00bb,Default\u00a0\u00bb css_animation=\u00a0\u00bbright-t-left\u00a0\u00bb animation_speed=\u00a0\u00bb600&Prime; animation_delay=\u00a0\u00bb400&Prime;][vc_column_text]<\/p>\n<h3 class=\"content-collapse\">SPECIFICATIONS<\/h3>\n<p>Sensibilit\u00e9: 127 dB\/mW<br \/>\nR\u00e9ponse en fr\u00e9quences: 10 Hz -20 kHz<br \/>\nDCR: 44 ohms<br \/>\nDriver: 6 transducteurs avec filtre HQ 3 voies \u00e0 correcteur d&rsquo;imp\u00e9dance[\/vc_column_text][vc_column_text]<\/p>\n<h3 class=\"content-collapse\">CONTENU DE LA BO\u00ceTE<\/h3>\n<div class=\"section1\">\n<p>EM64 et son\u00a0c\u00e2ble d\u00e9tachable<br \/>\n1 outil de nettoyage<br \/>\nMalette de transport rigide<br \/>\nMode D\u2019emploi<\/div>\n<p>[\/vc_column_text][vc_separator sep_color=\u00a0\u00bb,Default\u00a0\u00bb css_animation=\u00a0\u00bbright-t-left\u00a0\u00bb animation_speed=\u00a0\u00bb600&Prime; animation_delay=\u00a0\u00bb400&Prime;][uncode_counter value=\u00a0\u00bb100&Prime; counter_color=\u00a0\u00bbaccent\u00a0\u00bb text=\u00a0\u00bbMADE IN FRANCE\u00a0\u00bb suffix=\u00a0\u00bb%\u00a0\u00bb][\/vc_column_inner][\/vc_row_inner][\/vc_column][\/vc_row]<\/p>\n<\/div>","protected":false},"excerpt":{"rendered":"<p>[vc_row unlock_row_content=\u00a0\u00bbyes\u00a0\u00bb row_height_percent=\u00a0\u00bb80&Prime; override_padding=\u00a0\u00bbyes\u00a0\u00bb h_padding=\u00a0\u00bb0&Prime; top_padding=\u00a0\u00bb0&Prime; bottom_padding=\u00a0\u00bb0&Prime; back_color=\u00a0\u00bbcolor-170577&Prime; overlay_alpha=\u00a0\u00bb50&Prime; equal_height=\u00a0\u00bbyes\u00a0\u00bb gutter_size=\u00a0\u00bb3&Prime; shift_y=\u00a0\u00bb0&Prime;][vc_column column_width_percent=\u00a0\u00bb100&Prime; gutter_size=\u00a0\u00bb3&Prime; expand_height=\u00a0\u00bbyes\u00a0\u00bb style=\u00a0\u00bbdark\u00a0\u00bb overlay_alpha=\u00a0\u00bb50&Prime; shift_x=\u00a0\u00bb0&Prime; shift_y=\u00a0\u00bb0&Prime; z_index=\u00a0\u00bb0&Prime; [&hellip;]<\/p>\n","protected":false},"author":1,"featured_media":0,"parent":0,"menu_order":0,"comment_status":"open","ping_status":"closed","template":"","meta":{"footnotes":""},"class_list":["post-52894","page","type-page","status-publish","hentry"],"aioseo_notices":[],"_links":{"self":[{"href":"https:\/\/www.earsonics.com\/in-ear-monitors\/wp-json\/wp\/v2\/pages\/52894","targetHints":{"allow":["GET"]}}],"collection":[{"href":"https:\/\/www.earsonics.com\/in-ear-monitors\/wp-json\/wp\/v2\/pages"}],"about":[{"href":"https:\/\/www.earsonics.com\/in-ear-monitors\/wp-json\/wp\/v2\/types\/page"}],"author":[{"embeddable":true,"href":"https:\/\/www.earsonics.com\/in-ear-monitors\/wp-json\/wp\/v2\/users\/1"}],"replies":[{"embeddable":true,"href":"https:\/\/www.earsonics.com\/in-ear-monitors\/wp-json\/wp\/v2\/comments?post=52894"}],"version-history":[{"count":4,"href":"https:\/\/www.earsonics.com\/in-ear-monitors\/wp-json\/wp\/v2\/pages\/52894\/revisions"}],"predecessor-version":[{"id":57019,"href":"https:\/\/www.earsonics.com\/in-ear-monitors\/wp-json\/wp\/v2\/pages\/52894\/revisions\/57019"}],"wp:attachment":[{"href":"https:\/\/www.earsonics.com\/in-ear-monitors\/wp-json\/wp\/v2\/media?parent=52894"}],"curies":[{"name":"wp","href":"https:\/\/api.w.org\/{rel}","templated":true}]}}