{"id":56278,"date":"2022-10-25T17:12:33","date_gmt":"2022-10-25T15:12:33","guid":{"rendered":"https:\/\/www.earsonics.com\/in-ear-monitors\/?page_id=56278"},"modified":"2024-01-27T22:45:18","modified_gmt":"2024-01-27T21:45:18","slug":"switch-500-pro","status":"publish","type":"page","link":"https:\/\/www.earsonics.com\/in-ear-monitors\/switch-500-pro\/","title":{"rendered":"SWITCH-500-PRO"},"content":{"rendered":"<div class=\"wpb-content-wrapper\"><p>[vc_row unlock_row_content=\u00a0\u00bbyes\u00a0\u00bb row_height_percent=\u00a0\u00bb60&Prime; override_padding=\u00a0\u00bbyes\u00a0\u00bb h_padding=\u00a0\u00bb2&Prime; top_padding=\u00a0\u00bb3&Prime; bottom_padding=\u00a0\u00bb3&Prime; overlay_alpha=\u00a0\u00bb100&Prime; equal_height=\u00a0\u00bbyes\u00a0\u00bb gutter_size=\u00a0\u00bb100&Prime; column_width_percent=\u00a0\u00bb100&Prime; shift_y=\u00a0\u00bb0&Prime; z_index=\u00a0\u00bb0&Prime; style=\u00a0\u00bbdark\u00a0\u00bb row_name=\u00a0\u00bbPhilosophie\u00a0\u00bb uncode_shortcode_id=\u00a0\u00bb168009&Prime;][vc_column column_width_use_pixel=\u00a0\u00bbyes\u00a0\u00bb position_vertical=\u00a0\u00bbmiddle\u00a0\u00bb align_horizontal=\u00a0\u00bbalign_center\u00a0\u00bb gutter_size=\u00a0\u00bb3&Prime; overlay_alpha=\u00a0\u00bb60&Prime; shift_x=\u00a0\u00bb0&Prime; shift_y=\u00a0\u00bb0&Prime; shift_y_down=\u00a0\u00bb0&Prime; z_index=\u00a0\u00bb0&Prime; medium_width=\u00a0\u00bb0&Prime; mobile_width=\u00a0\u00bb0&Prime; radius=\u00a0\u00bbxl\u00a0\u00bb zoom_width=\u00a0\u00bb0&Prime; zoom_height=\u00a0\u00bb0&Prime; width=\u00a0\u00bb1\/2&Prime; column_width_pixel=\u00a0\u00bb1000&Prime; uncode_shortcode_id=\u00a0\u00bb105047&Prime;][vc_custom_heading text_size=\u00a0\u00bbfontsize-155944&Prime; separator=\u00a0\u00bbyes\u00a0\u00bb uncode_shortcode_id=\u00a0\u00bb421979&Prime; subheading=\u00a0\u00bbL\u2019ultime \u00e9couteur pro universel.\u00a0\u00bb]SWITCH-500-PRO[\/vc_custom_heading][vc_column_text uncode_shortcode_id=\u00a0\u00bb122538&Prime;]<\/p>\n<h3>PRO SERIE<\/h3>\n<p>[\/vc_column_text][vc_button button_color=\u00a0\u00bbcolor-632047&Prime; size=\u00a0\u00bbbtn-xl\u00a0\u00bb radius=\u00a0\u00bbbtn-round\u00a0\u00bb border_width=\u00a0\u00bb0&Prime; link=\u00a0\u00bburl:https%3A%2F%2Fwww.earsonics.com%2Fstore%2F|target:_blank\u00a0\u00bb uncode_shortcode_id=\u00a0\u00bb463351&Prime; button_color_type=\u00a0\u00bbuncode-palette\u00a0\u00bb icon=\u00a0\u00bbfa fa-shopping-cart\u00a0\u00bb]SHOP[\/vc_button][\/vc_column][vc_column column_width_percent=\u00a0\u00bb100&Prime; position_vertical=\u00a0\u00bbmiddle\u00a0\u00bb align_horizontal=\u00a0\u00bbalign_center\u00a0\u00bb gutter_size=\u00a0\u00bb3&Prime; overlay_alpha=\u00a0\u00bb50&Prime; shift_x=\u00a0\u00bb0&Prime; shift_y=\u00a0\u00bb0&Prime; shift_y_down=\u00a0\u00bb0&Prime; z_index=\u00a0\u00bb0&Prime; medium_width=\u00a0\u00bb0&Prime; mobile_width=\u00a0\u00bb0&Prime; width=\u00a0\u00bb1\/2&Prime; uncode_shortcode_id=\u00a0\u00bb738683&Prime;][vc_single_image media=\u00a0\u00bb56110&Prime; media_width_percent=\u00a0\u00bb100&Prime; uncode_shortcode_id=\u00a0\u00bb896491&Prime;][\/vc_column][\/vc_row][vc_row unlock_row_content=\u00a0\u00bbyes\u00a0\u00bb row_height_percent=\u00a0\u00bb30&Prime; override_padding=\u00a0\u00bbyes\u00a0\u00bb h_padding=\u00a0\u00bb2&Prime; top_padding=\u00a0\u00bb3&Prime; bottom_padding=\u00a0\u00bb3&Prime; back_image=\u00a0\u00bb56145&Prime; back_position=\u00a0\u00bbcenter center\u00a0\u00bb parallax=\u00a0\u00bbyes\u00a0\u00bb overlay_alpha=\u00a0\u00bb0&Prime; gutter_size=\u00a0\u00bb3&Prime; column_width_percent=\u00a0\u00bb100&Prime; shift_y=\u00a0\u00bb0&Prime; z_index=\u00a0\u00bb0&Prime; row_name=\u00a0\u00bbFeature\u00a0\u00bb uncode_shortcode_id=\u00a0\u00bb170972&Prime;][vc_column column_width_percent=\u00a0\u00bb100&Prime; position_vertical=\u00a0\u00bbmiddle\u00a0\u00bb align_horizontal=\u00a0\u00bbalign_center\u00a0\u00bb gutter_size=\u00a0\u00bb3&Prime; style=\u00a0\u00bbdark\u00a0\u00bb overlay_alpha=\u00a0\u00bb100&Prime; shift_x=\u00a0\u00bb0&Prime; shift_y=\u00a0\u00bb0&Prime; shift_y_down=\u00a0\u00bb0&Prime; z_index=\u00a0\u00bb0&Prime; medium_width=\u00a0\u00bb0&Prime; mobile_width=\u00a0\u00bb0&Prime; zoom_width=\u00a0\u00bb0&Prime; zoom_height=\u00a0\u00bb0&Prime; width=\u00a0\u00bb1\/1&Prime; uncode_shortcode_id=\u00a0\u00bb185757&Prime;][vc_column_text uncode_shortcode_id=\u00a0\u00bb150951&Prime;]<\/p>\n<h4>Porte \u00e9tendard de la gamme SWITCH, LE SWITCH 500 PRO est un condens\u00e9 de ce qui se fait de mieux en in-ears monitors professionnel.<\/h4>\n<p>[\/vc_column_text][\/vc_column][\/vc_row][vc_row unlock_row_content=\u00a0\u00bbyes\u00a0\u00bb row_height_percent=\u00a0\u00bb0&Prime; override_padding=\u00a0\u00bbyes\u00a0\u00bb h_padding=\u00a0\u00bb0&Prime; top_padding=\u00a0\u00bb0&Prime; bottom_padding=\u00a0\u00bb0&Prime; overlay_alpha=\u00a0\u00bb85&Prime; gutter_size=\u00a0\u00bb3&Prime; column_width_percent=\u00a0\u00bb100&Prime; shift_y=\u00a0\u00bb0&Prime; z_index=\u00a0\u00bb0&Prime; mobile_visibility=\u00a0\u00bbyes\u00a0\u00bb][vc_column column_width_percent=\u00a0\u00bb100&Prime; position_vertical=\u00a0\u00bbmiddle\u00a0\u00bb gutter_size=\u00a0\u00bb3&Prime; override_padding=\u00a0\u00bbyes\u00a0\u00bb column_padding=\u00a0\u00bb0&Prime; style=\u00a0\u00bblight\u00a0\u00bb overlay_alpha=\u00a0\u00bb50&Prime; shift_x=\u00a0\u00bb0&Prime; shift_y=\u00a0\u00bb0&Prime; shift_y_down=\u00a0\u00bb0&Prime; z_index=\u00a0\u00bb0&Prime; medium_width=\u00a0\u00bb4&Prime; mobile_width=\u00a0\u00bb0&Prime; zoom_width=\u00a0\u00bb0&Prime; zoom_height=\u00a0\u00bb0&Prime; width=\u00a0\u00bb1\/2&Prime;][vc_single_image media=\u00a0\u00bb56178&Prime; media_width_percent=\u00a0\u00bb65&Prime; alignment=\u00a0\u00bbcenter\u00a0\u00bb uncode_shortcode_id=\u00a0\u00bb574451&Prime;][\/vc_column][vc_column column_width_percent=\u00a0\u00bb100&Prime; position_vertical=\u00a0\u00bbmiddle\u00a0\u00bb gutter_size=\u00a0\u00bb3&Prime; override_padding=\u00a0\u00bbyes\u00a0\u00bb column_padding=\u00a0\u00bb2&Prime; overlay_alpha=\u00a0\u00bb100&Prime; shift_x=\u00a0\u00bb0&Prime; shift_y=\u00a0\u00bb0&Prime; shift_y_down=\u00a0\u00bb0&Prime; z_index=\u00a0\u00bb0&Prime; medium_width=\u00a0\u00bb4&Prime; mobile_width=\u00a0\u00bb0&Prime; zoom_width=\u00a0\u00bb0&Prime; zoom_height=\u00a0\u00bb0&Prime; width=\u00a0\u00bb1\/2&Prime;][vc_empty_space empty_h=\u00a0\u00bb4&Prime;][vc_custom_heading uncode_shortcode_id=\u00a0\u00bb125265&Prime;]DESIGN[\/vc_custom_heading][vc_column_text uncode_shortcode_id=\u00a0\u00bb910194&Prime;]<\/p>\n<h4>Isolant confortable, et l\u00e9ger.<\/h4>\n<h4>Reprenant le design et les avanc\u00e9s techniques du SWITCH 300 PRO, LE SWITCH 500 PRO va encore plus loin en se voyant\u00a0 dot\u00e9 de nouveaux attributs technologiques\u00a0:<\/h4>\n<h4>Coque EVS int\u00e9grant le proc\u00e9d\u00e9 fusion, ce dernier permet l\u2019int\u00e9gration des nouveaux drivers exclusifs \u00e0 \u00e9vents, pour toujours plus de r\u00e9alisme dans le rendu sonore.<\/h4>\n<h4>TRUEWAVE, la canule quant \u00e0 elle, int\u00e8gre le proc\u00e9d\u00e9 TrueWave, derni\u00e8re technologie d\u00e9velopp\u00e9e par nos ingenieurs et inaugur\u00e9e avec l\u2019arriv\u00e9e de l\u2019EM64\u00a0; cette configuration permet un travail optimum sur le contr\u00f4le de la phase et courbe de magnitude-coh\u00e9rence pour une \u00e9coute toujours plus r\u00e9aliste et musicale.<\/h4>\n<p>[\/vc_column_text][vc_empty_space empty_h=\u00a0\u00bb4&Prime;][\/vc_column][\/vc_row][vc_row unlock_row_content=\u00a0\u00bbyes\u00a0\u00bb row_height_percent=\u00a0\u00bb0&Prime; back_color=\u00a0\u00bbcolor-rgdb\u00a0\u00bb overlay_alpha=\u00a0\u00bb85&Prime; gutter_size=\u00a0\u00bb3&Prime; column_width_percent=\u00a0\u00bb100&Prime; shift_y=\u00a0\u00bb0&Prime; z_index=\u00a0\u00bb0&Prime; uncode_shortcode_id=\u00a0\u00bb148201&Prime; back_color_type=\u00a0\u00bbuncode-palette\u00a0\u00bb][vc_column column_width_percent=\u00a0\u00bb100&Prime; position_vertical=\u00a0\u00bbmiddle\u00a0\u00bb gutter_size=\u00a0\u00bb3&Prime; style=\u00a0\u00bbdark\u00a0\u00bb overlay_alpha=\u00a0\u00bb50&Prime; shift_x=\u00a0\u00bb0&Prime; shift_y=\u00a0\u00bb0&Prime; shift_y_down=\u00a0\u00bb0&Prime; z_index=\u00a0\u00bb0&Prime; medium_width=\u00a0\u00bb4&Prime; mobile_width=\u00a0\u00bb0&Prime; zoom_width=\u00a0\u00bb0&Prime; zoom_height=\u00a0\u00bb0&Prime; width=\u00a0\u00bb1\/2&Prime; uncode_shortcode_id=\u00a0\u00bb144690&Prime;][vc_single_image media=\u00a0\u00bb56240&Prime; media_width_percent=\u00a0\u00bb100&Prime; uncode_shortcode_id=\u00a0\u00bb119008&Prime;][\/vc_column][vc_column column_width_percent=\u00a0\u00bb100&Prime; position_vertical=\u00a0\u00bbmiddle\u00a0\u00bb gutter_size=\u00a0\u00bb3&Prime; override_padding=\u00a0\u00bbyes\u00a0\u00bb column_padding=\u00a0\u00bb2&Prime; style=\u00a0\u00bbdark\u00a0\u00bb overlay_alpha=\u00a0\u00bb100&Prime; shift_x=\u00a0\u00bb0&Prime; shift_y=\u00a0\u00bb0&Prime; shift_y_down=\u00a0\u00bb0&Prime; z_index=\u00a0\u00bb0&Prime; medium_width=\u00a0\u00bb4&Prime; mobile_width=\u00a0\u00bb0&Prime; zoom_width=\u00a0\u00bb0&Prime; zoom_height=\u00a0\u00bb0&Prime; width=\u00a0\u00bb1\/2&Prime;][vc_empty_space empty_h=\u00a0\u00bb4&Prime;][vc_custom_heading sub_reduced=\u00a0\u00bbyes\u00a0\u00bb uncode_shortcode_id=\u00a0\u00bb308630&Prime;]SON[\/vc_custom_heading][vc_column_text uncode_shortcode_id=\u00a0\u00bb145406&Prime;]<\/p>\n<h4>V\u00e9ritable IN EAR MONITORS pro haut de gamme le SWITCH 500 pro partage le m\u00eame ADN sonore que son grand fr\u00e8re sur mesure l\u2019EM64<\/h4>\n<h4>Un son g\u00e9n\u00e9reux, naturel et musical\u00a0; des graves organique et chaud\u2026<\/h4>\n<h4>Le SWITCH 500 PRO \u00a0h\u00e9rite ainsi\u00a0 de la puissance de l\u2019\u00e9quilibre et du respect des timbres\u00a0 de l\u2019EM64.<\/h4>\n<p>[\/vc_column_text][vc_empty_space empty_h=\u00a0\u00bb4&Prime;][vc_empty_space empty_h=\u00a0\u00bb4&Prime;][\/vc_column][\/vc_row][vc_row unlock_row_content=\u00a0\u00bbyes\u00a0\u00bb row_height_percent=\u00a0\u00bb0&Prime; override_padding=\u00a0\u00bbyes\u00a0\u00bb h_padding=\u00a0\u00bb0&Prime; top_padding=\u00a0\u00bb0&Prime; bottom_padding=\u00a0\u00bb0&Prime; overlay_alpha=\u00a0\u00bb85&Prime; gutter_size=\u00a0\u00bb3&Prime; column_width_percent=\u00a0\u00bb100&Prime; shift_y=\u00a0\u00bb0&Prime; z_index=\u00a0\u00bb0&Prime; uncode_shortcode_id=\u00a0\u00bb144150&Prime;][vc_column column_width_percent=\u00a0\u00bb100&Prime; position_vertical=\u00a0\u00bbmiddle\u00a0\u00bb gutter_size=\u00a0\u00bb3&Prime; override_padding=\u00a0\u00bbyes\u00a0\u00bb column_padding=\u00a0\u00bb2&Prime; overlay_alpha=\u00a0\u00bb100&Prime; shift_x=\u00a0\u00bb0&Prime; shift_y=\u00a0\u00bb0&Prime; shift_y_down=\u00a0\u00bb0&Prime; z_index=\u00a0\u00bb0&Prime; medium_width=\u00a0\u00bb4&Prime; mobile_width=\u00a0\u00bb0&Prime; zoom_width=\u00a0\u00bb0&Prime; zoom_height=\u00a0\u00bb0&Prime; width=\u00a0\u00bb1\/2&Prime; uncode_shortcode_id=\u00a0\u00bb199471&Prime;][vc_empty_space empty_h=\u00a0\u00bb3&Prime;][vc_custom_heading sub_reduced=\u00a0\u00bbyes\u00a0\u00bb uncode_shortcode_id=\u00a0\u00bb727647&Prime;]POLYVALENCE[\/vc_custom_heading][vc_column_text uncode_shortcode_id=\u00a0\u00bb120622&Prime;]<\/p>\n<h4>Grace \u00e0 la technologie du s\u00e9lecteur SWITCH, le SWITCH 500 pro propose\u00a0 3 r\u00e9glages sonores diff\u00e9rents qui vous permettent de toujours \u00eatre en phase avec la typologie de son ou de musique que vous travaillez.<\/h4>\n<p>[\/vc_column_text][vc_empty_space empty_h=\u00a0\u00bb3&Prime;][\/vc_column][vc_column column_width_percent=\u00a0\u00bb90&Prime; position_vertical=\u00a0\u00bbmiddle\u00a0\u00bb gutter_size=\u00a0\u00bb3&Prime; style=\u00a0\u00bbdark\u00a0\u00bb overlay_alpha=\u00a0\u00bb50&Prime; shift_x=\u00a0\u00bb0&Prime; shift_y=\u00a0\u00bb0&Prime; shift_y_down=\u00a0\u00bb0&Prime; z_index=\u00a0\u00bb0&Prime; medium_width=\u00a0\u00bb4&Prime; mobile_width=\u00a0\u00bb0&Prime; zoom_width=\u00a0\u00bb0&Prime; zoom_height=\u00a0\u00bb0&Prime; width=\u00a0\u00bb1\/2&Prime; uncode_shortcode_id=\u00a0\u00bb634977&Prime;][vc_single_image media=\u00a0\u00bb56177&Prime; media_width_percent=\u00a0\u00bb95&Prime; alignment=\u00a0\u00bbcenter\u00a0\u00bb uncode_shortcode_id=\u00a0\u00bb106297&Prime;][\/vc_column][\/vc_row][vc_row unlock_row_content=\u00a0\u00bbyes\u00a0\u00bb row_height_percent=\u00a0\u00bb80&Prime; override_padding=\u00a0\u00bbyes\u00a0\u00bb h_padding=\u00a0\u00bb2&Prime; top_padding=\u00a0\u00bb2&Prime; bottom_padding=\u00a0\u00bb2&Prime; back_image=\u00a0\u00bb56151&Prime; parallax=\u00a0\u00bbyes\u00a0\u00bb overlay_color=\u00a0\u00bbcolor-jevc\u00a0\u00bb overlay_alpha=\u00a0\u00bb25&Prime; gutter_size=\u00a0\u00bb3&Prime; column_width_percent=\u00a0\u00bb100&Prime; shift_y=\u00a0\u00bb0&Prime; z_index=\u00a0\u00bb0&Prime; uncode_shortcode_id=\u00a0\u00bb117665&Prime; overlay_color_type=\u00a0\u00bbuncode-palette\u00a0\u00bb][vc_column column_width_percent=\u00a0\u00bb90&Prime; position_vertical=\u00a0\u00bbmiddle\u00a0\u00bb gutter_size=\u00a0\u00bb3&Prime; override_padding=\u00a0\u00bbyes\u00a0\u00bb column_padding=\u00a0\u00bb3&Prime; style=\u00a0\u00bbdark\u00a0\u00bb overlay_alpha=\u00a0\u00bb50&Prime; shift_x=\u00a0\u00bb0&Prime; shift_y=\u00a0\u00bb0&Prime; shift_y_down=\u00a0\u00bb0&Prime; z_index=\u00a0\u00bb0&Prime; medium_width=\u00a0\u00bb4&Prime; mobile_width=\u00a0\u00bb0&Prime; zoom_width=\u00a0\u00bb0&Prime; zoom_height=\u00a0\u00bb0&Prime; width=\u00a0\u00bb1\/1&Prime; uncode_shortcode_id=\u00a0\u00bb187730&Prime;][vc_custom_heading uncode_shortcode_id=\u00a0\u00bb135399&Prime;]ELECTRONIQUE[\/vc_custom_heading][vc_column_text uncode_shortcode_id=\u00a0\u00bb166024&Prime;]<\/p>\n<h4>Le SWITCH 500 pro profite d\u2019une \u00e9lectronique exclusive compos\u00e9e de 5 transducteurs derni\u00e8re g\u00e9n\u00e9ration par cot\u00e9,<\/h4>\n<h4>Les transducteurs propri\u00e9taires utilis\u00e9s par le SWITCH 500 PRO ont \u00e9t\u00e9 con\u00e7us en respectant un cahier des charges des plus exigeants.<\/h4>\n<p>[\/vc_column_text][\/vc_column][\/vc_row][vc_row unlock_row_content=\u00a0\u00bbyes\u00a0\u00bb row_height_percent=\u00a0\u00bb0&Prime; override_padding=\u00a0\u00bbyes\u00a0\u00bb h_padding=\u00a0\u00bb2&Prime; top_padding=\u00a0\u00bb2&Prime; bottom_padding=\u00a0\u00bb2&Prime; overlay_alpha=\u00a0\u00bb50&Prime; gutter_size=\u00a0\u00bb0&Prime; column_width_percent=\u00a0\u00bb100&Prime; shift_y=\u00a0\u00bb0&Prime; z_index=\u00a0\u00bb0&Prime; uncode_shortcode_id=\u00a0\u00bb165300&Prime;][vc_column column_width_percent=\u00a0\u00bb85&Prime; position_vertical=\u00a0\u00bbmiddle\u00a0\u00bb gutter_size=\u00a0\u00bb0&Prime; override_padding=\u00a0\u00bbyes\u00a0\u00bb column_padding=\u00a0\u00bb2&Prime; overlay_alpha=\u00a0\u00bb50&Prime; shift_x=\u00a0\u00bb0&Prime; shift_y=\u00a0\u00bb0&Prime; shift_y_down=\u00a0\u00bb0&Prime; z_index=\u00a0\u00bb0&Prime; medium_width=\u00a0\u00bb0&Prime; mobile_width=\u00a0\u00bb0&Prime; width=\u00a0\u00bb1\/2&Prime; uncode_shortcode_id=\u00a0\u00bb644805&Prime;][vc_custom_heading text_size=\u00a0\u00bbh3&Prime;]IMAGING[\/vc_custom_heading][vc_empty_space empty_h=\u00a0\u00bb2&Prime;][vc_progress_bar values=\u00a0\u00bb%5B%7B%22label%22%3A%22STEREO%22%2C%22value%22%3A%2290%22%2C%22bar_color_type%22%3A%22uncode-palette%22%2C%22bar_color%22%3A%22color-632047%22%2C%22bar_color_solid%22%3A%22%23ff0000%22%2C%22back_color_type%22%3A%22uncode-palette%22%2C%22back_color_solid%22%3A%22%23ff0000%22%7D%2C%7B%22label%22%3A%22STAGE%20DISTANCE%22%2C%22value%22%3A%2260%22%2C%22bar_color_type%22%3A%22uncode-palette%22%2C%22bar_color%22%3A%22color-632047%22%2C%22bar_color_solid%22%3A%22%23ff0000%22%2C%22back_color_type%22%3A%22uncode-palette%22%2C%22back_color_solid%22%3A%22%23ff0000%22%7D%2C%7B%22label%22%3A%22DETAILS%22%2C%22value%22%3A%22100%22%2C%22bar_color_type%22%3A%22uncode-palette%22%2C%22bar_color%22%3A%22color-632047%22%2C%22bar_color_solid%22%3A%22%23ff0000%22%2C%22back_color_type%22%3A%22uncode-palette%22%2C%22back_color_solid%22%3A%22%23ff0000%22%7D%5D\u00a0\u00bb][vc_empty_space empty_h=\u00a0\u00bb3&Prime;][vc_custom_heading text_size=\u00a0\u00bbh5&Prime; subheading=\u00a0\u00bbPROFESSIONNELS<br \/>\nMUSICIENS\u00a0\u00bb uncode_shortcode_id=\u00a0\u00bb123832&Prime;]RECOMMANDATIONS[\/vc_custom_heading][\/vc_column][vc_column column_width_percent=\u00a0\u00bb100&Prime; position_vertical=\u00a0\u00bbmiddle\u00a0\u00bb gutter_size=\u00a0\u00bb3&Prime; overlay_alpha=\u00a0\u00bb50&Prime; shift_x=\u00a0\u00bb0&Prime; shift_y=\u00a0\u00bb0&Prime; shift_y_down=\u00a0\u00bb0&Prime; z_index=\u00a0\u00bb0&Prime; medium_width=\u00a0\u00bb0&Prime; mobile_width=\u00a0\u00bb0&Prime; width=\u00a0\u00bb1\/2&Prime; uncode_shortcode_id=\u00a0\u00bb174851&Prime;][vc_single_image media=\u00a0\u00bb56237&Prime; media_width_percent=\u00a0\u00bb100&Prime; media_ratio=\u00a0\u00bbone-one\u00a0\u00bb alignment=\u00a0\u00bbcenter\u00a0\u00bb uncode_shortcode_id=\u00a0\u00bb816769&Prime;][\/vc_column][\/vc_row][vc_row][vc_column column_width_percent=\u00a0\u00bb100&Prime; align_horizontal=\u00a0\u00bbalign_center\u00a0\u00bb gutter_size=\u00a0\u00bb3&Prime; overlay_alpha=\u00a0\u00bb50&Prime; shift_x=\u00a0\u00bb0&Prime; shift_y=\u00a0\u00bb0&Prime; z_index=\u00a0\u00bb0&Prime; medium_width=\u00a0\u00bb0&Prime; width=\u00a0\u00bb1\/1&Prime;][vc_custom_heading]TECHNICAL[\/vc_custom_heading][vc_separator sep_color=\u00a0\u00bb,Default\u00a0\u00bb css_animation=\u00a0\u00bbright-t-left\u00a0\u00bb animation_speed=\u00a0\u00bb600&Prime; animation_delay=\u00a0\u00bb400&Prime;][vc_single_image media=\u00a0\u00bb56206&Prime; media_width_percent=\u00a0\u00bb65&Prime; alignment=\u00a0\u00bbcenter\u00a0\u00bb uncode_shortcode_id=\u00a0\u00bb202217&Prime;][vc_separator sep_color=\u00a0\u00bb,Default\u00a0\u00bb css_animation=\u00a0\u00bbright-t-left\u00a0\u00bb animation_speed=\u00a0\u00bb600&Prime; animation_delay=\u00a0\u00bb400&Prime;][\/vc_column][\/vc_row][vc_row unlock_row_content=\u00a0\u00bbyes\u00a0\u00bb row_height_percent=\u00a0\u00bb0&Prime; override_padding=\u00a0\u00bbyes\u00a0\u00bb h_padding=\u00a0\u00bb2&Prime; top_padding=\u00a0\u00bb2&Prime; bottom_padding=\u00a0\u00bb2&Prime; overlay_alpha=\u00a0\u00bb100&Prime; gutter_size=\u00a0\u00bb3&Prime; shift_y=\u00a0\u00bb0&Prime; row_name=\u00a0\u00bbSpecifications\u00a0\u00bb][vc_column column_width_percent=\u00a0\u00bb100&Prime; align_horizontal=\u00a0\u00bbalign_center\u00a0\u00bb gutter_size=\u00a0\u00bb3&Prime; override_padding=\u00a0\u00bbyes\u00a0\u00bb column_padding=\u00a0\u00bb1&Prime; overlay_alpha=\u00a0\u00bb50&Prime; shift_x=\u00a0\u00bb0&Prime; shift_y=\u00a0\u00bb0&Prime; z_index=\u00a0\u00bb0&Prime; medium_width=\u00a0\u00bb0&Prime; zoom_width=\u00a0\u00bb0&Prime; zoom_height=\u00a0\u00bb0&Prime;][vc_row_inner row_inner_height_percent=\u00a0\u00bb0&Prime; overlay_alpha=\u00a0\u00bb50&Prime; gutter_size=\u00a0\u00bb3&Prime; shift_y=\u00a0\u00bb0&Prime; limit_content=\u00a0\u00bb\u00a0\u00bb][vc_column_inner column_width_percent=\u00a0\u00bb60&Prime; gutter_size=\u00a0\u00bb3&Prime; overlay_alpha=\u00a0\u00bb50&Prime; shift_x=\u00a0\u00bb0&Prime; shift_y=\u00a0\u00bb0&Prime; z_index=\u00a0\u00bb0&Prime; align_medium=\u00a0\u00bbalign_center_tablet\u00a0\u00bb medium_width=\u00a0\u00bb0&Prime; align_mobile=\u00a0\u00bbalign_center_mobile\u00a0\u00bb width=\u00a0\u00bb1\/2&Prime;][vc_separator sep_color=\u00a0\u00bb,Default\u00a0\u00bb css_animation=\u00a0\u00bbright-t-left\u00a0\u00bb animation_speed=\u00a0\u00bb600&Prime; animation_delay=\u00a0\u00bb400&Prime;][vc_column_text]<\/p>\n<h3 class=\"content-collapse\">SPECIFICATIONS<\/h3>\n<p>Sensibilit\u00e9: 127 dB\/mW<br class=\"\" \/>R\u00e9ponse en fr\u00e9quences: 10 Hz -20 kHz<br class=\"\" \/>DCR: 25 \u00e0 45 ohms (selon la position du switch )<br class=\"\" \/>Driver: 5 transducteurs avec filtre 3 voies HQ r\u00e9glable<\/p>\n<p><a href=\"http:\/\/www.earsonics.com\/photos\/velvet-sens.jpg\">Visualisez la notice de r\u00e9glage du switch<\/a>[\/vc_column_text][vc_column_text uncode_shortcode_id=\u00a0\u00bb522440&Prime;]<\/p>\n<h3 class=\"content-collapse\">CONTENU DE LA BO\u00ceTE<\/h3>\n<div class=\"section1\">\n<p>SWITCH-500-PRO avec son c\u00e2ble d\u00e9tachable<br class=\"\" \/>2\u00a0paires d\u2019embouts mousse\u00a0de tailles diff\u00e9rentes<br class=\"\" \/>4\u00a0paires d\u2019embouts silicone\u00a0de tailles diff\u00e9rentes<br class=\"\" \/>1 outil de nettoyage<br class=\"\" \/>\u00c9tui de transport rigide<br class=\"\" \/>Mode D\u2019emploi<\/div>\n<p>[\/vc_column_text][vc_separator sep_color=\u00a0\u00bb,Default\u00a0\u00bb css_animation=\u00a0\u00bbright-t-left\u00a0\u00bb animation_speed=\u00a0\u00bb600&Prime; animation_delay=\u00a0\u00bb400&Prime;][uncode_counter value=\u00a0\u00bb100&Prime; counter_color=\u00a0\u00bbaccent\u00a0\u00bb text=\u00a0\u00bbMADE IN FRANCE\u00a0\u00bb suffix=\u00a0\u00bb%\u00a0\u00bb][\/vc_column_inner][vc_column_inner column_width_percent=\u00a0\u00bb100&Prime; gutter_size=\u00a0\u00bb3&Prime; overlay_alpha=\u00a0\u00bb50&Prime; shift_x=\u00a0\u00bb0&Prime; shift_y=\u00a0\u00bb0&Prime; z_index=\u00a0\u00bb0&Prime; medium_width=\u00a0\u00bb0&Prime; width=\u00a0\u00bb1\/2&Prime;][vc_single_image media=\u00a0\u00bb56118&Prime; media_width_percent=\u00a0\u00bb80&Prime; alignment=\u00a0\u00bbcenter\u00a0\u00bb css_animation=\u00a0\u00bbright-t-left\u00a0\u00bb animation_speed=\u00a0\u00bb800&Prime; animation_delay=\u00a0\u00bb500&Prime; uncode_shortcode_id=\u00a0\u00bb730422&Prime;][\/vc_column_inner][\/vc_row_inner][\/vc_column][\/vc_row]<\/p>\n<\/div>","protected":false},"excerpt":{"rendered":"<p>[vc_row unlock_row_content=\u00a0\u00bbyes\u00a0\u00bb row_height_percent=\u00a0\u00bb60&Prime; override_padding=\u00a0\u00bbyes\u00a0\u00bb h_padding=\u00a0\u00bb2&Prime; top_padding=\u00a0\u00bb3&Prime; bottom_padding=\u00a0\u00bb3&Prime; overlay_alpha=\u00a0\u00bb100&Prime; equal_height=\u00a0\u00bbyes\u00a0\u00bb gutter_size=\u00a0\u00bb100&Prime; column_width_percent=\u00a0\u00bb100&Prime; shift_y=\u00a0\u00bb0&Prime; z_index=\u00a0\u00bb0&Prime; style=\u00a0\u00bbdark\u00a0\u00bb row_name=\u00a0\u00bbPhilosophie\u00a0\u00bb uncode_shortcode_id=\u00a0\u00bb168009&Prime;][vc_column column_width_use_pixel=\u00a0\u00bbyes\u00a0\u00bb position_vertical=\u00a0\u00bbmiddle\u00a0\u00bb align_horizontal=\u00a0\u00bbalign_center\u00a0\u00bb gutter_size=\u00a0\u00bb3&Prime; [&hellip;]<\/p>\n","protected":false},"author":1,"featured_media":0,"parent":0,"menu_order":0,"comment_status":"open","ping_status":"closed","template":"","meta":{"footnotes":""},"class_list":["post-56278","page","type-page","status-publish","hentry"],"aioseo_notices":[],"_links":{"self":[{"href":"https:\/\/www.earsonics.com\/in-ear-monitors\/wp-json\/wp\/v2\/pages\/56278","targetHints":{"allow":["GET"]}}],"collection":[{"href":"https:\/\/www.earsonics.com\/in-ear-monitors\/wp-json\/wp\/v2\/pages"}],"about":[{"href":"https:\/\/www.earsonics.com\/in-ear-monitors\/wp-json\/wp\/v2\/types\/page"}],"author":[{"embeddable":true,"href":"https:\/\/www.earsonics.com\/in-ear-monitors\/wp-json\/wp\/v2\/users\/1"}],"replies":[{"embeddable":true,"href":"https:\/\/www.earsonics.com\/in-ear-monitors\/wp-json\/wp\/v2\/comments?post=56278"}],"version-history":[{"count":4,"href":"https:\/\/www.earsonics.com\/in-ear-monitors\/wp-json\/wp\/v2\/pages\/56278\/revisions"}],"predecessor-version":[{"id":57058,"href":"https:\/\/www.earsonics.com\/in-ear-monitors\/wp-json\/wp\/v2\/pages\/56278\/revisions\/57058"}],"wp:attachment":[{"href":"https:\/\/www.earsonics.com\/in-ear-monitors\/wp-json\/wp\/v2\/media?parent=56278"}],"curies":[{"name":"wp","href":"https:\/\/api.w.org\/{rel}","templated":true}]}}