{"id":101,"date":"2013-11-25T14:03:34","date_gmt":"2013-11-25T13:03:34","guid":{"rendered":"http:\/\/www.earsonics.com\/earpad\/?page_id=101"},"modified":"2022-05-24T17:12:48","modified_gmt":"2022-05-24T16:12:48","slug":"faq","status":"publish","type":"page","link":"https:\/\/www.earsonics.com\/protection-auditive\/faq\/","title":{"rendered":"FAQ"},"content":{"rendered":"<div class=\"wpb-content-wrapper\"><p>[vc_row][vc_column column_width_percent=\u00a0\u00bb100&Prime; gutter_size=\u00a0\u00bb3&Prime; back_color=\u00a0\u00bbcolor-xsdn\u00a0\u00bb overlay_alpha=\u00a0\u00bb50&Prime; shift_x=\u00a0\u00bb0&Prime; shift_y=\u00a0\u00bb0&Prime; shift_y_down=\u00a0\u00bb0&Prime; z_index=\u00a0\u00bb0&Prime; medium_width=\u00a0\u00bb0&Prime; mobile_width=\u00a0\u00bb0&Prime; radius=\u00a0\u00bbxl\u00a0\u00bb uncode_shortcode_id=\u00a0\u00bb185561&Prime; back_color_type=\u00a0\u00bbuncode-palette\u00a0\u00bb][vc_column_text uncode_shortcode_id=\u00a0\u00bb171775&Prime;]<\/p>\n<h2>FAQ<\/h2>\n<h4>On parle souvent d&rsquo;att\u00e9nuation lin\u00e9aire. Quelle est la diff\u00e9rence avec l&rsquo;att\u00e9nuation LOUDNESS ?<\/h4>\n<p>Le correcteur\u00a0<em>LOUDNESS<\/em>\u00a0est un principe physiologique utilis\u00e9 pour apporter une correction, en fr\u00e9quence, d&rsquo;un signal audio, afin d&rsquo;obtenir un son subjectivement plus puissant et \u00e9quilibr\u00e9 lors d&rsquo;une \u00e9coute \u00e0 bas volume.Son principe consiste \u00e0 compenser le fait que l&rsquo;oreille humaine est moins sensible dans les graves et les aigus \u00e0 faible niveau sonore. Le correcteur\u00a0<em>LOUDNESS<\/em>\u00a0agit en rajoutant des graves et des aigus.<br \/>\nA contrario, la courbe de r\u00e9ponse caract\u00e9ristique des filtres dits \u00ab\u00a0lin\u00e9aires\u00a0\u00bb est calqu\u00e9e sur la courbe de r\u00e9ponse naturelle de l\u2019oreille.<br \/>\nEn effet, si l\u2019on compare les att\u00e9nuations des protecteurs ER15 et earpad medium, on observe des comportements totalement oppos\u00e9s.Outre le fait de compenser la r\u00e9sonance naturelle de l\u2019oreille comme expliqu\u00e9 plus haut, earpad\u00e2 \u00ab\u00a0rel\u00e8ve les att\u00e9nuations\u00a0\u00bb \u00e0 partir du 4000 Hz.\u00a0<span style=\"text-decoration: underline;\">Cette caract\u00e9ristique accentue la r\u00e9sonance des fr\u00e9quences premi\u00e8res et favorise les harmoniques paires. Concr\u00e8tement, elle permet de conserver l\u2019int\u00e9gralit\u00e9 des informations sonores essentielles pour un rendu sonore harmonieux, naturel et musical, commun\u00e9ment ressenti comme \u00ab<\/span><span style=\"text-decoration: underline;\">\u00a0<\/span><span style=\"text-decoration: underline;\">le relief du son<\/span><span style=\"text-decoration: underline;\">\u00a0<\/span><span style=\"text-decoration: underline;\">\u00bb.<\/span><\/p>\n<h3>J\u2019h\u00e9site entre le mod\u00e8le Earpad\u00ae universel et les sur-mesure. Quels sont les avantages des sur-mesure ?<\/h3>\n<p>Pour \u00eatre efficace, une protection auditive doit \u00eatre port\u00e9e toute la dur\u00e9e de l\u2019exposition au bruit.<br \/>\nLes Earpad\u00ae sur mesure sont r\u00e9alis\u00e9s d\u2019apr\u00e8s les empreintes de vos conduits auditifs. Ils sont parfaitement adapt\u00e9s \u00e0 vos oreilles et peuvent \u00eatre port\u00e9s toute la journ\u00e9e dans les meilleures conditions de confort .<\/p>\n<h4>Les Earpad\u00aesont fabriqu\u00e9s \u00e0 base de mat\u00e9riaux durs. Peut-on aussi les commander en souple ?<\/h4>\n<p>Les protecteurs auditifs Earpad\u00ae sont fabriqu\u00e9s \u00e0 base d&rsquo;une r\u00e9sine acrylique dure d\u00e9velopp\u00e9e afin d&rsquo;obtenir un mat\u00e9riau aux propri\u00e9t\u00e9s acoustiques r\u00e9pondant \u00e0 un cahier des charges pr\u00e9cis.<br \/>\nEn effet, il faut savoir que si le filtre acoustique est l&rsquo;\u00e9l\u00e9ment essentiel du proc\u00e9d\u00e9 LOUDNESS, le mat\u00e9riau composant l\u2019embout reste pr\u00e9pond\u00e9rant dans la qualit\u00e9 de la restitution sonore.<br \/>\nLes mat\u00e9riaux souples, habituellement utilis\u00e9s dans la fabrication des protecteurs auditifs (les silicones), pr\u00e9sentent le d\u00e9sagr\u00e9ment d&rsquo;absorber les sons, et de restituer une sonorit\u00e9 tr\u00e8s \u00ab\u00a0\u00e9touff\u00e9e\u00a0\u00bb, contrairement aux r\u00e9sines acryliques qui offrent des propri\u00e9t\u00e9s r\u00e9fl\u00e9chissantes nettement sup\u00e9rieures.<br \/>\nLes r\u00e9sines acryliques dures pr\u00e9sentent \u00e9galement un atout consid\u00e9rable pour la mise en place du protecteur dans l\u2019oreille, une r\u00e9sistance au vieillissement nettement sup\u00e9rieure et d\u2019excellentes propri\u00e9t\u00e9s de biocompatibilit\u00e9 qui minimisent les risques de r\u00e9actions allergiques.<\/p>\n<p>Les niveaux d\u2019att\u00e9nuation moyens sont plus faibles que ceux d\u2019autres produits concurrents. Est-ce que je vais \u00eatre moins prot\u00e9g\u00e9 ?<br \/>\nLes niveaux d\u2019att\u00e9nuation indiqu\u00e9s (-8, -13, -17 dB) sont des valeurs moyennes des att\u00e9nuations relev\u00e9es sur les diff\u00e9rentes fr\u00e9quences.<br \/>\nLe principe du correcteur LOUDNESS est de volontairement favoriser la restitution des fr\u00e9quences audibles \u00e0 partir du 8000 Hz, afin de restituer une sonorit\u00e9 agr\u00e9able et musicale. Tous les autres protecteurs ne restituent quasiment aucune fr\u00e9quence audible \u00e0 partir de 8000 Hz, ce qui a pour r\u00e9sultat de d\u00e9truire les harmoniques situ\u00e9s de 10 \u00e0 16 Khz.Les protecteurs Earpad permettent donc de conserver un niveau d\u2019att\u00e9nuation tout \u00e0 fait comparable \u00e0 d\u2019autres types de protecteurs dans les fr\u00e9quences situ\u00e9s entre 2000htz et 6000htz (partie du spectre o\u00f9 l&rsquo;oreille est la plus sensible!) affichant des valeurs moyennes plus \u00e9lev\u00e9es, tout en restituant un son de meilleure qualit\u00e9.<\/p>\n<h4>Que recommandez-vous pour le nettoyage de mes Earpad\u00ae ?<\/h4>\n<p>Les Earpad\u00ae sont fournis avec quelques lingettes impr\u00e9gn\u00e9es d\u2019un liquide d\u00e9sinfectant. Lorsque vous les aurez toutes utilis\u00e9es, vous pouvez vous en procurer \u00e0 nouveau chez votre distributeur habituel, ou utiliser un chiffon doux ou un mouchoir en papier imbib\u00e9 d\u2019eau ou d\u2019alcool.<br \/>\nDans tous les cas, \u00e9vitez de plonger vos Earpad dans l\u2019eau. Le filtre acoustique est compos\u00e9 d\u2019une membrane et le contact avec un liquide emp\u00eacherait son fonctionnement.<\/p>\n<h4>Quelle est la p\u00e9riode de garantie ?<\/h4>\n<p>Vos Earpad\u00ae sont garantis pendant une dur\u00e9e d\u2019un an dans des conditions normales d\u2019utilisation. Cependant, il est important de signaler les probl\u00e8mes li\u00e9s \u00e0 l\u2019adaptation morphologiques dans les meilleurs d\u00e9lais. Pour plus d\u2019information sur la garantie, reportez-vous \u00e0 la notice d\u2019utilisation livr\u00e9e avec le produit.<\/p>\n<p>L\u2019att\u00e9nuation moyenne maximale propos\u00e9e par la gamme Earpad est 17 dB (A). N\u2019est-ce pas insuffisant pour offrir une protection efficace dans des situations de bruit extr\u00eames ?<br \/>\nEarpad Hard offre une att\u00e9nuation importante sur la zone des fr\u00e9quences qui affectent le plus souvent l\u2019audition. Ainsi, l\u2019att\u00e9nuation apport\u00e9e dans la zone du 2 au 8 KHz est de 22 \u00e0 24 dB (A), att\u00e9nuation tout \u00e0 fait comparable avec d\u2019autres protecteurs, qui pourtant affichent des valeurs moyennes nettement sup\u00e9rieures.<br \/>\nAu d\u00e9l\u00e0 d&rsquo;une pression acoustique constante de plus de 110 db, nous vous recommandons de ne pas rester dans la zone dexposition. Et ce, avec n&rsquo;importe quel type de protecteur auditif.[\/vc_column_text][\/vc_column][\/vc_row]<\/p>\n<\/div>","protected":false},"excerpt":{"rendered":"<p>[vc_row][vc_column column_width_percent=\u00a0\u00bb100&Prime; gutter_size=\u00a0\u00bb3&Prime; back_color=\u00a0\u00bbcolor-xsdn\u00a0\u00bb overlay_alpha=\u00a0\u00bb50&Prime; shift_x=\u00a0\u00bb0&Prime; shift_y=\u00a0\u00bb0&Prime; shift_y_down=\u00a0\u00bb0&Prime; z_index=\u00a0\u00bb0&Prime; medium_width=\u00a0\u00bb0&Prime; mobile_width=\u00a0\u00bb0&Prime; radius=\u00a0\u00bbxl\u00a0\u00bb uncode_shortcode_id=\u00a0\u00bb185561&Prime; back_color_type=\u00a0\u00bbuncode-palette\u00a0\u00bb][vc_column_text uncode_shortcode_id=\u00a0\u00bb171775&Prime;] FAQ On parle souvent d&rsquo;att\u00e9nuation [&hellip;]<\/p>\n","protected":false},"author":1,"featured_media":0,"parent":0,"menu_order":0,"comment_status":"closed","ping_status":"closed","template":"","meta":{"footnotes":""},"class_list":["post-101","page","type-page","status-publish","hentry"],"aioseo_notices":[],"_links":{"self":[{"href":"https:\/\/www.earsonics.com\/protection-auditive\/wp-json\/wp\/v2\/pages\/101","targetHints":{"allow":["GET"]}}],"collection":[{"href":"https:\/\/www.earsonics.com\/protection-auditive\/wp-json\/wp\/v2\/pages"}],"about":[{"href":"https:\/\/www.earsonics.com\/protection-auditive\/wp-json\/wp\/v2\/types\/page"}],"author":[{"embeddable":true,"href":"https:\/\/www.earsonics.com\/protection-auditive\/wp-json\/wp\/v2\/users\/1"}],"replies":[{"embeddable":true,"href":"https:\/\/www.earsonics.com\/protection-auditive\/wp-json\/wp\/v2\/comments?post=101"}],"version-history":[{"count":5,"href":"https:\/\/www.earsonics.com\/protection-auditive\/wp-json\/wp\/v2\/pages\/101\/revisions"}],"predecessor-version":[{"id":1872,"href":"https:\/\/www.earsonics.com\/protection-auditive\/wp-json\/wp\/v2\/pages\/101\/revisions\/1872"}],"wp:attachment":[{"href":"https:\/\/www.earsonics.com\/protection-auditive\/wp-json\/wp\/v2\/media?parent=101"}],"curies":[{"name":"wp","href":"https:\/\/api.w.org\/{rel}","templated":true}]}}