{"id":1010,"date":"2019-09-30T18:48:02","date_gmt":"2019-09-30T17:48:02","guid":{"rendered":"http:\/\/www.earsonics.com\/protection-auditive\/?page_id=1010"},"modified":"2024-09-23T17:48:21","modified_gmt":"2024-09-23T16:48:21","slug":"dentiste","status":"publish","type":"page","link":"https:\/\/www.earsonics.com\/protection-auditive\/dentiste\/","title":{"rendered":"DENTAIRE"},"content":{"rendered":"<div class=\"wpb-content-wrapper\"><p>[vc_row row_height_percent=\u00a0\u00bb80&Prime; back_image=\u00a0\u00bb1011&Prime; parallax=\u00a0\u00bbyes\u00a0\u00bb kburns=\u00a0\u00bbyes\u00a0\u00bb overlay_color=\u00a0\u00bbaccent\u00a0\u00bb overlay_alpha=\u00a0\u00bb10&Prime; gutter_size=\u00a0\u00bb3&Prime; column_width_percent=\u00a0\u00bb100&Prime; shift_y=\u00a0\u00bb0&Prime; z_index=\u00a0\u00bb0&Prime;][vc_column width=\u00a0\u00bb1\/1&Prime;][vc_row_inner row_inner_height_percent=\u00a0\u00bb0&Prime; force_width_grid=\u00a0\u00bbyes\u00a0\u00bb overlay_alpha=\u00a0\u00bb50&Prime; gutter_size=\u00a0\u00bb3&Prime; shift_y=\u00a0\u00bb0&Prime; z_index=\u00a0\u00bb0&Prime; limit_content=\u00a0\u00bb\u00a0\u00bb][vc_column_inner width=\u00a0\u00bb1\/3&Prime;][\/vc_column_inner][vc_column_inner width=\u00a0\u00bb1\/3&Prime;][\/vc_column_inner][vc_column_inner column_width_percent=\u00a0\u00bb100&Prime; position_vertical=\u00a0\u00bbmiddle\u00a0\u00bb align_horizontal=\u00a0\u00bbalign_center\u00a0\u00bb gutter_size=\u00a0\u00bb3&Prime; override_padding=\u00a0\u00bbyes\u00a0\u00bb column_padding=\u00a0\u00bb2&Prime; expand_height=\u00a0\u00bbyes\u00a0\u00bb style=\u00a0\u00bblight\u00a0\u00bb overlay_alpha=\u00a0\u00bb50&Prime; shift_x=\u00a0\u00bb0&Prime; shift_y=\u00a0\u00bb0&Prime; shift_y_down=\u00a0\u00bb0&Prime; z_index=\u00a0\u00bb0&Prime; medium_width=\u00a0\u00bb0&Prime; mobile_width=\u00a0\u00bb0&Prime; width=\u00a0\u00bb1\/3&Prime;][vc_empty_space empty_h=\u00a0\u00bb2&Prime;][vc_custom_heading heading_semantic=\u00a0\u00bbh1&Prime; text_size=\u00a0\u00bbh1&Prime; text_weight=\u00a0\u00bb300&Prime;]EARPAD\u00ae[\/vc_custom_heading][vc_column_text]La protection auditive d\u00e9velopp\u00e9e pour le secteur dentaire[\/vc_column_text][vc_separator sep_color=\u00a0\u00bb,Default\u00a0\u00bb el_width=\u00a0\u00bb350&Prime;][vc_button button_color=\u00a0\u00bbcolor-vyce\u00a0\u00bb border_width=\u00a0\u00bb0&Prime; link=\u00a0\u00bburl:%23produits|||\u00a0\u00bb]D\u00e9couvrir notre solution[\/vc_button][\/vc_column_inner][\/vc_row_inner][\/vc_column][\/vc_row][vc_row row_height_percent=\u00a0\u00bb0&Prime; back_color=\u00a0\u00bbcolor-vyce\u00a0\u00bb overlay_alpha=\u00a0\u00bb50&Prime; gutter_size=\u00a0\u00bb3&Prime; column_width_percent=\u00a0\u00bb100&Prime; shift_y=\u00a0\u00bb0&Prime; z_index=\u00a0\u00bb0&Prime; uncode_shortcode_id=\u00a0\u00bb374801&Prime; back_color_type=\u00a0\u00bbuncode-palette\u00a0\u00bb][vc_column column_width_percent=\u00a0\u00bb100&Prime; position_vertical=\u00a0\u00bbmiddle\u00a0\u00bb align_horizontal=\u00a0\u00bbalign_center\u00a0\u00bb gutter_size=\u00a0\u00bb3&Prime; style=\u00a0\u00bbdark\u00a0\u00bb overlay_alpha=\u00a0\u00bb50&Prime; shift_x=\u00a0\u00bb0&Prime; shift_y=\u00a0\u00bb0&Prime; shift_y_down=\u00a0\u00bb0&Prime; z_index=\u00a0\u00bb0&Prime; medium_width=\u00a0\u00bb0&Prime; mobile_width=\u00a0\u00bb0&Prime; width=\u00a0\u00bb1\/1&Prime;][vc_column_text uncode_shortcode_id=\u00a0\u00bb204927&Prime;]<\/p>\n<h3>EARSONICS au service des Dentistes.<\/h3>\n<h2>EARPAD<em>\u00ae\u00a0<\/em> la protection auditive innovante<\/h2>\n<p>[\/vc_column_text][\/vc_column][\/vc_row][vc_row row_height_percent=\u00a0\u00bb0&Prime; override_padding=\u00a0\u00bbyes\u00a0\u00bb h_padding=\u00a0\u00bb2&Prime; top_padding=\u00a0\u00bb0&Prime; bottom_padding=\u00a0\u00bb3&Prime; overlay_alpha=\u00a0\u00bb50&Prime; gutter_size=\u00a0\u00bb3&Prime; column_width_percent=\u00a0\u00bb100&Prime; shift_y=\u00a0\u00bb0&Prime; z_index=\u00a0\u00bb0&Prime; uncode_shortcode_id=\u00a0\u00bb502363&Prime;][vc_column column_width_percent=\u00a0\u00bb100&Prime; position_vertical=\u00a0\u00bbmiddle\u00a0\u00bb gutter_size=\u00a0\u00bb3&Prime; back_color=\u00a0\u00bbcolor-xsdn\u00a0\u00bb overlay_alpha=\u00a0\u00bb50&Prime; radius=\u00a0\u00bbxl\u00a0\u00bb shift_x=\u00a0\u00bb0&Prime; shift_y=\u00a0\u00bb0&Prime; shift_y_down=\u00a0\u00bb0&Prime; z_index=\u00a0\u00bb0&Prime; medium_width=\u00a0\u00bb0&Prime; mobile_width=\u00a0\u00bb0&Prime; width=\u00a0\u00bb1\/1&Prime;][vc_column_text uncode_shortcode_id=\u00a0\u00bb191999&Prime;]<\/p>\n<h2>Les nuisances sonores en cabinet dentaire\u2026<\/h2>\n<p>La th\u00e8se en 2019 de Rebecca RIMOKH VALENSI, celle de \u00a0Cl\u00e9ment BERNARD-MASSE en 2011 ainsi que divers articles ayant pour source l\u2019ADTS 2008 montrent qu\u2019apr\u00e8s 50 ans, un dentiste sur deux sans ant\u00e9c\u00e9dent particulier ainsi que de plus en plus d\u2019assistants dentaires pr\u00e9sentent une atteinte irr\u00e9versible de l\u2019audition principalement dans les fr\u00e9quences aigues, du fait de l\u2019utilisation quotidienne des turbines, des d\u00e9tartreurs et des aspirateurs.<\/p>\n<p>En outre, n\u2019\u00e9tant pas soumis \u00e0 la m\u00e9decine du travail, le d\u00e9ficit d\u2019information et de formation face aux dangers du bruit est bien r\u00e9el chez les chirurgiens-dentistes qui ne cherchent donc pas \u00e0 se prot\u00e9ger.<\/p>\n<p>Rares sont les chirurgiens dentistes qui font tester r\u00e9guli\u00e8rement leur audition, et plus de la moiti\u00e9 d\u2019entre eux ne l\u2019ont jamais fait.<\/p>\n<p>Il est important de noter que plus un individu pr\u00e9sente des troubles audiom\u00e9triques, moins il est g\u00ean\u00e9 par le bruit. La baisse de l\u2019acuit\u00e9 auditive rend donc moins sensible au bruit environnant et aggrave les troubles de l\u2019audition.<\/p>\n<p>De plus les chirurgiens-dentistes connaissent une longue carri\u00e8re ne partant \u00e0 la retraite qu\u2019entre 65 et 75 ans, l\u2019audition ne s\u2019am\u00e9liorant pas avec l\u2019\u00e2ge, ces derniers vont \u00e9galement subir les effets de la presbyacousie, diminuant d\u2019autant plus leur acuit\u00e9 auditive. De ce fait, nous constatons qu\u2019une partie significative de la population des chirurgiens-dentistes appartient \u00e0 la client\u00e8le des laboratoires d\u2019audioproth\u00e8se.<\/p>\n<p>En outre le praticien mal inform\u00e9 met \u00e9galement en danger l\u2019audition de son assistant(e), tout en subissant l\u2019un et l\u2019autre fatigue, stress et anxi\u00e9t\u00e9 en raison du bruit.[\/vc_column_text][\/vc_column][\/vc_row][vc_row unlock_row_content=\u00a0\u00bbyes\u00a0\u00bb row_height_percent=\u00a0\u00bb40&Prime; back_image=\u00a0\u00bb1030&Prime; back_position=\u00a0\u00bbcenter center\u00a0\u00bb parallax=\u00a0\u00bbyes\u00a0\u00bb overlay_color=\u00a0\u00bbcolor-jevc\u00a0\u00bb overlay_alpha=\u00a0\u00bb57&Prime; gutter_size=\u00a0\u00bb3&Prime; column_width_percent=\u00a0\u00bb100&Prime; shift_y=\u00a0\u00bb0&Prime; z_index=\u00a0\u00bb0&Prime;][vc_column column_width_percent=\u00a0\u00bb100&Prime; position_vertical=\u00a0\u00bbmiddle\u00a0\u00bb align_horizontal=\u00a0\u00bbalign_center\u00a0\u00bb gutter_size=\u00a0\u00bb3&Prime; style=\u00a0\u00bbdark\u00a0\u00bb overlay_alpha=\u00a0\u00bb50&Prime; shift_x=\u00a0\u00bb0&Prime; shift_y=\u00a0\u00bb0&Prime; shift_y_down=\u00a0\u00bb0&Prime; z_index=\u00a0\u00bb0&Prime; medium_width=\u00a0\u00bb0&Prime; mobile_width=\u00a0\u00bb0&Prime; width=\u00a0\u00bb1\/1&Prime;][vc_column_text]<\/p>\n<h2 id=\"produits\">PROTEGER MAIS PAS SEULEMENT\u2026<\/h2>\n<p>Ce qui nous int\u00e9resse, c\u2019est ce que vous ENTENDEZ !<br \/>\nUne qualit\u00e9 d\u2019\u00e9coute optimale, une protection adapt\u00e9e sans la sensation d\u2019isolement\u2026<br \/>\nGr\u00e2ce \u00e0 son proc\u00e9d\u00e9 brevet\u00e9 d\u00e9velopp\u00e9 pour les utilisateurs les plus exigeants, L\u2019earpad vous procure une sensation naturelle qui vous fait oublier que vous portez des protections auditives.<br \/>\nL\u2019utilisateur n\u2019a alors plus envie de retirer ses protections pour communiquer, il entend parfaitement \u00e0 travers ses protecteurs tout en \u00e9tant prot\u00e9g\u00e9\u2026[\/vc_column_text][\/vc_column][\/vc_row][vc_row][vc_column column_width_percent=\u00a0\u00bb100&Prime; align_horizontal=\u00a0\u00bbalign_center\u00a0\u00bb gutter_size=\u00a0\u00bb3&Prime; overlay_alpha=\u00a0\u00bb50&Prime; shift_x=\u00a0\u00bb0&Prime; shift_y=\u00a0\u00bb0&Prime; shift_y_down=\u00a0\u00bb0&Prime; z_index=\u00a0\u00bb0&Prime; medium_width=\u00a0\u00bb0&Prime; mobile_width=\u00a0\u00bb0&Prime; width=\u00a0\u00bb1\/1&Prime;][vc_custom_heading uncode_shortcode_id=\u00a0\u00bb424885&Prime;]LA SOLUTION EARPAD UNIVERSEL PRO[\/vc_custom_heading][\/vc_column][\/vc_row][vc_row][vc_column column_width_percent=\u00a0\u00bb100&Prime; align_horizontal=\u00a0\u00bbalign_center\u00a0\u00bb gutter_size=\u00a0\u00bb3&Prime; overlay_alpha=\u00a0\u00bb50&Prime; radius=\u00a0\u00bbxl\u00a0\u00bb shift_x=\u00a0\u00bb0&Prime; shift_y=\u00a0\u00bb0&Prime; shift_y_down=\u00a0\u00bb0&Prime; z_index=\u00a0\u00bb0&Prime; medium_width=\u00a0\u00bb0&Prime; mobile_width=\u00a0\u00bb0&Prime; width=\u00a0\u00bb1\/1&Prime;][vc_row_inner row_inner_height_percent=\u00a0\u00bb0&Prime; overlay_alpha=\u00a0\u00bb50&Prime; equal_height=\u00a0\u00bbyes\u00a0\u00bb gutter_size=\u00a0\u00bb3&Prime; shift_y=\u00a0\u00bb0&Prime; z_index=\u00a0\u00bb0&Prime; limit_content=\u00a0\u00bb\u00a0\u00bb][vc_column_inner column_width_percent=\u00a0\u00bb100&Prime; position_vertical=\u00a0\u00bbmiddle\u00a0\u00bb align_horizontal=\u00a0\u00bbalign_center\u00a0\u00bb gutter_size=\u00a0\u00bb3&Prime; overlay_alpha=\u00a0\u00bb50&Prime; radius=\u00a0\u00bbxl\u00a0\u00bb shift_x=\u00a0\u00bb0&Prime; shift_y=\u00a0\u00bb0&Prime; shift_y_down=\u00a0\u00bb0&Prime; z_index=\u00a0\u00bb0&Prime; medium_width=\u00a0\u00bb0&Prime; mobile_width=\u00a0\u00bb0&Prime; width=\u00a0\u00bb1\/2&Prime; uncode_shortcode_id=\u00a0\u00bb112681&Prime;][vc_single_image media=\u00a0\u00bb1966&Prime; media_width_percent=\u00a0\u00bb100&Prime; alignment=\u00a0\u00bbcenter\u00a0\u00bb css_animation=\u00a0\u00bbtop-t-bottom\u00a0\u00bb animation_speed=\u00a0\u00bb500&Prime; uncode_shortcode_id=\u00a0\u00bb691820&Prime;][\/vc_column_inner][vc_column_inner width=\u00a0\u00bb1\/2&Prime;][vc_separator sep_color=\u00a0\u00bb,Default\u00a0\u00bb css_animation=\u00a0\u00bbalpha-anim\u00a0\u00bb el_height=\u00a0\u00bb5px\u00a0\u00bb][vc_column_text uncode_shortcode_id=\u00a0\u00bb192240&Prime;]Protecteurs auditifs EARPAD\u00ae Universels r\u00e9utilisables,<\/p>\n<p>Comprenant : 1 \u00e9tui ZIP, 2 paires d\u2019embouts Standard et small, 1 cordon de liaison HQ en Silicone et une notice d\u2019utilisation individuelle. SNR de 16 dB<\/p>\n<p>Embouts sp\u00e9cifiques \u00e0 la majorit\u00e9 des conduits auditifs.<\/p>\n<p>En silicone bio compatible tr\u00e8s souple pour une mise en place ais\u00e9e et un plus grand confort. La forme permet une adaptation \u00e0 toutes les morphologies. Anallergique et biocompatible. Lavable \u00e0 l\u2019eau savonneuse.<\/p>\n<p>EARPAD\u00ae Universel PRO r\u00e9pond \u00e0 la norme NF EN 352-2<\/p>\n<p><strong>EARSONICS<\/strong> se veut pr\u00e9curseur dans le domaine de la protection acoustique des chirurgiens dentistes et des personnes de leur entourage professionnel.<\/p>\n<p>Tous les praticiens qui ont test\u00e9 l\u2019EARPAD UNIVERSEL PRO sont ravis de leur choix, ils les portent d\u00e9s qu\u2019ils doivent utiliser du mat\u00e9riel bruyant ou g\u00eanant pour leur audition, la discr\u00e9tion et la simplicit\u00e9 d\u2019entretien sont des arguments suppl\u00e9mentaires, ils reconnaissent une r\u00e9elle satisfaction \u00e0 l\u2019utilisation et se sentent beaucoup moins fatigu\u00e9s en rentrant chez eux le soir.[\/vc_column_text][vc_button button_color=\u00a0\u00bbcolor-vyce\u00a0\u00bb size=\u00a0\u00bbbtn-lg\u00a0\u00bb radius=\u00a0\u00bbbtn-round\u00a0\u00bb border_width=\u00a0\u00bb0&Prime; link=\u00a0\u00bburl:https%3A%2F%2Fwww.earsonics.com%2Fstore%2Fproduit%2Fearpad-universel-pro%2F|target:_blank\u00a0\u00bb button_color_type=\u00a0\u00bbuncode-palette\u00a0\u00bb uncode_shortcode_id=\u00a0\u00bb210474&Prime;]ACHETER MAINTENANT[\/vc_button][\/vc_column_inner][\/vc_row_inner][vc_separator sep_color=\u00a0\u00bb,Default\u00a0\u00bb][\/vc_column][\/vc_row][vc_row unlock_row_content=\u00a0\u00bbyes\u00a0\u00bb row_height_percent=\u00a0\u00bb40&Prime; back_image=\u00a0\u00bb1037&Prime; back_position=\u00a0\u00bbcenter center\u00a0\u00bb parallax=\u00a0\u00bbyes\u00a0\u00bb overlay_color=\u00a0\u00bbcolor-jevc\u00a0\u00bb overlay_alpha=\u00a0\u00bb53&Prime; gutter_size=\u00a0\u00bb3&Prime; column_width_percent=\u00a0\u00bb100&Prime; shift_y=\u00a0\u00bb0&Prime; z_index=\u00a0\u00bb0&Prime;][vc_column column_width_percent=\u00a0\u00bb100&Prime; position_vertical=\u00a0\u00bbmiddle\u00a0\u00bb align_horizontal=\u00a0\u00bbalign_center\u00a0\u00bb gutter_size=\u00a0\u00bb3&Prime; style=\u00a0\u00bbdark\u00a0\u00bb overlay_alpha=\u00a0\u00bb50&Prime; shift_x=\u00a0\u00bb0&Prime; shift_y=\u00a0\u00bb0&Prime; shift_y_down=\u00a0\u00bb0&Prime; z_index=\u00a0\u00bb0&Prime; medium_width=\u00a0\u00bb0&Prime; mobile_width=\u00a0\u00bb0&Prime; width=\u00a0\u00bb1\/1&Prime;][vc_column_text]<\/p>\n<h2>UN SAVOIR FAIRE<\/h2>\n<p><strong>une fabrication 100% fran\u00e7ais<\/strong><br \/>\nEarSonics, premier concepteur et fabricant Fran\u00e7ais d\u2019oreillettes pour le retour de sc\u00e8ne des chanteurs et musiciens, met au service de la protection de l\u2019audition, ses comp\u00e9tences en mati\u00e8re d\u2019acoustique et sa maitrise du son. Une nouvelle approche in\u00e9dite et originale, inspir\u00e9e des technologies hi-fi et audio pro qui a fait ses preuves aupr\u00e8s de la sc\u00e8ne nationale.<br \/>\nJohnny Hallyday, Myl\u00e8ne Farmer, Julien Clerc\u2026et bien d\u2019autres nous font confiance\u2026<br \/>\nla haute technologie d\u00e9sormais \u00e0 port\u00e9e de tous ![\/vc_column_text][\/vc_column][\/vc_row][vc_row row_height_percent=\u00a0\u00bb0&Prime; override_padding=\u00a0\u00bbyes\u00a0\u00bb h_padding=\u00a0\u00bb2&Prime; top_padding=\u00a0\u00bb5&Prime; bottom_padding=\u00a0\u00bb2&Prime; overlay_alpha=\u00a0\u00bb50&Prime; gutter_size=\u00a0\u00bb3&Prime; column_width_percent=\u00a0\u00bb100&Prime; shift_y=\u00a0\u00bb0&Prime; z_index=\u00a0\u00bb0&Prime;][vc_column column_width_percent=\u00a0\u00bb100&Prime; gutter_size=\u00a0\u00bb3&Prime; override_padding=\u00a0\u00bbyes\u00a0\u00bb column_padding=\u00a0\u00bb2&Prime; overlay_alpha=\u00a0\u00bb50&Prime; shift_x=\u00a0\u00bb0&Prime; shift_y=\u00a0\u00bb0&Prime; shift_y_down=\u00a0\u00bb0&Prime; z_index=\u00a0\u00bb0&Prime; medium_width=\u00a0\u00bb0&Prime; mobile_width=\u00a0\u00bb0&Prime; width=\u00a0\u00bb1\/1&Prime;][vc_row_inner row_inner_height_percent=\u00a0\u00bb0&Prime; overlay_alpha=\u00a0\u00bb37&Prime; gutter_size=\u00a0\u00bb3&Prime; shift_y=\u00a0\u00bb0&Prime; z_index=\u00a0\u00bb0&Prime; limit_content=\u00a0\u00bb\u00a0\u00bb][vc_column_inner column_width_percent=\u00a0\u00bb100&Prime; position_vertical=\u00a0\u00bbmiddle\u00a0\u00bb gutter_size=\u00a0\u00bb3&Prime; overlay_alpha=\u00a0\u00bb50&Prime; shift_x=\u00a0\u00bb0&Prime; shift_y=\u00a0\u00bb0&Prime; shift_y_down=\u00a0\u00bb0&Prime; z_index=\u00a0\u00bb0&Prime; medium_width=\u00a0\u00bb0&Prime; mobile_width=\u00a0\u00bb0&Prime; width=\u00a0\u00bb2\/3&Prime;][vc_column_text]Vous avez besoin d&rsquo;informations compl\u00e9mentaires? Quelle que soit votre demande, nous la traiterons avec le plus grand soin et dans les meilleurs d\u00e9lais.[\/vc_column_text][\/vc_column_inner][vc_column_inner column_width_percent=\u00a0\u00bb100&Prime; position_vertical=\u00a0\u00bbmiddle\u00a0\u00bb align_horizontal=\u00a0\u00bbalign_center\u00a0\u00bb gutter_size=\u00a0\u00bb3&Prime; overlay_alpha=\u00a0\u00bb50&Prime; shift_x=\u00a0\u00bb0&Prime; shift_y=\u00a0\u00bb0&Prime; shift_y_down=\u00a0\u00bb0&Prime; z_index=\u00a0\u00bb0&Prime; medium_width=\u00a0\u00bb0&Prime; mobile_width=\u00a0\u00bb0&Prime; width=\u00a0\u00bb1\/3&Prime;][vc_button button_color=\u00a0\u00bbcolor-vyce\u00a0\u00bb size=\u00a0\u00bbbtn-lg\u00a0\u00bb radius=\u00a0\u00bbbtn-round\u00a0\u00bb border_width=\u00a0\u00bb0&Prime; link=\u00a0\u00bburl:https%3A%2F%2Fwww.earsonics.com%2Fprotection-auditive%2Fcontact%2F|title:CONTACT|target:_blank\u00a0\u00bb button_color_type=\u00a0\u00bbuncode-palette\u00a0\u00bb uncode_shortcode_id=\u00a0\u00bb479321&Prime;]\u00catre contact\u00e9 par un conseiller[\/vc_button][\/vc_column_inner][\/vc_row_inner][vc_empty_space empty_h=\u00a0\u00bb3&Prime;][\/vc_column][\/vc_row][vc_row][vc_column column_width_percent=\u00a0\u00bb100&Prime; align_horizontal=\u00a0\u00bbalign_center\u00a0\u00bb gutter_size=\u00a0\u00bb3&Prime; overlay_alpha=\u00a0\u00bb50&Prime; shift_x=\u00a0\u00bb0&Prime; shift_y=\u00a0\u00bb0&Prime; shift_y_down=\u00a0\u00bb0&Prime; z_index=\u00a0\u00bb0&Prime; medium_width=\u00a0\u00bb0&Prime; mobile_width=\u00a0\u00bb0&Prime; width=\u00a0\u00bb1\/1&Prime;][vc_separator sep_color=\u00a0\u00bb,Default\u00a0\u00bb][vc_custom_heading]PRESSE[\/vc_custom_heading][\/vc_column][\/vc_row][vc_row][vc_column column_width_percent=\u00a0\u00bb100&Prime; position_vertical=\u00a0\u00bbmiddle\u00a0\u00bb align_horizontal=\u00a0\u00bbalign_center\u00a0\u00bb gutter_size=\u00a0\u00bb1&Prime; overlay_alpha=\u00a0\u00bb50&Prime; shift_x=\u00a0\u00bb0&Prime; shift_y=\u00a0\u00bb0&Prime; shift_y_down=\u00a0\u00bb0&Prime; z_index=\u00a0\u00bb0&Prime; medium_width=\u00a0\u00bb0&Prime; mobile_width=\u00a0\u00bb0&Prime; width=\u00a0\u00bb1\/3&Prime; uncode_shortcode_id=\u00a0\u00bb177301&Prime;][vc_column_text uncode_shortcode_id=\u00a0\u00bb119479&Prime;]<\/p>\n<h3><a href=\"http:\/\/www.earpad.fr\/DOCS\/article%20independentaire.pdf\" target=\"_blank\" rel=\"noopener noreferrer\">Article l&rsquo;Independentaire<\/a><\/h3>\n<p>[\/vc_column_text][vc_separator sep_color=\u00a0\u00bb\u00a0\u00bb icon=\u00a0\u00bbfa fa-upload4&Prime; uncode_shortcode_id=\u00a0\u00bb625359&Prime;][\/vc_column][vc_column column_width_percent=\u00a0\u00bb100&Prime; align_horizontal=\u00a0\u00bbalign_center\u00a0\u00bb gutter_size=\u00a0\u00bb3&Prime; overlay_alpha=\u00a0\u00bb50&Prime; shift_x=\u00a0\u00bb0&Prime; shift_y=\u00a0\u00bb0&Prime; shift_y_down=\u00a0\u00bb0&Prime; z_index=\u00a0\u00bb0&Prime; medium_width=\u00a0\u00bb0&Prime; mobile_width=\u00a0\u00bb0&Prime; width=\u00a0\u00bb1\/3&Prime;][vc_single_image media=\u00a0\u00bb569&Prime; media_width_percent=\u00a0\u00bb70&Prime; media_ratio=\u00a0\u00bbone-one\u00a0\u00bb alignment=\u00a0\u00bbcenter\u00a0\u00bb shape=\u00a0\u00bbimg-circle\u00a0\u00bb][\/vc_column][vc_column column_width_percent=\u00a0\u00bb100&Prime; position_vertical=\u00a0\u00bbmiddle\u00a0\u00bb align_horizontal=\u00a0\u00bbalign_center\u00a0\u00bb gutter_size=\u00a0\u00bb1&Prime; overlay_alpha=\u00a0\u00bb50&Prime; shift_x=\u00a0\u00bb0&Prime; shift_y=\u00a0\u00bb0&Prime; shift_y_down=\u00a0\u00bb0&Prime; z_index=\u00a0\u00bb0&Prime; medium_width=\u00a0\u00bb0&Prime; mobile_width=\u00a0\u00bb0&Prime; width=\u00a0\u00bb1\/3&Prime; uncode_shortcode_id=\u00a0\u00bb214898&Prime;][vc_column_text uncode_shortcode_id=\u00a0\u00bb138187&Prime;]<\/p>\n<h3><a href=\"http:\/\/www.earpad.fr\/DOCS\/article%20le%20fil%20dentaire%20octobre%202015.pdf\" target=\"_blank\" rel=\"noopener noreferrer\">Article Le Fil Dentaire<\/a><\/h3>\n<p>[\/vc_column_text][vc_separator sep_color=\u00a0\u00bb\u00a0\u00bb icon=\u00a0\u00bbfa fa-upload4&Prime; uncode_shortcode_id=\u00a0\u00bb625359&Prime;][\/vc_column][\/vc_row][vc_row][vc_column width=\u00a0\u00bb1\/1&Prime;][vc_empty_space][\/vc_column][\/vc_row]<\/p>\n<\/div>","protected":false},"excerpt":{"rendered":"<p>[vc_row row_height_percent=\u00a0\u00bb80&Prime; back_image=\u00a0\u00bb1011&Prime; parallax=\u00a0\u00bbyes\u00a0\u00bb kburns=\u00a0\u00bbyes\u00a0\u00bb overlay_color=\u00a0\u00bbaccent\u00a0\u00bb overlay_alpha=\u00a0\u00bb10&Prime; gutter_size=\u00a0\u00bb3&Prime; column_width_percent=\u00a0\u00bb100&Prime; shift_y=\u00a0\u00bb0&Prime; z_index=\u00a0\u00bb0&Prime;][vc_column width=\u00a0\u00bb1\/1&Prime;][vc_row_inner row_inner_height_percent=\u00a0\u00bb0&Prime; force_width_grid=\u00a0\u00bbyes\u00a0\u00bb overlay_alpha=\u00a0\u00bb50&Prime; gutter_size=\u00a0\u00bb3&Prime; shift_y=\u00a0\u00bb0&Prime; z_index=\u00a0\u00bb0&Prime; limit_content=\u00a0\u00bb\u00a0\u00bb][vc_column_inner width=\u00a0\u00bb1\/3&Prime;][\/vc_column_inner][vc_column_inner [&hellip;]<\/p>\n","protected":false},"author":1,"featured_media":0,"parent":0,"menu_order":0,"comment_status":"closed","ping_status":"closed","template":"","meta":{"footnotes":""},"class_list":["post-1010","page","type-page","status-publish","hentry"],"aioseo_notices":[],"_links":{"self":[{"href":"https:\/\/www.earsonics.com\/protection-auditive\/wp-json\/wp\/v2\/pages\/1010","targetHints":{"allow":["GET"]}}],"collection":[{"href":"https:\/\/www.earsonics.com\/protection-auditive\/wp-json\/wp\/v2\/pages"}],"about":[{"href":"https:\/\/www.earsonics.com\/protection-auditive\/wp-json\/wp\/v2\/types\/page"}],"author":[{"embeddable":true,"href":"https:\/\/www.earsonics.com\/protection-auditive\/wp-json\/wp\/v2\/users\/1"}],"replies":[{"embeddable":true,"href":"https:\/\/www.earsonics.com\/protection-auditive\/wp-json\/wp\/v2\/comments?post=1010"}],"version-history":[{"count":5,"href":"https:\/\/www.earsonics.com\/protection-auditive\/wp-json\/wp\/v2\/pages\/1010\/revisions"}],"predecessor-version":[{"id":1968,"href":"https:\/\/www.earsonics.com\/protection-auditive\/wp-json\/wp\/v2\/pages\/1010\/revisions\/1968"}],"wp:attachment":[{"href":"https:\/\/www.earsonics.com\/protection-auditive\/wp-json\/wp\/v2\/media?parent=1010"}],"curies":[{"name":"wp","href":"https:\/\/api.w.org\/{rel}","templated":true}]}}