{"id":116,"date":"2013-11-25T16:07:18","date_gmt":"2013-11-25T15:07:18","guid":{"rendered":"http:\/\/www.earsonics.com\/earpad\/?page_id=116"},"modified":"2015-12-04T22:21:02","modified_gmt":"2015-12-04T21:21:02","slug":"mentions-legales","status":"publish","type":"page","link":"https:\/\/www.earsonics.com\/protection-auditive\/mentions-legales\/","title":{"rendered":"MENTIONS LEGALES"},"content":{"rendered":"<p>Vous \u00eates actuellement connect\u00e9 au site Internet www.earsonics.com.<br \/>\nLes mentions l\u00e9gales sur les conditions d&rsquo;utilisation du site pr\u00e9sent\u00e9es ci-dessous s&rsquo;appliquent \u00e0 toute personne y acc\u00e9dant, d\u00e9sign\u00e9e sous le terme \u00a0\u00bb utilisateur \u00a0\u00bb dans le texte.<br \/>\nResponsable du site\/Directeur de publication :<\/p>\n<p>EARSONICS SAS au capital de 100 000\u20ac,<br \/>\n-RCS Montpellier siret 501 115 695 00014 (APE 2640Z)<br \/>\n-N\u00b0 de d\u00e9claration CNIL : 1513847V0<br \/>\n-N\u00b0 TVA : FR66 501 115 695<br \/>\n-N\u00b0 EORI : FR50111569500014<br \/>\nDont le si\u00e8ge social est situ\u00e9 ZAE Via Domitia, 171 avenue des gardians 34160 Castries FRANCE, Lopez Franck agissant en qualit\u00e9 de Directeur de la publication.<\/p>\n<p>Le site est g\u00e9r\u00e9 et administr\u00e9 par EARSONICS SAS.<br \/>\nL&rsquo;adresse de l&rsquo;entreprise : ZAE Via Domitia, 171 avenue des gardians 34160 Castries FRANCE<br \/>\nNoms et coordonn\u00e9es physiques de l\u2019h\u00e9bergeur :<\/p>\n<p>OVH<\/p>\n<p>SAS au capital de 10 000 000 \u20ac<br \/>\nRCS Roubaix \u2013 Tourcoing 424 761 419 00045<br \/>\nCode APE 6202A<br \/>\nN\u00b0 TVA : FR 22 424 761 419<br \/>\nSi\u00e8ge social : 2 rue Kellermann &#8211; 59100 Roubaix &#8211; France.<\/p>\n<p>Droits d&rsquo;auteurs \/ Copyright : Les marques et logos figurant sur ce site sont des marques d\u00e9pos\u00e9es. Leur mention n&rsquo;accorde en aucune mani\u00e8re une licence ou un droit d&rsquo;utilisation quelconque des dites marques, qui ne peuvent donc \u00eatre utilis\u00e9es sans le consentement pr\u00e9alable et \u00e9crit du propri\u00e9taire de la marque sous peine de contrefa\u00e7on.<br \/>\nL&rsquo;ensemble des informations pr\u00e9sentes sur ce site peut \u00eatre t\u00e9l\u00e9charg\u00e9, reproduit, imprim\u00e9 sous r\u00e9serve de :<br \/>\nN&rsquo;utiliser de telles informations qu&rsquo;\u00e0 des fins d&rsquo;information et en aucune mani\u00e8re \u00e0 des fins commerciales,<br \/>\nne pas modifier de telles informations<br \/>\nreproduire sur toutes copies la mention des droits d&rsquo;auteur (\u00ab\u00a0le copyright\u00a0\u00bb) www.earsonics.com.<br \/>\nToute autre utilisation non express\u00e9ment autoris\u00e9e est strictement interdite sans autorisation pr\u00e9alable et \u00e9crite de Earsonics.<br \/>\nResponsabilit\u00e9 : Earsonics se r\u00e9serve le droit de modifier \u00e0 tout moment les pr\u00e9sentes notamment en actualisant ce site.<br \/>\nEarsonics ne pourra \u00eatre responsable pour quel que dommage que ce soit tant direct qu&rsquo;indirect, r\u00e9sultant d&rsquo;une information contenue sur ce site.<\/p>\n<p>Lien hypertexte :<\/p>\n<p>Utilisez le bandeau-lien Earsonics (click droit, enregistrer sous..)<\/p>\n<p>La cr\u00e9ation de liens hypertextes vers le site www.earsonics.com est totalement autoris\u00e9e. Pour toute autre demande, vous pouvez envoyer un message \u00e0 l&rsquo;adresse suivante : contact@earsonics.com<br \/>\nMise \u00e0 jour des mentions l\u00e9gales du site :<br \/>\nEarsonics se r\u00e9serve le droit de mettre \u00e0 jour les pr\u00e9sentes mentions l\u00e9gales \u00e0 tout moment, en fonction de l&rsquo;\u00e9volution du contenu du site et des contraintes suppl\u00e9mentaires de protection n\u00e9cessaires. Earsonics invite donc tout utilisateur \u00e0 visiter cette page lors de chaque consultation du site afin d&rsquo;en prendre connaissance.<\/p>\n<p>Conception du site : EARSONICS SAS.<\/p>\n<p>Conditions optimales d&rsquo;acc\u00e8s au site :<\/p>\n<p>Ce site a \u00e9t\u00e9 optimis\u00e9 pour les sp\u00e9cifications suivantes :<br \/>\n&#8211; Safari, Firefox et Internet Explorer.<\/p>\n","protected":false},"excerpt":{"rendered":"<p>Vous \u00eates actuellement connect\u00e9 au site Internet www.earsonics.com. Les mentions l\u00e9gales sur les conditions d&rsquo;utilisation du site pr\u00e9sent\u00e9es ci-dessous s&rsquo;appliquent [&hellip;]<\/p>\n","protected":false},"author":1,"featured_media":0,"parent":0,"menu_order":0,"comment_status":"open","ping_status":"open","template":"","meta":{"footnotes":""},"class_list":["post-116","page","type-page","status-publish","hentry"],"aioseo_notices":[],"_links":{"self":[{"href":"https:\/\/www.earsonics.com\/protection-auditive\/wp-json\/wp\/v2\/pages\/116","targetHints":{"allow":["GET"]}}],"collection":[{"href":"https:\/\/www.earsonics.com\/protection-auditive\/wp-json\/wp\/v2\/pages"}],"about":[{"href":"https:\/\/www.earsonics.com\/protection-auditive\/wp-json\/wp\/v2\/types\/page"}],"author":[{"embeddable":true,"href":"https:\/\/www.earsonics.com\/protection-auditive\/wp-json\/wp\/v2\/users\/1"}],"replies":[{"embeddable":true,"href":"https:\/\/www.earsonics.com\/protection-auditive\/wp-json\/wp\/v2\/comments?post=116"}],"version-history":[{"count":3,"href":"https:\/\/www.earsonics.com\/protection-auditive\/wp-json\/wp\/v2\/pages\/116\/revisions"}],"predecessor-version":[{"id":574,"href":"https:\/\/www.earsonics.com\/protection-auditive\/wp-json\/wp\/v2\/pages\/116\/revisions\/574"}],"wp:attachment":[{"href":"https:\/\/www.earsonics.com\/protection-auditive\/wp-json\/wp\/v2\/media?parent=116"}],"curies":[{"name":"wp","href":"https:\/\/api.w.org\/{rel}","templated":true}]}}