{"id":1810,"date":"2022-05-17T16:38:39","date_gmt":"2022-05-17T15:38:39","guid":{"rendered":"https:\/\/www.earsonics.com\/protection-auditive\/?page_id=1810"},"modified":"2025-05-19T13:32:28","modified_gmt":"2025-05-19T12:32:28","slug":"gamme-public","status":"publish","type":"page","link":"https:\/\/www.earsonics.com\/protection-auditive\/gamme-public\/","title":{"rendered":"Gamme Public"},"content":{"rendered":"<div class=\"wpb-content-wrapper\"><p>[vc_row unlock_row_content=\u00a0\u00bbyes\u00a0\u00bb row_height_percent=\u00a0\u00bb30&Prime; back_color=\u00a0\u00bbcolor-121900&Prime; overlay_color=\u00a0\u00bbcolor-jevc\u00a0\u00bb overlay_alpha=\u00a0\u00bb20&Prime; gutter_size=\u00a0\u00bb3&Prime; column_width_percent=\u00a0\u00bb100&Prime; shift_y=\u00a0\u00bb0&Prime; z_index=\u00a0\u00bb0&Prime; uncode_shortcode_id=\u00a0\u00bb131411&Prime; overlay_color_type=\u00a0\u00bbuncode-palette\u00a0\u00bb back_color_type=\u00a0\u00bbuncode-palette\u00a0\u00bb][vc_column column_width_percent=\u00a0\u00bb80&Prime; position_vertical=\u00a0\u00bbmiddle\u00a0\u00bb align_horizontal=\u00a0\u00bbalign_center\u00a0\u00bb gutter_size=\u00a0\u00bb3&Prime; style=\u00a0\u00bbdark\u00a0\u00bb overlay_alpha=\u00a0\u00bb50&Prime; shift_x=\u00a0\u00bb0&Prime; shift_y=\u00a0\u00bb0&Prime; shift_y_down=\u00a0\u00bb0&Prime; z_index=\u00a0\u00bb0&Prime; medium_width=\u00a0\u00bb0&Prime; mobile_width=\u00a0\u00bb0&Prime; width=\u00a0\u00bb1\/1&Prime; uncode_shortcode_id=\u00a0\u00bb854555&Prime;][vc_column_text uncode_shortcode_id=\u00a0\u00bb196090&Prime;]<\/p>\n<h2>NOS PROTECTIONS AUDITIVES<\/h2>\n<hr \/>\n<p>Ce qui nous int\u00e9resse, c\u2019est ce que vous ENTENDEZ !<br \/>\nUne qualit\u00e9 d\u2019\u00e9coute optimale, une protection adapt\u00e9e sans la sensation d\u2019isolement\u2026<br \/>\nGr\u00e2ce \u00e0 son proc\u00e9d\u00e9 brevet\u00e9 d\u00e9velopp\u00e9 pour les utilisateurs les plus exigeants, L\u2019earpad vous procure une sensation naturelle qui vous fait oublier que vous portez des protections auditives.<br \/>\nL\u2019utilisateur n\u2019a alors plus envie de retirer ses protections pour communiquer, il entend parfaitement \u00e0 travers ses protecteurs tout en \u00e9tant prot\u00e9g\u00e9\u2026[\/vc_column_text][\/vc_column][\/vc_row][vc_row][vc_column column_width_percent=\u00a0\u00bb100&Prime; align_horizontal=\u00a0\u00bbalign_center\u00a0\u00bb gutter_size=\u00a0\u00bb3&Prime; overlay_alpha=\u00a0\u00bb50&Prime; shift_x=\u00a0\u00bb0&Prime; shift_y=\u00a0\u00bb0&Prime; shift_y_down=\u00a0\u00bb0&Prime; z_index=\u00a0\u00bb0&Prime; medium_width=\u00a0\u00bb0&Prime; mobile_width=\u00a0\u00bb0&Prime; width=\u00a0\u00bb1\/1&Prime; uncode_shortcode_id=\u00a0\u00bb446709&Prime;][vc_custom_heading uncode_shortcode_id=\u00a0\u00bb111063&Prime;]Nos Protections EARPAD\u00ae[\/vc_custom_heading][\/vc_column][\/vc_row][vc_row row_height_percent=\u00a0\u00bb0&Prime; override_padding=\u00a0\u00bbyes\u00a0\u00bb h_padding=\u00a0\u00bb2&Prime; top_padding=\u00a0\u00bb0&Prime; bottom_padding=\u00a0\u00bb2&Prime; overlay_alpha=\u00a0\u00bb50&Prime; equal_height=\u00a0\u00bbyes\u00a0\u00bb gutter_size=\u00a0\u00bb3&Prime; column_width_percent=\u00a0\u00bb100&Prime; shift_y=\u00a0\u00bb0&Prime; z_index=\u00a0\u00bb0&Prime; uncode_shortcode_id=\u00a0\u00bb191379&Prime;][vc_column column_width_percent=\u00a0\u00bb100&Prime; position_vertical=\u00a0\u00bbbottom\u00a0\u00bb align_horizontal=\u00a0\u00bbalign_center\u00a0\u00bb gutter_size=\u00a0\u00bb3&Prime; back_color=\u00a0\u00bbcolor-xsdn\u00a0\u00bb overlay_alpha=\u00a0\u00bb8&Prime; radius=\u00a0\u00bbxl\u00a0\u00bb shift_x=\u00a0\u00bb0&Prime; shift_y=\u00a0\u00bb0&Prime; shift_y_down=\u00a0\u00bb0&Prime; z_index=\u00a0\u00bb0&Prime; medium_width=\u00a0\u00bb0&Prime; mobile_width=\u00a0\u00bb0&Prime; width=\u00a0\u00bb1\/4&Prime; uncode_shortcode_id=\u00a0\u00bb236481&Prime; back_color_type=\u00a0\u00bbuncode-palette\u00a0\u00bb][vc_single_image media=\u00a0\u00bb1820&Prime; media_lightbox=\u00a0\u00bbyes\u00a0\u00bb media_width_percent=\u00a0\u00bb92&Prime; alignment=\u00a0\u00bbcenter\u00a0\u00bb css_animation=\u00a0\u00bbtop-t-bottom\u00a0\u00bb lbox_skin=\u00a0\u00bbwhite\u00a0\u00bb uncode_shortcode_id=\u00a0\u00bb143677&Prime;][vc_custom_heading text_size=\u00a0\u00bbh5&Prime; uncode_shortcode_id=\u00a0\u00bb374840&Prime;]EARPAD UNIVERSEL Classic[\/vc_custom_heading][vc_column_text uncode_shortcode_id=\u00a0\u00bb130375&Prime;]Protections universelles \u00e0 technologie CLI pour une qualit\u00e9 sonore optimale. Version Standard<\/p>\n<p>ATTENUATION SNR: <strong>16dB<\/strong>[\/vc_column_text][vc_button button_color=\u00a0\u00bbcolor-121900&Prime; size=\u00a0\u00bbbtn-sm\u00a0\u00bb outline=\u00a0\u00bbyes\u00a0\u00bb border_width=\u00a0\u00bb0&Prime; link=\u00a0\u00bburl:https%3A%2F%2Fwww.earsonics.com%2Fstore%2Fproduit%2Fearpad-universel%2F|target:_blank\u00a0\u00bb uncode_shortcode_id=\u00a0\u00bb604351&Prime; button_color_type=\u00a0\u00bbuncode-palette\u00a0\u00bb]ACHETER[\/vc_button][vc_separator sep_color=\u00a0\u00bb,Default\u00a0\u00bb][\/vc_column][vc_column column_width_percent=\u00a0\u00bb100&Prime; position_vertical=\u00a0\u00bbbottom\u00a0\u00bb align_horizontal=\u00a0\u00bbalign_center\u00a0\u00bb gutter_size=\u00a0\u00bb3&Prime; back_color=\u00a0\u00bbcolor-xsdn\u00a0\u00bb overlay_alpha=\u00a0\u00bb8&Prime; radius=\u00a0\u00bbxl\u00a0\u00bb shift_x=\u00a0\u00bb0&Prime; shift_y=\u00a0\u00bb0&Prime; shift_y_down=\u00a0\u00bb0&Prime; z_index=\u00a0\u00bb0&Prime; medium_width=\u00a0\u00bb0&Prime; mobile_width=\u00a0\u00bb0&Prime; width=\u00a0\u00bb1\/4&Prime; uncode_shortcode_id=\u00a0\u00bb392325&Prime; back_color_type=\u00a0\u00bbuncode-palette\u00a0\u00bb][vc_single_image media=\u00a0\u00bb1668&Prime; media_lightbox=\u00a0\u00bbyes\u00a0\u00bb media_width_percent=\u00a0\u00bb92&Prime; alignment=\u00a0\u00bbcenter\u00a0\u00bb css_animation=\u00a0\u00bbtop-t-bottom\u00a0\u00bb lbox_skin=\u00a0\u00bbwhite\u00a0\u00bb uncode_shortcode_id=\u00a0\u00bb136639&Prime;][vc_custom_heading text_size=\u00a0\u00bbh5&Prime; uncode_shortcode_id=\u00a0\u00bb820641&Prime;]EARPAD UNIVERSEL PRO[\/vc_custom_heading][vc_column_text uncode_shortcode_id=\u00a0\u00bb133145&Prime;]Protections universelles \u00e0 technologie CLI pour une qualit\u00e9 sonore optimale. Version PRO<\/p>\n<p>ATTENUATION SNR: <strong>16dB<\/strong>[\/vc_column_text][vc_button button_color=\u00a0\u00bbcolor-121900&Prime; size=\u00a0\u00bbbtn-sm\u00a0\u00bb outline=\u00a0\u00bbyes\u00a0\u00bb border_width=\u00a0\u00bb0&Prime; link=\u00a0\u00bburl:https%3A%2F%2Fwww.earsonics.com%2Fstore%2Fproduit%2Fearpad-universel-pro%2F|target:_blank\u00a0\u00bb uncode_shortcode_id=\u00a0\u00bb196048&Prime; button_color_type=\u00a0\u00bbuncode-palette\u00a0\u00bb]ACHETER[\/vc_button][vc_separator sep_color=\u00a0\u00bb,Default\u00a0\u00bb][\/vc_column][vc_column column_width_percent=\u00a0\u00bb100&Prime; position_vertical=\u00a0\u00bbbottom\u00a0\u00bb align_horizontal=\u00a0\u00bbalign_center\u00a0\u00bb gutter_size=\u00a0\u00bb3&Prime; back_color=\u00a0\u00bbcolor-xsdn\u00a0\u00bb overlay_alpha=\u00a0\u00bb50&Prime; radius=\u00a0\u00bbxl\u00a0\u00bb shift_x=\u00a0\u00bb0&Prime; shift_y=\u00a0\u00bb0&Prime; shift_y_down=\u00a0\u00bb0&Prime; z_index=\u00a0\u00bb0&Prime; medium_width=\u00a0\u00bb0&Prime; mobile_width=\u00a0\u00bb0&Prime; width=\u00a0\u00bb1\/4&Prime; uncode_shortcode_id=\u00a0\u00bb104049&Prime; back_color_type=\u00a0\u00bbuncode-palette\u00a0\u00bb][vc_single_image media=\u00a0\u00bb1667&Prime; media_lightbox=\u00a0\u00bbyes\u00a0\u00bb media_width_percent=\u00a0\u00bb92&Prime; alignment=\u00a0\u00bbcenter\u00a0\u00bb css_animation=\u00a0\u00bbtop-t-bottom\u00a0\u00bb lbox_skin=\u00a0\u00bbwhite\u00a0\u00bb uncode_shortcode_id=\u00a0\u00bb190199&Prime;][vc_custom_heading text_size=\u00a0\u00bbh5&Prime; uncode_shortcode_id=\u00a0\u00bb379379&Prime;]EARPAD UNIVERSEL STRONG[\/vc_custom_heading][vc_column_text uncode_shortcode_id=\u00a0\u00bb969183&Prime;]Protections universelles \u00e0 technologie CLI pour une qualit\u00e9 sonore optimale. Version PRO<\/p>\n<p>ATTENUATION SNR: <strong>23dB<\/strong>[\/vc_column_text][vc_button button_color=\u00a0\u00bbcolor-121900&Prime; size=\u00a0\u00bbbtn-sm\u00a0\u00bb outline=\u00a0\u00bbyes\u00a0\u00bb border_width=\u00a0\u00bb0&Prime; link=\u00a0\u00bburl:https%3A%2F%2Fwww.earsonics.com%2Fstore%2Fproduit%2Fearpad-universel-pro-strong%2F|target:_blank\u00a0\u00bb uncode_shortcode_id=\u00a0\u00bb391382&Prime; button_color_type=\u00a0\u00bbuncode-palette\u00a0\u00bb]ACHETER[\/vc_button][vc_separator sep_color=\u00a0\u00bb,Default\u00a0\u00bb][\/vc_column][vc_column column_width_percent=\u00a0\u00bb100&Prime; position_vertical=\u00a0\u00bbbottom\u00a0\u00bb align_horizontal=\u00a0\u00bbalign_center\u00a0\u00bb gutter_size=\u00a0\u00bb3&Prime; back_color=\u00a0\u00bbcolor-xsdn\u00a0\u00bb overlay_alpha=\u00a0\u00bb50&Prime; radius=\u00a0\u00bbxl\u00a0\u00bb shift_x=\u00a0\u00bb0&Prime; shift_y=\u00a0\u00bb0&Prime; shift_y_down=\u00a0\u00bb0&Prime; z_index=\u00a0\u00bb0&Prime; medium_width=\u00a0\u00bb0&Prime; mobile_width=\u00a0\u00bb0&Prime; width=\u00a0\u00bb1\/4&Prime; uncode_shortcode_id=\u00a0\u00bb148600&Prime; back_color_type=\u00a0\u00bbuncode-palette\u00a0\u00bb][vc_single_image media=\u00a0\u00bb1824&Prime; media_lightbox=\u00a0\u00bbyes\u00a0\u00bb media_width_percent=\u00a0\u00bb92&Prime; alignment=\u00a0\u00bbcenter\u00a0\u00bb css_animation=\u00a0\u00bbtop-t-bottom\u00a0\u00bb lbox_skin=\u00a0\u00bbwhite\u00a0\u00bb uncode_shortcode_id=\u00a0\u00bb800714&Prime;][vc_custom_heading text_size=\u00a0\u00bbh5&Prime; uncode_shortcode_id=\u00a0\u00bb154750&Prime;]EARPAD SMH SUR-MESURE[\/vc_custom_heading][vc_column_text uncode_shortcode_id=\u00a0\u00bb181400&Prime;]Protections moul\u00e9s sur mesure. 5 niveaux d\u2019att\u00e9nuations, technologie CLI.<\/p>\n<p>ATTENUATION SNR:\u00a0<strong>9 \u00e0 31 dB<\/strong>[\/vc_column_text][vc_button button_color=\u00a0\u00bbcolor-121900&Prime; size=\u00a0\u00bbbtn-sm\u00a0\u00bb outline=\u00a0\u00bbyes\u00a0\u00bb border_width=\u00a0\u00bb0&Prime; link=\u00a0\u00bburl:https%3A%2F%2Fwww.earsonics.com%2Fstore%2Fproduit%2Fearpad-smh-sur-mesure%2F|target:_blank\u00a0\u00bb uncode_shortcode_id=\u00a0\u00bb120706&Prime; button_color_type=\u00a0\u00bbuncode-palette\u00a0\u00bb]ACHETER[\/vc_button][vc_separator sep_color=\u00a0\u00bb,Default\u00a0\u00bb][\/vc_column][\/vc_row][vc_row row_height_percent=\u00a0\u00bb0&Prime; overlay_alpha=\u00a0\u00bb50&Prime; equal_height=\u00a0\u00bbyes\u00a0\u00bb gutter_size=\u00a0\u00bb3&Prime; column_width_percent=\u00a0\u00bb100&Prime; shift_y=\u00a0\u00bb0&Prime; z_index=\u00a0\u00bb0&Prime; uncode_shortcode_id=\u00a0\u00bb112927&Prime;][vc_column width=\u00a0\u00bb1\/4&Prime;][vc_single_image media=\u00a0\u00bb1830&Prime; media_width_percent=\u00a0\u00bb100&Prime; shape=\u00a0\u00bbimg-round\u00a0\u00bb radius=\u00a0\u00bbstd\u00a0\u00bb uncode_shortcode_id=\u00a0\u00bb109547&Prime;][vc_column_text uncode_shortcode_id=\u00a0\u00bb601879&Prime;]MOTO[\/vc_column_text][\/vc_column][vc_column width=\u00a0\u00bb1\/4&Prime;][vc_single_image media=\u00a0\u00bb1098&Prime; media_width_percent=\u00a0\u00bb100&Prime; shape=\u00a0\u00bbimg-round\u00a0\u00bb radius=\u00a0\u00bbstd\u00a0\u00bb uncode_shortcode_id=\u00a0\u00bb167072&Prime;][vc_column_text uncode_shortcode_id=\u00a0\u00bb205619&Prime;]CONCERTS[\/vc_column_text][\/vc_column][vc_column width=\u00a0\u00bb1\/4&Prime;][vc_single_image media=\u00a0\u00bb1089&Prime; media_width_percent=\u00a0\u00bb100&Prime; shape=\u00a0\u00bbimg-round\u00a0\u00bb radius=\u00a0\u00bbstd\u00a0\u00bb uncode_shortcode_id=\u00a0\u00bb205783&Prime;][vc_column_text uncode_shortcode_id=\u00a0\u00bb136022&Prime;]MUSIQUE[\/vc_column_text][\/vc_column][vc_column width=\u00a0\u00bb1\/4&Prime;][vc_single_image media=\u00a0\u00bb1828&Prime; media_width_percent=\u00a0\u00bb100&Prime; shape=\u00a0\u00bbimg-round\u00a0\u00bb radius=\u00a0\u00bbstd\u00a0\u00bb uncode_shortcode_id=\u00a0\u00bb416600&Prime;][vc_column_text uncode_shortcode_id=\u00a0\u00bb241335&Prime;]BRICOLAGE[\/vc_column_text][\/vc_column][\/vc_row]<\/p>\n<\/div>","protected":false},"excerpt":{"rendered":"<p>[vc_row unlock_row_content=\u00a0\u00bbyes\u00a0\u00bb row_height_percent=\u00a0\u00bb30&Prime; back_color=\u00a0\u00bbcolor-121900&Prime; overlay_color=\u00a0\u00bbcolor-jevc\u00a0\u00bb overlay_alpha=\u00a0\u00bb20&Prime; gutter_size=\u00a0\u00bb3&Prime; column_width_percent=\u00a0\u00bb100&Prime; shift_y=\u00a0\u00bb0&Prime; z_index=\u00a0\u00bb0&Prime; uncode_shortcode_id=\u00a0\u00bb131411&Prime; overlay_color_type=\u00a0\u00bbuncode-palette\u00a0\u00bb back_color_type=\u00a0\u00bbuncode-palette\u00a0\u00bb][vc_column column_width_percent=\u00a0\u00bb80&Prime; position_vertical=\u00a0\u00bbmiddle\u00a0\u00bb align_horizontal=\u00a0\u00bbalign_center\u00a0\u00bb gutter_size=\u00a0\u00bb3&Prime; style=\u00a0\u00bbdark\u00a0\u00bb overlay_alpha=\u00a0\u00bb50&Prime; shift_x=\u00a0\u00bb0&Prime; [&hellip;]<\/p>\n","protected":false},"author":1,"featured_media":0,"parent":0,"menu_order":0,"comment_status":"closed","ping_status":"closed","template":"","meta":{"footnotes":""},"class_list":["post-1810","page","type-page","status-publish","hentry"],"aioseo_notices":[],"_links":{"self":[{"href":"https:\/\/www.earsonics.com\/protection-auditive\/wp-json\/wp\/v2\/pages\/1810","targetHints":{"allow":["GET"]}}],"collection":[{"href":"https:\/\/www.earsonics.com\/protection-auditive\/wp-json\/wp\/v2\/pages"}],"about":[{"href":"https:\/\/www.earsonics.com\/protection-auditive\/wp-json\/wp\/v2\/types\/page"}],"author":[{"embeddable":true,"href":"https:\/\/www.earsonics.com\/protection-auditive\/wp-json\/wp\/v2\/users\/1"}],"replies":[{"embeddable":true,"href":"https:\/\/www.earsonics.com\/protection-auditive\/wp-json\/wp\/v2\/comments?post=1810"}],"version-history":[{"count":5,"href":"https:\/\/www.earsonics.com\/protection-auditive\/wp-json\/wp\/v2\/pages\/1810\/revisions"}],"predecessor-version":[{"id":1985,"href":"https:\/\/www.earsonics.com\/protection-auditive\/wp-json\/wp\/v2\/pages\/1810\/revisions\/1985"}],"wp:attachment":[{"href":"https:\/\/www.earsonics.com\/protection-auditive\/wp-json\/wp\/v2\/media?parent=1810"}],"curies":[{"name":"wp","href":"https:\/\/api.w.org\/{rel}","templated":true}]}}