{"id":31,"date":"2017-08-29T19:34:42","date_gmt":"2017-08-29T17:34:42","guid":{"rendered":"http:\/\/localhost:8888\/?p=31"},"modified":"2023-11-23T23:15:19","modified_gmt":"2023-11-23T22:15:19","slug":"em3-pro","status":"publish","type":"product","link":"https:\/\/www.earsonics.com\/store\/produit\/em3-pro\/","title":{"rendered":"EM3-PRO"},"content":{"rendered":"<p>-Choisissez parmis les options votre choix de couleur de c\u00e2ble, de in-ears.<br \/>\n-Pour la personnalisation gravure au laser, c&rsquo;est par ici: <a href=\"https:\/\/www.earsonics.com\/store\/produit\/gravure-laser\/\">GRAVURE LASER<\/a><br \/>\n-Apr\u00e8s votre commande envoyez nous vos empreintes par courrier \u00e0 : EarSonics, Zae Via Domitia, 171 av des gardians 34160 CASTRIES<\/p>\n<p>&nbsp;<\/p>\n<p><img loading=\"lazy\" decoding=\"async\" class=\"alignnone size-full wp-image-67391\" src=\"http:\/\/www.earsonics.com\/store\/wp-content\/uploads\/Capture-d\u2019\u00e9cran-2019-01-11-\u00e0-11.06.45.png\" alt=\"\" width=\"2586\" height=\"2564\" srcset=\"https:\/\/www.earsonics.com\/store\/wp-content\/uploads\/Capture-d\u2019\u00e9cran-2019-01-11-\u00e0-11.06.45.png 2586w, https:\/\/www.earsonics.com\/store\/wp-content\/uploads\/Capture-d\u2019\u00e9cran-2019-01-11-\u00e0-11.06.45-300x297.png 300w, https:\/\/www.earsonics.com\/store\/wp-content\/uploads\/Capture-d\u2019\u00e9cran-2019-01-11-\u00e0-11.06.45-100x100.png 100w, https:\/\/www.earsonics.com\/store\/wp-content\/uploads\/Capture-d\u2019\u00e9cran-2019-01-11-\u00e0-11.06.45-600x595.png 600w, https:\/\/www.earsonics.com\/store\/wp-content\/uploads\/Capture-d\u2019\u00e9cran-2019-01-11-\u00e0-11.06.45-768x761.png 768w, https:\/\/www.earsonics.com\/store\/wp-content\/uploads\/Capture-d\u2019\u00e9cran-2019-01-11-\u00e0-11.06.45-1280x1269.png 1280w\" sizes=\"auto, (max-width: 2586px) 100vw, 2586px\" \/><\/p>\n","protected":false},"excerpt":{"rendered":"<p>-Choisissez parmis les options votre choix de couleur de c\u00e2ble, de in-ears. -Pour la personnalisation gravure au laser, c&rsquo;est par ici: GRAVURE LASER -Apr\u00e8s votre commande envoyez nous vos empreintes par courrier \u00e0 : EarSonics, Zae Via Domitia, 171 av des gardians 34160 CASTRIES &nbsp;<\/p>\n","protected":false},"featured_media":65658,"comment_status":"open","ping_status":"closed","template":"","meta":[],"product_brand":[],"product_cat":[178,16],"product_tag":[],"class_list":{"0":"post-31","1":"product","2":"type-product","3":"status-publish","4":"has-post-thumbnail","6":"product_cat-pro","7":"product_cat-sur-mesure","9":"first","10":"instock","11":"taxable","12":"shipping-taxable","13":"purchasable","14":"product-type-variable"},"_links":{"self":[{"href":"https:\/\/www.earsonics.com\/store\/wp-json\/wp\/v2\/product\/31","targetHints":{"allow":["GET"]}}],"collection":[{"href":"https:\/\/www.earsonics.com\/store\/wp-json\/wp\/v2\/product"}],"about":[{"href":"https:\/\/www.earsonics.com\/store\/wp-json\/wp\/v2\/types\/product"}],"replies":[{"embeddable":true,"href":"https:\/\/www.earsonics.com\/store\/wp-json\/wp\/v2\/comments?post=31"}],"wp:featuredmedia":[{"embeddable":true,"href":"https:\/\/www.earsonics.com\/store\/wp-json\/wp\/v2\/media\/65658"}],"wp:attachment":[{"href":"https:\/\/www.earsonics.com\/store\/wp-json\/wp\/v2\/media?parent=31"}],"wp:term":[{"taxonomy":"product_brand","embeddable":true,"href":"https:\/\/www.earsonics.com\/store\/wp-json\/wp\/v2\/product_brand?post=31"},{"taxonomy":"product_cat","embeddable":true,"href":"https:\/\/www.earsonics.com\/store\/wp-json\/wp\/v2\/product_cat?post=31"},{"taxonomy":"product_tag","embeddable":true,"href":"https:\/\/www.earsonics.com\/store\/wp-json\/wp\/v2\/product_tag?post=31"}],"curies":[{"name":"wp","href":"https:\/\/api.w.org\/{rel}","templated":true}]}}