{"id":72608,"date":"2023-07-10T18:56:13","date_gmt":"2023-07-10T16:56:13","guid":{"rendered":"https:\/\/www.earsonics.com\/store\/?post_type=product&#038;p=72608"},"modified":"2023-07-11T14:29:33","modified_gmt":"2023-07-11T12:29:33","slug":"elements","status":"publish","type":"product","link":"https:\/\/www.earsonics.com\/store\/produit\/elements\/","title":{"rendered":"ELEMENTS"},"content":{"rendered":"[boxed_content type=\u00a0\u00bbwhitestroke\u00a0\u00bb pb_margin_bottom=\u00a0\u00bbyes\u00a0\u00bb width=\u00a0\u00bb1\/1&Prime; el_position=\u00a0\u00bbfirst last\u00a0\u00bb]\n<p><strong>CONCEPTION<\/strong><\/p>\n<p>Acquise au fil des ann\u00e9es au travers d\u2019une activit\u00e9 de recherche et d\u00e9veloppement active, notre exp\u00e9rience dans la conception d\u2019\u00e9couteurs haut de gamme nous a conduit \u00e0 revenir aux solutions essentielles pour concevoir un produit audiophile d\u2019exception. Avec comme fer de lance l\u2019utilisation \u00e0 100% de l\u2019acrylique moul\u00e9e en 3D avec une finition \u00e0 la main.<\/p>\n[\/boxed_content] [boxed_content type=\u00a0\u00bbwhitestroke\u00a0\u00bb pb_margin_bottom=\u00a0\u00bbyes\u00a0\u00bb width=\u00a0\u00bb1\/1&Prime; el_position=\u00a0\u00bbfirst last\u00a0\u00bb]\n<p><strong>DESIGN<\/strong><\/p>\n<p><strong>L\u2019\u00e9coute n\u2019a jamais \u00e9t\u00e9 aussi agr\u00e9able.<\/strong><\/p>\n<p>Confort, ergonomie et l\u00e9g\u00e8ret\u00e9 \u00e9taient les points de d\u00e9part pour concevoir les nouvelles coques de l\u2019ELEMENTS. Ce dernier est donc agr\u00e9able \u00e0 porter avec une tr\u00e8s bonne isolation phonique permettant de longues sessions d\u2019\u00e9coute.<br \/>\nLa coque de l\u2019ELEMENTS est enti\u00e8rement r\u00e9alis\u00e9e en acrylique avec une finition unique r\u00e9alis\u00e9e \u00e0 la main avec ses nuances: \u00ab OCEAN \u00bb (bleu), \u00ab FIRE \u00bb (rouge), \u00ab FOREST \u00bb (vert).<\/p>\n[\/boxed_content] [boxed_content type=\u00a0\u00bbwhitestroke\u00a0\u00bb pb_margin_bottom=\u00a0\u00bbyes\u00a0\u00bb width=\u00a0\u00bb1\/1&Prime; el_position=\u00a0\u00bbfirst last\u00a0\u00bb]\n<p><strong>ELECTRONIQUE<\/strong><\/p>\n<p><strong>Puissance, \u00e9quilibre, a\u00e9ration<\/strong><br \/>\nL\u2019ELEMENTS est \u00e9quip\u00e9 de 2 drivers \u00e0 armature \u00e9quilibr\u00e9e par c\u00f4t\u00e9 pr\u00e9c\u00e9demment r\u00e9serv\u00e9s \u00e0 nos mod\u00e8les sur-mesure professionnels. L\u2019addition d\u2019un haut-parleur dynamique suppl\u00e9mentaire pour g\u00e9rer le spectre grave offre une sensation d\u2019a\u00e9ration exceptionnelle et un temps de mont\u00e9e similaire aux casques circum classiques. Nous avons aussi conserv\u00e9 le moteur 3D acrylic utilis\u00e9 sur nos mod\u00e8les m\u00e9talliques apportant une rigueur dans la r\u00e9ponse en fr\u00e9quence et la gestion de la courbe de phase.<\/p>\n[\/boxed_content] [spb_single_image image=\u00a0\u00bb72616&Prime; image_size=\u00a0\u00bbfull\u00a0\u00bb frame=\u00a0\u00bbnoframe\u00a0\u00bb lightbox=\u00a0\u00bbyes\u00a0\u00bb link_target=\u00a0\u00bb_self\u00a0\u00bb fullwidth=\u00a0\u00bbno\u00a0\u00bb width=\u00a0\u00bb1\/3&Prime; el_position=\u00a0\u00bbfirst\u00a0\u00bb][\/spb_single_image] [spb_single_image image=\u00a0\u00bb72617&Prime; image_size=\u00a0\u00bbfull\u00a0\u00bb frame=\u00a0\u00bbnoframe\u00a0\u00bb lightbox=\u00a0\u00bbyes\u00a0\u00bb link_target=\u00a0\u00bb_self\u00a0\u00bb fullwidth=\u00a0\u00bbno\u00a0\u00bb width=\u00a0\u00bb1\/3&Prime;][\/spb_single_image] [spb_single_image image=\u00a0\u00bb72615&Prime; image_size=\u00a0\u00bbfull\u00a0\u00bb frame=\u00a0\u00bbnoframe\u00a0\u00bb lightbox=\u00a0\u00bbyes\u00a0\u00bb link_target=\u00a0\u00bb_self\u00a0\u00bb fullwidth=\u00a0\u00bbno\u00a0\u00bb width=\u00a0\u00bb1\/3&Prime; el_position=\u00a0\u00bblast\u00a0\u00bb][\/spb_single_image]\n","protected":false},"excerpt":{"rendered":"<p>[boxed_content type=\u00a0\u00bbwhitestroke\u00a0\u00bb pb_margin_bottom=\u00a0\u00bbyes\u00a0\u00bb width=\u00a0\u00bb1\/1&Prime; el_position=\u00a0\u00bbfirst last\u00a0\u00bb] CONCEPTION Acquise au fil des ann\u00e9es au travers d\u2019une activit\u00e9 de recherche et d\u00e9veloppement active, notre exp\u00e9rience dans la conception d\u2019\u00e9couteurs haut de gamme nous a conduit \u00e0 revenir aux solutions essentielles pour concevoir un produit audiophile d\u2019exception. Avec comme fer de lance l\u2019utilisation \u00e0 100% de l\u2019acrylique moul\u00e9e en 3D avec une finition [&hellip;]<\/p>\n","protected":false},"featured_media":72609,"comment_status":"open","ping_status":"closed","template":"","meta":[],"product_brand":[],"product_cat":[96,179],"product_tag":[],"class_list":{"0":"post-72608","1":"product","2":"type-product","3":"status-publish","4":"has-post-thumbnail","6":"product_cat-audiophile","7":"product_cat-universels","9":"first","10":"instock","11":"taxable","12":"shipping-taxable","13":"purchasable","14":"product-type-variable"},"_links":{"self":[{"href":"https:\/\/www.earsonics.com\/store\/wp-json\/wp\/v2\/product\/72608","targetHints":{"allow":["GET"]}}],"collection":[{"href":"https:\/\/www.earsonics.com\/store\/wp-json\/wp\/v2\/product"}],"about":[{"href":"https:\/\/www.earsonics.com\/store\/wp-json\/wp\/v2\/types\/product"}],"replies":[{"embeddable":true,"href":"https:\/\/www.earsonics.com\/store\/wp-json\/wp\/v2\/comments?post=72608"}],"wp:featuredmedia":[{"embeddable":true,"href":"https:\/\/www.earsonics.com\/store\/wp-json\/wp\/v2\/media\/72609"}],"wp:attachment":[{"href":"https:\/\/www.earsonics.com\/store\/wp-json\/wp\/v2\/media?parent=72608"}],"wp:term":[{"taxonomy":"product_brand","embeddable":true,"href":"https:\/\/www.earsonics.com\/store\/wp-json\/wp\/v2\/product_brand?post=72608"},{"taxonomy":"product_cat","embeddable":true,"href":"https:\/\/www.earsonics.com\/store\/wp-json\/wp\/v2\/product_cat?post=72608"},{"taxonomy":"product_tag","embeddable":true,"href":"https:\/\/www.earsonics.com\/store\/wp-json\/wp\/v2\/product_tag?post=72608"}],"curies":[{"name":"wp","href":"https:\/\/api.w.org\/{rel}","templated":true}]}}