{"id":73110,"date":"2024-01-19T12:31:38","date_gmt":"2024-01-19T11:31:38","guid":{"rendered":"https:\/\/www.earsonics.com\/store\/?post_type=product&#038;p=73110"},"modified":"2025-11-18T18:19:15","modified_gmt":"2025-11-18T17:19:15","slug":"em96","status":"publish","type":"product","link":"https:\/\/www.earsonics.com\/store\/produit\/em96\/","title":{"rendered":"EM96R"},"content":{"rendered":"[spb_text_block pb_margin_bottom=\u00a0\u00bbno\u00a0\u00bb pb_border_bottom=\u00a0\u00bbno\u00a0\u00bb width=\u00a0\u00bb1\/1&Prime; el_position=\u00a0\u00bbfirst last\u00a0\u00bb]\n<p>-Choisissez parmis les options votre choix de couleur de c\u00e2ble, de in-ears.<br \/>\n-Pour la personnalisation gravure au laser, c\u2019est par ici: <a href=\"https:\/\/www.earsonics.com\/store\/produit\/gravure-laser\/\">GRAVURE LASER<\/a><br \/>\n-Apr\u00e8s votre commande envoyez nous vos empreintes par courrier \u00e0 : EarSonics, Zae Via Domitia, 171 av des gardians 34160 CASTRIES<\/p>\n<p><img loading=\"lazy\" decoding=\"async\" class=\"alignnone size-full wp-image-67391\" src=\"https:\/\/www.earsonics.com\/store\/wp-content\/uploads\/Capture-d\u2019\u00e9cran-2019-01-11-\u00e0-11.06.45.png\" alt=\"\" width=\"2586\" height=\"2564\" srcset=\"https:\/\/www.earsonics.com\/store\/wp-content\/uploads\/Capture-d\u2019\u00e9cran-2019-01-11-\u00e0-11.06.45.png 2586w, https:\/\/www.earsonics.com\/store\/wp-content\/uploads\/Capture-d\u2019\u00e9cran-2019-01-11-\u00e0-11.06.45-300x297.png 300w, https:\/\/www.earsonics.com\/store\/wp-content\/uploads\/Capture-d\u2019\u00e9cran-2019-01-11-\u00e0-11.06.45-100x100.png 100w, https:\/\/www.earsonics.com\/store\/wp-content\/uploads\/Capture-d\u2019\u00e9cran-2019-01-11-\u00e0-11.06.45-600x595.png 600w, https:\/\/www.earsonics.com\/store\/wp-content\/uploads\/Capture-d\u2019\u00e9cran-2019-01-11-\u00e0-11.06.45-768x761.png 768w, https:\/\/www.earsonics.com\/store\/wp-content\/uploads\/Capture-d\u2019\u00e9cran-2019-01-11-\u00e0-11.06.45-1280x1269.png 1280w\" sizes=\"auto, (max-width: 2586px) 100vw, 2586px\" \/><\/p>\n[\/spb_text_block] [boxed_content type=\u00a0\u00bbcoloured\u00a0\u00bb custom_bg_colour=\u00a0\u00bb#FFF\u00a0\u00bb pb_margin_bottom=\u00a0\u00bbno\u00a0\u00bb width=\u00a0\u00bb1\/4&Prime; el_position=\u00a0\u00bbfirst\u00a0\u00bb]\n<h4><strong>SUPER-TWEETER<\/strong><\/h4>\n<h4>L&rsquo;ajout de la technologie exclusive \u00e0 dual super-tweeter offre une nouvelle exp\u00e9rience en terme d&rsquo;extension et de rendu dans les fr\u00e9quences aigus. En r\u00e9sulte une image sonore large sans recourt aux artifices de d\u00e9phasage (utilis\u00e9s par d&rsquo;autres fabricants) qui d\u00e9truisent la coh\u00e9rence sonore du in-ear.<\/h4>\n[\/boxed_content] [boxed_content type=\u00a0\u00bbcoloured\u00a0\u00bb custom_bg_colour=\u00a0\u00bb#FFF\u00a0\u00bb pb_margin_bottom=\u00a0\u00bbno\u00a0\u00bb width=\u00a0\u00bb1\/4&Prime;]\n<h4><strong>TRUEWAVE<\/strong><\/h4>\n<h4>Notre technologie TRUWAVE\u2122 corrige les d\u00e9salignements de phase caus\u00e9s par les points de coupure des diff\u00e9rentes voies basses, m\u00e9dium et aigues du in-ear. En r\u00e9sulte un in-ear avec une courbe de phase parfaite pour une pr\u00e9cision exceptionnelle.<\/h4>\n[\/boxed_content] [boxed_content type=\u00a0\u00bbcoloured\u00a0\u00bb custom_bg_colour=\u00a0\u00bb#FFF\u00a0\u00bb pb_margin_bottom=\u00a0\u00bbno\u00a0\u00bb width=\u00a0\u00bb1\/4&Prime;]\n<h4><strong>\u03a9 CORRECTOR<\/strong><\/h4>\n<h4>Notre technologie de filtre \u00e0 correcteur d&rsquo;imp\u00e9dance offre un maintient de l&rsquo;\u00e9quilibre spectral \u00e0 tous les niveaux d&rsquo;\u00e9coute sonore.<\/h4>\n[\/boxed_content] [boxed_content type=\u00a0\u00bbcoloured\u00a0\u00bb custom_bg_colour=\u00a0\u00bb#FFF\u00a0\u00bb pb_margin_bottom=\u00a0\u00bbno\u00a0\u00bb width=\u00a0\u00bb1\/4&Prime; el_position=\u00a0\u00bblast\u00a0\u00bb]\n<h4><strong>ARCH-BD<\/strong><\/h4>\n<h4>L&rsquo;utilisation d&rsquo;une architecture \u00e0 gros drivers dans la composition de l&rsquo;\u00e9lectronique du in-ear offre un haut niveau d&rsquo;headroom et pr\u00e9serve de toute distortion la retranscription des transitoires \u00e0 tous les niveaux d&rsquo;\u00e9coute.<\/h4>\n[\/boxed_content]\n","protected":false},"excerpt":{"rendered":"<p>[spb_text_block pb_margin_bottom=\u00a0\u00bbno\u00a0\u00bb pb_border_bottom=\u00a0\u00bbno\u00a0\u00bb width=\u00a0\u00bb1\/1&Prime; el_position=\u00a0\u00bbfirst last\u00a0\u00bb] -Choisissez parmis les options votre choix de couleur de c\u00e2ble, de in-ears. -Pour la personnalisation gravure au laser, c\u2019est par ici: GRAVURE LASER -Apr\u00e8s votre commande envoyez nous vos empreintes par courrier \u00e0 : EarSonics, Zae Via Domitia, 171 av des gardians 34160 CASTRIES [\/spb_text_block] [boxed_content type=\u00a0\u00bbcoloured\u00a0\u00bb custom_bg_colour=\u00a0\u00bb#FFF\u00a0\u00bb pb_margin_bottom=\u00a0\u00bbno\u00a0\u00bb width=\u00a0\u00bb1\/4&Prime; el_position=\u00a0\u00bbfirst\u00a0\u00bb] SUPER-TWEETER L&rsquo;ajout de [&hellip;]<\/p>\n","protected":false},"featured_media":73111,"comment_status":"open","ping_status":"closed","template":"","meta":[],"product_brand":[],"product_cat":[178,16],"product_tag":[],"class_list":{"0":"post-73110","1":"product","2":"type-product","3":"status-publish","4":"has-post-thumbnail","6":"product_cat-pro","7":"product_cat-sur-mesure","9":"first","10":"instock","11":"taxable","12":"shipping-taxable","13":"purchasable","14":"product-type-variable"},"_links":{"self":[{"href":"https:\/\/www.earsonics.com\/store\/wp-json\/wp\/v2\/product\/73110","targetHints":{"allow":["GET"]}}],"collection":[{"href":"https:\/\/www.earsonics.com\/store\/wp-json\/wp\/v2\/product"}],"about":[{"href":"https:\/\/www.earsonics.com\/store\/wp-json\/wp\/v2\/types\/product"}],"replies":[{"embeddable":true,"href":"https:\/\/www.earsonics.com\/store\/wp-json\/wp\/v2\/comments?post=73110"}],"wp:featuredmedia":[{"embeddable":true,"href":"https:\/\/www.earsonics.com\/store\/wp-json\/wp\/v2\/media\/73111"}],"wp:attachment":[{"href":"https:\/\/www.earsonics.com\/store\/wp-json\/wp\/v2\/media?parent=73110"}],"wp:term":[{"taxonomy":"product_brand","embeddable":true,"href":"https:\/\/www.earsonics.com\/store\/wp-json\/wp\/v2\/product_brand?post=73110"},{"taxonomy":"product_cat","embeddable":true,"href":"https:\/\/www.earsonics.com\/store\/wp-json\/wp\/v2\/product_cat?post=73110"},{"taxonomy":"product_tag","embeddable":true,"href":"https:\/\/www.earsonics.com\/store\/wp-json\/wp\/v2\/product_tag?post=73110"}],"curies":[{"name":"wp","href":"https:\/\/api.w.org\/{rel}","templated":true}]}}