{"id":75050,"date":"2025-11-03T20:56:01","date_gmt":"2025-11-03T19:56:01","guid":{"rendered":"https:\/\/www.earsonics.com\/store\/?post_type=product&#038;p=75050"},"modified":"2025-11-03T21:13:14","modified_gmt":"2025-11-03T20:13:14","slug":"s-96r","status":"publish","type":"product","link":"https:\/\/www.earsonics.com\/store\/produit\/s-96r\/","title":{"rendered":"S-96R"},"content":{"rendered":"[boxed_content type=\u00a0\u00bbwhitestroke\u00a0\u00bb pb_margin_bottom=\u00a0\u00bbyes\u00a0\u00bb width=\u00a0\u00bb1\/1&Prime; el_position=\u00a0\u00bbfirst last\u00a0\u00bb]\n<h3><strong>Super-tweeters exclusifs <\/strong><\/h3>\n<h5><strong>Premier intra universel d\u2019EarSonics \u00e0 inclure une technologie exclusive de dual super-tweeter. Gr\u00e2ce \u00e0 cette derni\u00e8re, le S-96R d\u00e9livre une r\u00e9ponse en fr\u00e9quence aigu qui s\u2019\u00e9tend jusqu\u2019\u00e0 25 khz sans avoir recourt \u00e0 des composants actifs.<\/strong><\/h5>\n[\/boxed_content] [boxed_content type=\u00a0\u00bbwhitestroke\u00a0\u00bb pb_margin_bottom=\u00a0\u00bbyes\u00a0\u00bb width=\u00a0\u00bb1\/1&Prime; el_position=\u00a0\u00bbfirst last\u00a0\u00bb]\n<h2><strong>DESIGN<\/strong><\/h2>\n<h3 style=\"font-weight: 400;\"><strong>Enti\u00e8rement r\u00e9alis\u00e9 \u00e0 la main. <\/strong><\/h3>\n<h5 style=\"font-weight: 400;\"><strong>Processus rigoureux de fabrication identique \u00e0 nos r\u00e9alisations destin\u00e9es aux plus grands artistes et musiciens.<\/strong><\/h5>\n[\/boxed_content] [boxed_content type=\u00a0\u00bbwhitestroke\u00a0\u00bb pb_margin_bottom=\u00a0\u00bbyes\u00a0\u00bb width=\u00a0\u00bb1\/1&Prime; el_position=\u00a0\u00bbfirst last\u00a0\u00bb]\n<h2><strong>ELECTRONIQUE<\/strong><\/h2>\n<h3 style=\"font-weight: 400;\"><strong>3 WAY \/ 4 DRIVERS + 2 ST<\/strong><\/h3>\n<h5><strong>La signature sonore du S-96R n\u2019est pas sans rappeler celle d\u2019une paire d\u2019\u00e9coute monitoring studio de haute d\u00e9finition. Une r\u00e9ponse en fr\u00e9quence quasi parfaite et le respect absolu de la phase sont les ma\u00eetres mots qui caract\u00e9risent le mieux le S-96R. L\u2019ajout des supertweeters quant \u00e0 lui, offre une image st\u00e9r\u00e9o tout en largeur avec une sensation d\u2019air exceptionnelle.<\/strong><\/h5>\n[\/boxed_content] [spb_single_image image=\u00a0\u00bb75054&Prime; image_size=\u00a0\u00bbfull\u00a0\u00bb frame=\u00a0\u00bbnoframe\u00a0\u00bb lightbox=\u00a0\u00bbyes\u00a0\u00bb link_target=\u00a0\u00bb_self\u00a0\u00bb fullwidth=\u00a0\u00bbno\u00a0\u00bb width=\u00a0\u00bb1\/3&Prime; el_position=\u00a0\u00bbfirst\u00a0\u00bb][\/spb_single_image] [spb_single_image image=\u00a0\u00bb75056&Prime; image_size=\u00a0\u00bbfull\u00a0\u00bb frame=\u00a0\u00bbnoframe\u00a0\u00bb lightbox=\u00a0\u00bbyes\u00a0\u00bb link_target=\u00a0\u00bb_self\u00a0\u00bb fullwidth=\u00a0\u00bbno\u00a0\u00bb width=\u00a0\u00bb1\/3&Prime;][\/spb_single_image] [spb_single_image image=\u00a0\u00bb75055&Prime; image_size=\u00a0\u00bbfull\u00a0\u00bb frame=\u00a0\u00bbnoframe\u00a0\u00bb lightbox=\u00a0\u00bbyes\u00a0\u00bb link_target=\u00a0\u00bb_self\u00a0\u00bb fullwidth=\u00a0\u00bbno\u00a0\u00bb width=\u00a0\u00bb1\/3&Prime; el_position=\u00a0\u00bblast\u00a0\u00bb][\/spb_single_image]\n","protected":false},"excerpt":{"rendered":"<p>[boxed_content type=\u00a0\u00bbwhitestroke\u00a0\u00bb pb_margin_bottom=\u00a0\u00bbyes\u00a0\u00bb width=\u00a0\u00bb1\/1&Prime; el_position=\u00a0\u00bbfirst last\u00a0\u00bb] Super-tweeters exclusifs Premier intra universel d\u2019EarSonics \u00e0 inclure une technologie exclusive de dual super-tweeter. Gr\u00e2ce \u00e0 cette derni\u00e8re, le S-96R d\u00e9livre une r\u00e9ponse en fr\u00e9quence aigu qui s\u2019\u00e9tend jusqu\u2019\u00e0 25 khz sans avoir recourt \u00e0 des composants actifs. [\/boxed_content] [boxed_content type=\u00a0\u00bbwhitestroke\u00a0\u00bb pb_margin_bottom=\u00a0\u00bbyes\u00a0\u00bb width=\u00a0\u00bb1\/1&Prime; el_position=\u00a0\u00bbfirst last\u00a0\u00bb] DESIGN Enti\u00e8rement r\u00e9alis\u00e9 \u00e0 la main. Processus rigoureux de [&hellip;]<\/p>\n","protected":false},"featured_media":75057,"comment_status":"open","ping_status":"closed","template":"","meta":[],"product_brand":[],"product_cat":[96,179],"product_tag":[],"class_list":{"0":"post-75050","1":"product","2":"type-product","3":"status-publish","4":"has-post-thumbnail","6":"product_cat-audiophile","7":"product_cat-universels","9":"first","10":"instock","11":"taxable","12":"shipping-taxable","13":"purchasable","14":"product-type-simple"},"_links":{"self":[{"href":"https:\/\/www.earsonics.com\/store\/wp-json\/wp\/v2\/product\/75050","targetHints":{"allow":["GET"]}}],"collection":[{"href":"https:\/\/www.earsonics.com\/store\/wp-json\/wp\/v2\/product"}],"about":[{"href":"https:\/\/www.earsonics.com\/store\/wp-json\/wp\/v2\/types\/product"}],"replies":[{"embeddable":true,"href":"https:\/\/www.earsonics.com\/store\/wp-json\/wp\/v2\/comments?post=75050"}],"wp:featuredmedia":[{"embeddable":true,"href":"https:\/\/www.earsonics.com\/store\/wp-json\/wp\/v2\/media\/75057"}],"wp:attachment":[{"href":"https:\/\/www.earsonics.com\/store\/wp-json\/wp\/v2\/media?parent=75050"}],"wp:term":[{"taxonomy":"product_brand","embeddable":true,"href":"https:\/\/www.earsonics.com\/store\/wp-json\/wp\/v2\/product_brand?post=75050"},{"taxonomy":"product_cat","embeddable":true,"href":"https:\/\/www.earsonics.com\/store\/wp-json\/wp\/v2\/product_cat?post=75050"},{"taxonomy":"product_tag","embeddable":true,"href":"https:\/\/www.earsonics.com\/store\/wp-json\/wp\/v2\/product_tag?post=75050"}],"curies":[{"name":"wp","href":"https:\/\/api.w.org\/{rel}","templated":true}]}}